{"id":84471,"date":"2021-02-21T20:35:49","date_gmt":"2021-02-21T20:35:49","guid":{"rendered":"https:\/\/www.autonvaraosahaku.fi\/?product=topran-103-514-tiivisteet"},"modified":"2021-02-21T20:35:50","modified_gmt":"2021-02-21T20:35:50","slug":"topran-103-514-tiivisteet","status":"publish","type":"product","link":"https:\/\/www.autonvaraosahaku.fi\/?product=topran-103-514-tiivisteet","title":{"rendered":"TOPRAN 103 514 Tiivisteet"},"content":{"rendered":"<p>Asennuspuoli: Taka-akseli, molemminpuolinen; Korkeus (mm): 7,5; Sis\u00e4l\u00e4pimitta [mm]: 40; Ulkol\u00e4pimitta 1 [mm]: 52; Ulkol\u00e4pimitta 2 [mm]: 58; Materiaali: NBR (nitriili-butadi-kumi); Suojavaippa: Suojakumilla; Moottorinumero: YJ; VW: GOLF III 1H1,POLO 6N1,GOLF II 19E, 1G1,PASSAT Variant 3A5, 35I,GOLF III Variant 1H5,POLO 86C, 80,POLO Coupe 86C, 80,PASSAT 3A2, 35I,CADDY II Kasten 9K9A,POLO CLASSIC 6KV2,VENTO 1H2,GOLF I 17,JETTA II 19E, 1G2, 165,PASSAT Variant 32B,POLO CLASSIC 86C, 80,CADDY II Kombi 9K9B,PASSAT 32B,POLO 86,CADDY II Pick-up 9U7,JETTA I 16,PASSAT Variant 33; AUDI: 80 89, 89Q, 8A, B3,100 4A, C4,100 44, 44Q, C3,80 81, 85, B2,100 Avant 4A, C4,90 89, 89Q, 8A, B3,80 80, 82, B1,90 81, 85, B2,100 43, C2; SKODA: FELICIA I 6U1,FELICIA I Fun 797,FELICIA II Kombi 6U5; SEAT: AROSA 6H,IBIZA II 6K1,CORDOBA 6K1, 6K2,CORDOBA Vario 6K1,TOLEDO I 1L,INCA 6K9; 321501641, 357501641, 357501641B, 321501641, 357501641, 357501641B, 321501641, 357501641, 357501641B, 321501641, 357501641, 357501641B<\/p>\n","protected":false},"excerpt":{"rendered":"<p>TOPRAN \u00d6ljylukko, Py\u00f6r\u00e4nlaakeri 103 514  VW,AUDI,SKODA,GOLF III 1H1,POLO 6N1,GOLF II 19E, 1G1,PASSAT Variant 3A5, 35I,GOLF III Variant 1H5<\/p>\n","protected":false},"featured_media":0,"template":"","meta":{"site-sidebar-layout":"default","site-content-layout":"default","ast-global-header-display":"","ast-main-header-display":"","ast-hfb-above-header-display":"","ast-hfb-below-header-display":"","ast-hfb-mobile-header-display":"","site-post-title":"","ast-breadcrumbs-content":"","ast-featured-img":"","footer-sml-layout":"","theme-transparent-header-meta":"","adv-header-id-meta":"","stick-header-meta":"","header-above-stick-meta":"","header-main-stick-meta":"","header-below-stick-meta":""},"pwb-brand":[18],"product_cat":[27],"product_tag":[],"class_list":{"0":"post-84471","1":"product","2":"type-product","3":"status-publish","5":"pwb-brand-topran","6":"product_cat-tiivisteet","7":"desktop-align-left","8":"tablet-align-left","9":"mobile-align-left","11":"first","12":"instock","13":"product-type-external"},"brands":[{"id":18,"name":"TOPRAN","slug":"topran"}],"_links":{"self":[{"href":"https:\/\/www.autonvaraosahaku.fi\/index.php?rest_route=\/wp\/v2\/product\/84471","targetHints":{"allow":["GET"]}}],"collection":[{"href":"https:\/\/www.autonvaraosahaku.fi\/index.php?rest_route=\/wp\/v2\/product"}],"about":[{"href":"https:\/\/www.autonvaraosahaku.fi\/index.php?rest_route=\/wp\/v2\/types\/product"}],"wp:attachment":[{"href":"https:\/\/www.autonvaraosahaku.fi\/index.php?rest_route=%2Fwp%2Fv2%2Fmedia&parent=84471"}],"wp:term":[{"taxonomy":"pwb-brand","embeddable":true,"href":"https:\/\/www.autonvaraosahaku.fi\/index.php?rest_route=%2Fwp%2Fv2%2Fpwb-brand&post=84471"},{"taxonomy":"product_cat","embeddable":true,"href":"https:\/\/www.autonvaraosahaku.fi\/index.php?rest_route=%2Fwp%2Fv2%2Fproduct_cat&post=84471"},{"taxonomy":"product_tag","embeddable":true,"href":"https:\/\/www.autonvaraosahaku.fi\/index.php?rest_route=%2Fwp%2Fv2%2Fproduct_tag&post=84471"}],"curies":[{"name":"wp","href":"https:\/\/api.w.org\/{rel}","templated":true}]}}