{"id":84500,"date":"2021-02-21T20:35:57","date_gmt":"2021-02-21T20:35:57","guid":{"rendered":"https:\/\/www.autonvaraosahaku.fi\/?product=topran-100-083-tiivisteet"},"modified":"2021-02-21T20:36:00","modified_gmt":"2021-02-21T20:36:00","slug":"topran-100-083-tiivisteet","status":"publish","type":"product","link":"https:\/\/www.autonvaraosahaku.fi\/?product=topran-100-083-tiivisteet","title":{"rendered":"TOPRAN 100 083 Tiivisteet"},"content":{"rendered":"<p>Korkeus (mm): 8; Sis\u00e4l\u00e4pimitta [mm]: 23,9; Ulkol\u00e4pimitta [mm]: 40; Materiaali: ACM (polyakryyli-kautsu); Rihlamalli: Oikea kierre; Suojavaippa: Suojakumilla; Moottorinumero: 2E; VW: GOLF IV 1J1,GOLF III 1H1,GOLF IV Variant 1J5,GOLF II 19E, 1G1,BORA 1J2,BORA Kombi 1J6,GOLF III Variant 1H5,POLO CLASSIC 6KV2,VENTO 1H2,JETTA II 19E, 1G2, 165; AUDI: A3 8L1; SKODA: OCTAVIA Combi 1U5,OCTAVIA 1U2; SEAT: LEON 1M1,IBIZA II 6K1,TOLEDO II 1M2,CORDOBA 6K1, 6K2,TOLEDO I 1L; 020311113B, 020311113B, 020311113B, 020311113B<\/p>\n","protected":false},"excerpt":{"rendered":"<p>TOPRAN Rengastiiviste, Vetoakseli 100 083  VW,AUDI,SKODA,GOLF IV 1J1,GOLF III 1H1,GOLF IV Variant 1J5,GOLF II 19E, 1G1,BORA 1J2,BORA Kombi 1J6<\/p>\n","protected":false},"featured_media":0,"template":"","meta":{"site-sidebar-layout":"default","site-content-layout":"default","ast-global-header-display":"","ast-main-header-display":"","ast-hfb-above-header-display":"","ast-hfb-below-header-display":"","ast-hfb-mobile-header-display":"","site-post-title":"","ast-breadcrumbs-content":"","ast-featured-img":"","footer-sml-layout":"","theme-transparent-header-meta":"","adv-header-id-meta":"","stick-header-meta":"","header-above-stick-meta":"","header-main-stick-meta":"","header-below-stick-meta":""},"pwb-brand":[18],"product_cat":[27],"product_tag":[],"class_list":{"0":"post-84500","1":"product","2":"type-product","3":"status-publish","5":"pwb-brand-topran","6":"product_cat-tiivisteet","7":"desktop-align-left","8":"tablet-align-left","9":"mobile-align-left","11":"first","12":"instock","13":"product-type-external"},"brands":[{"id":18,"name":"TOPRAN","slug":"topran"}],"_links":{"self":[{"href":"https:\/\/www.autonvaraosahaku.fi\/index.php?rest_route=\/wp\/v2\/product\/84500","targetHints":{"allow":["GET"]}}],"collection":[{"href":"https:\/\/www.autonvaraosahaku.fi\/index.php?rest_route=\/wp\/v2\/product"}],"about":[{"href":"https:\/\/www.autonvaraosahaku.fi\/index.php?rest_route=\/wp\/v2\/types\/product"}],"wp:attachment":[{"href":"https:\/\/www.autonvaraosahaku.fi\/index.php?rest_route=%2Fwp%2Fv2%2Fmedia&parent=84500"}],"wp:term":[{"taxonomy":"pwb-brand","embeddable":true,"href":"https:\/\/www.autonvaraosahaku.fi\/index.php?rest_route=%2Fwp%2Fv2%2Fpwb-brand&post=84500"},{"taxonomy":"product_cat","embeddable":true,"href":"https:\/\/www.autonvaraosahaku.fi\/index.php?rest_route=%2Fwp%2Fv2%2Fproduct_cat&post=84500"},{"taxonomy":"product_tag","embeddable":true,"href":"https:\/\/www.autonvaraosahaku.fi\/index.php?rest_route=%2Fwp%2Fv2%2Fproduct_tag&post=84500"}],"curies":[{"name":"wp","href":"https:\/\/api.w.org\/{rel}","templated":true}]}}