{"id":84503,"date":"2021-02-21T20:35:57","date_gmt":"2021-02-21T20:35:57","guid":{"rendered":"https:\/\/www.autonvaraosahaku.fi\/?product=sachs-performance-883089-000052-kytkinpaketti"},"modified":"2021-02-21T20:36:01","modified_gmt":"2021-02-21T20:36:01","slug":"sachs-performance-883089-000052-kytkinpaketti","status":"publish","type":"product","link":"https:\/\/www.autonvaraosahaku.fi\/?product=sachs-performance-883089-000052-kytkinpaketti","title":{"rendered":"SACHS PERFORMANCE 883089 000052 Kytkinpaketti"},"content":{"rendered":"<p>L\u00e4pimitta [mm]: 240; Napaprofiili: 21,8 x 24,2 &#8211; 23; Suurin v\u00e4\u00e4nt\u00f6momentti [Nm]: 530; Hammasluku: 23; Kytkin: Autoihin, joissa yksilevykytkin; Asennusmalli: ei esiasennettu; Tuotelinja: Performance; Tuning: 1; Moottorinumero: ANU; VW: GOLF IV 1J1,POLO 9N_,GOLF IV Variant 1J5,SHARAN 7M8, 7M9, 7M6,BORA 1J2,NEW BEETLE 9C1, 1C1,BORA Kombi 1J6; AUDI: A3 8L1,TT 8N3,TT Roadster 8N9; SKODA: FABIA 6Y2,OCTAVIA Combi 1U5,OCTAVIA 1U2; SEAT: IBIZA IV 6L1,IBIZA V 6J5, 6P5,LEON 1M1,ALHAMBRA 7V8, 7V9,TOLEDO II 1M2,IBIZA V SPORTCOUPE 6J1, 6P1,CORDOBA 6L2; FORD: GALAXY WGR; Kytkinsarja<\/p>\n","protected":false},"excerpt":{"rendered":"<p>SACHS PERFORMANCE Kytkinpaketti 883089 000052 Kytkinsarja VW,AUDI,SKODA,GOLF IV 1J1,POLO 9N_,GOLF IV Variant 1J5,SHARAN 7M8, 7M9, 7M6,BORA 1J2<\/p>\n","protected":false},"featured_media":0,"template":"","meta":{"site-sidebar-layout":"default","site-content-layout":"default","ast-global-header-display":"","ast-main-header-display":"","ast-hfb-above-header-display":"","ast-hfb-below-header-display":"","ast-hfb-mobile-header-display":"","site-post-title":"","ast-breadcrumbs-content":"","ast-featured-img":"","footer-sml-layout":"","theme-transparent-header-meta":"","adv-header-id-meta":"","stick-header-meta":"","header-above-stick-meta":"","header-main-stick-meta":"","header-below-stick-meta":""},"pwb-brand":[514],"product_cat":[21],"product_tag":[],"class_list":{"0":"post-84503","1":"product","2":"type-product","3":"status-publish","5":"pwb-brand-sachs-performance","6":"product_cat-kytkinpaketti","7":"desktop-align-left","8":"tablet-align-left","9":"mobile-align-left","11":"first","12":"instock","13":"product-type-external"},"brands":[{"id":514,"name":"SACHS PERFORMANCE","slug":"sachs-performance"}],"_links":{"self":[{"href":"https:\/\/www.autonvaraosahaku.fi\/index.php?rest_route=\/wp\/v2\/product\/84503","targetHints":{"allow":["GET"]}}],"collection":[{"href":"https:\/\/www.autonvaraosahaku.fi\/index.php?rest_route=\/wp\/v2\/product"}],"about":[{"href":"https:\/\/www.autonvaraosahaku.fi\/index.php?rest_route=\/wp\/v2\/types\/product"}],"wp:attachment":[{"href":"https:\/\/www.autonvaraosahaku.fi\/index.php?rest_route=%2Fwp%2Fv2%2Fmedia&parent=84503"}],"wp:term":[{"taxonomy":"pwb-brand","embeddable":true,"href":"https:\/\/www.autonvaraosahaku.fi\/index.php?rest_route=%2Fwp%2Fv2%2Fpwb-brand&post=84503"},{"taxonomy":"product_cat","embeddable":true,"href":"https:\/\/www.autonvaraosahaku.fi\/index.php?rest_route=%2Fwp%2Fv2%2Fproduct_cat&post=84503"},{"taxonomy":"product_tag","embeddable":true,"href":"https:\/\/www.autonvaraosahaku.fi\/index.php?rest_route=%2Fwp%2Fv2%2Fproduct_tag&post=84503"}],"curies":[{"name":"wp","href":"https:\/\/api.w.org\/{rel}","templated":true}]}}