{"id":8451,"date":"2021-02-21T14:03:05","date_gmt":"2021-02-21T14:03:05","guid":{"rendered":"https:\/\/www.autonvaraosahaku.fi\/?product=tedgum-00055263-muut-luokat"},"modified":"2021-02-21T14:03:06","modified_gmt":"2021-02-21T14:03:06","slug":"tedgum-00055263-muut-luokat","status":"publish","type":"product","link":"https:\/\/www.autonvaraosahaku.fi\/?product=tedgum-00055263-muut-luokat","title":{"rendered":"TEDGUM 00055263 Muut luokat"},"content":{"rendered":"<p>Kiinnitysmalli: Kumimetallilaakeri; Materiaali: Kumi-metalli; Tarvittava kappalem\u00e4\u00e4r\u00e4: 1, 1; Korvaava tuote\/korvaava tiedote 2: Kuulalaakerilla; Sis\u00e4l\u00e4pimitta [mm]: 30; Laatu: FAG; AUDI: A6 Avant 4B5, C5,A6 4B2, C5; 4A0521101B<\/p>\n","protected":false},"excerpt":{"rendered":"<p>TEDGUM Ripustus, Kardaaniakseli 00055263  AUDI,A6 Avant 4B5, C5,A6 4B2, C5<\/p>\n","protected":false},"featured_media":0,"template":"","meta":{"site-sidebar-layout":"default","site-content-layout":"default","ast-global-header-display":"","ast-main-header-display":"","ast-hfb-above-header-display":"","ast-hfb-below-header-display":"","ast-hfb-mobile-header-display":"","site-post-title":"","ast-breadcrumbs-content":"","ast-featured-img":"","footer-sml-layout":"","theme-transparent-header-meta":"","adv-header-id-meta":"","stick-header-meta":"","header-above-stick-meta":"","header-main-stick-meta":"","header-below-stick-meta":""},"pwb-brand":[155],"product_cat":[37],"product_tag":[],"class_list":{"0":"post-8451","1":"product","2":"type-product","3":"status-publish","5":"pwb-brand-tedgum","6":"product_cat-muut-luokat","7":"desktop-align-left","8":"tablet-align-left","9":"mobile-align-left","11":"first","12":"instock","13":"product-type-external"},"brands":[{"id":155,"name":"TEDGUM","slug":"tedgum"}],"_links":{"self":[{"href":"https:\/\/www.autonvaraosahaku.fi\/index.php?rest_route=\/wp\/v2\/product\/8451","targetHints":{"allow":["GET"]}}],"collection":[{"href":"https:\/\/www.autonvaraosahaku.fi\/index.php?rest_route=\/wp\/v2\/product"}],"about":[{"href":"https:\/\/www.autonvaraosahaku.fi\/index.php?rest_route=\/wp\/v2\/types\/product"}],"wp:attachment":[{"href":"https:\/\/www.autonvaraosahaku.fi\/index.php?rest_route=%2Fwp%2Fv2%2Fmedia&parent=8451"}],"wp:term":[{"taxonomy":"pwb-brand","embeddable":true,"href":"https:\/\/www.autonvaraosahaku.fi\/index.php?rest_route=%2Fwp%2Fv2%2Fpwb-brand&post=8451"},{"taxonomy":"product_cat","embeddable":true,"href":"https:\/\/www.autonvaraosahaku.fi\/index.php?rest_route=%2Fwp%2Fv2%2Fproduct_cat&post=8451"},{"taxonomy":"product_tag","embeddable":true,"href":"https:\/\/www.autonvaraosahaku.fi\/index.php?rest_route=%2Fwp%2Fv2%2Fproduct_tag&post=8451"}],"curies":[{"name":"wp","href":"https:\/\/api.w.org\/{rel}","templated":true}]}}