{"id":84525,"date":"2021-02-21T20:36:04","date_gmt":"2021-02-21T20:36:04","guid":{"rendered":"https:\/\/www.autonvaraosahaku.fi\/?product=metelli-05-0044-jarrupaasylinteri"},"modified":"2021-02-21T20:36:10","modified_gmt":"2021-02-21T20:36:10","slug":"metelli-05-0044-jarrupaasylinteri","status":"publish","type":"product","link":"https:\/\/www.autonvaraosahaku.fi\/?product=metelli-05-0044-jarrupaasylinteri","title":{"rendered":"METELLI 05-0044 Jarrup\u00e4\u00e4sylinteri"},"content":{"rendered":"<p>Materiaali: Valurauta; L\u00e4pimitta 1\/l\u00e4pimitta 2 [mm]: 20,64; Jarru-\/ajodynamiikka: f\u00fcr Fahrzeuge ohne ABS; LANCIA: Y 840A,DEDRA 835,DEDRA SW 835; FIAT: PUNTO 176,PUNTO Cabriolet 176C,TIPO 160,TEMPRA 159,PUNTO Van 176L,TEMPRA S.W. 159; 71738444, 71738446, 7767150, 793266, 795621, 9947098, 71738446, 7767150, 793266, 795621, 9947098<\/p>\n","protected":false},"excerpt":{"rendered":"<p>METELLI Jarrup\u00e4\u00e4sylinteri 05-0044  LANCIA,FIAT,Y 840A,DEDRA 835,DEDRA SW 835,PUNTO 176,PUNTO Cabriolet 176C,TIPO 160,TEMPRA 159,PUNTO Van 176L<\/p>\n","protected":false},"featured_media":0,"template":"","meta":{"site-sidebar-layout":"default","site-content-layout":"default","ast-global-header-display":"","ast-main-header-display":"","ast-hfb-above-header-display":"","ast-hfb-below-header-display":"","ast-hfb-mobile-header-display":"","site-post-title":"","ast-breadcrumbs-content":"","ast-featured-img":"","footer-sml-layout":"","theme-transparent-header-meta":"","adv-header-id-meta":"","stick-header-meta":"","header-above-stick-meta":"","header-main-stick-meta":"","header-below-stick-meta":""},"pwb-brand":[251],"product_cat":[276],"product_tag":[],"class_list":{"0":"post-84525","1":"product","2":"type-product","3":"status-publish","5":"pwb-brand-metelli","6":"product_cat-jarrupaasylinteri","7":"desktop-align-left","8":"tablet-align-left","9":"mobile-align-left","11":"first","12":"instock","13":"product-type-external"},"brands":[{"id":251,"name":"METELLI","slug":"metelli"}],"_links":{"self":[{"href":"https:\/\/www.autonvaraosahaku.fi\/index.php?rest_route=\/wp\/v2\/product\/84525","targetHints":{"allow":["GET"]}}],"collection":[{"href":"https:\/\/www.autonvaraosahaku.fi\/index.php?rest_route=\/wp\/v2\/product"}],"about":[{"href":"https:\/\/www.autonvaraosahaku.fi\/index.php?rest_route=\/wp\/v2\/types\/product"}],"wp:attachment":[{"href":"https:\/\/www.autonvaraosahaku.fi\/index.php?rest_route=%2Fwp%2Fv2%2Fmedia&parent=84525"}],"wp:term":[{"taxonomy":"pwb-brand","embeddable":true,"href":"https:\/\/www.autonvaraosahaku.fi\/index.php?rest_route=%2Fwp%2Fv2%2Fpwb-brand&post=84525"},{"taxonomy":"product_cat","embeddable":true,"href":"https:\/\/www.autonvaraosahaku.fi\/index.php?rest_route=%2Fwp%2Fv2%2Fproduct_cat&post=84525"},{"taxonomy":"product_tag","embeddable":true,"href":"https:\/\/www.autonvaraosahaku.fi\/index.php?rest_route=%2Fwp%2Fv2%2Fproduct_tag&post=84525"}],"curies":[{"name":"wp","href":"https:\/\/api.w.org\/{rel}","templated":true}]}}