{"id":84531,"date":"2021-02-21T20:36:12","date_gmt":"2021-02-21T20:36:12","guid":{"rendered":"https:\/\/www.autonvaraosahaku.fi\/?product=calorstat-by-vernet-ts6840-lampokytkin-jaahdyttimen-puhallin"},"modified":"2021-02-21T20:36:13","modified_gmt":"2021-02-21T20:36:13","slug":"calorstat-by-vernet-ts6840-lampokytkin-jaahdyttimen-puhallin","status":"publish","type":"product","link":"https:\/\/www.autonvaraosahaku.fi\/?product=calorstat-by-vernet-ts6840-lampokytkin-jaahdyttimen-puhallin","title":{"rendered":"CALORSTAT by Vernet TS6840 L\u00e4mp\u00f6kytkin j\u00e4\u00e4hdyttimen puhallin"},"content":{"rendered":"<p>Katkaisupiste (\u00b0C): 79; Kierremitta: M22x1.5; Teknisten tietojen numero: Circuit N.O.; Valmistusvuosi alkaen: 10\/1978; SKODA: FELICIA I 6U1,FELICIA II 6U1,FELICIA I Fun 797,FELICIA I Kombi 6U5,FELICIA II Kombi 6U5,FAVORIT 781,FAVORIT Forman 785,FAVORIT Pick-up 787; FIAT: 132; CITRO\u00cbN: BX XB-_,CX I MA,BX Break XB-_,C15 VD-_,VISA Cabriolet,CX I Break MA,C15 Kombi; PEUGEOT: 205 II 20A\/C,205 I Cabriolet 741B, 20D,309 II 3C, 3A,205 I 741A\/C,304 Cabriolet _04B_,309 I 10C, 10A,505 551A,104,305 II 581M,505 Break 551D,604 561A_,304 _04M_,104 Coupe,305 II Break 581E,305 I 581A,304 Coupe _04C_,304 Break _04D_,305 I Break 581D; ALPINE: A310; TALBOT: SAMBA Cabriolet 51E,SAMBA 51A; 83GB8B607A2B, 6000056901, 7700268560, 7700613658, 7700622754, 7700634517, 7700640353, 7700646484, 7701348194, 7701349765, 5000785737, 115095070, 126414, 30775C, 55289100, 7010010888<\/p>\n","protected":false},"excerpt":{"rendered":"<p>CALORSTAT by Vernet L\u00e4mp\u00f6kytkin J\u00e4\u00e4hdyttimen Puhallin TS6840  SKODA,FIAT,CITRO\u00cbN,FELICIA I 6U1,FELICIA II 6U1,FELICIA I Fun 797,FELICIA I Kombi 6U5<\/p>\n","protected":false},"featured_media":0,"template":"","meta":{"site-sidebar-layout":"default","site-content-layout":"default","ast-global-header-display":"","ast-main-header-display":"","ast-hfb-above-header-display":"","ast-hfb-below-header-display":"","ast-hfb-mobile-header-display":"","site-post-title":"","ast-breadcrumbs-content":"","ast-featured-img":"","footer-sml-layout":"","theme-transparent-header-meta":"","adv-header-id-meta":"","stick-header-meta":"","header-above-stick-meta":"","header-main-stick-meta":"","header-below-stick-meta":""},"pwb-brand":[343],"product_cat":[290],"product_tag":[],"class_list":{"0":"post-84531","1":"product","2":"type-product","3":"status-publish","5":"pwb-brand-calorstat-by-vernet","6":"product_cat-lampokytkin-jaahdyttimen-puhallin","7":"desktop-align-left","8":"tablet-align-left","9":"mobile-align-left","11":"first","12":"instock","13":"product-type-external"},"brands":[{"id":343,"name":"CALORSTAT by Vernet","slug":"calorstat-by-vernet"}],"_links":{"self":[{"href":"https:\/\/www.autonvaraosahaku.fi\/index.php?rest_route=\/wp\/v2\/product\/84531","targetHints":{"allow":["GET"]}}],"collection":[{"href":"https:\/\/www.autonvaraosahaku.fi\/index.php?rest_route=\/wp\/v2\/product"}],"about":[{"href":"https:\/\/www.autonvaraosahaku.fi\/index.php?rest_route=\/wp\/v2\/types\/product"}],"wp:attachment":[{"href":"https:\/\/www.autonvaraosahaku.fi\/index.php?rest_route=%2Fwp%2Fv2%2Fmedia&parent=84531"}],"wp:term":[{"taxonomy":"pwb-brand","embeddable":true,"href":"https:\/\/www.autonvaraosahaku.fi\/index.php?rest_route=%2Fwp%2Fv2%2Fpwb-brand&post=84531"},{"taxonomy":"product_cat","embeddable":true,"href":"https:\/\/www.autonvaraosahaku.fi\/index.php?rest_route=%2Fwp%2Fv2%2Fproduct_cat&post=84531"},{"taxonomy":"product_tag","embeddable":true,"href":"https:\/\/www.autonvaraosahaku.fi\/index.php?rest_route=%2Fwp%2Fv2%2Fproduct_tag&post=84531"}],"curies":[{"name":"wp","href":"https:\/\/api.w.org\/{rel}","templated":true}]}}