{"id":84536,"date":"2021-02-21T20:36:12","date_gmt":"2021-02-21T20:36:12","guid":{"rendered":"https:\/\/www.autonvaraosahaku.fi\/?product=valeo-715289-lammityslaitteen-puhaltimen-vastus"},"modified":"2021-02-21T20:36:15","modified_gmt":"2021-02-21T20:36:15","slug":"valeo-715289-lammityslaitteen-puhaltimen-vastus","status":"publish","type":"product","link":"https:\/\/www.autonvaraosahaku.fi\/?product=valeo-715289-lammityslaitteen-puhaltimen-vastus","title":{"rendered":"VALEO 715289 L\u00e4mmityslaitteen puhaltimen vastus"},"content":{"rendered":"<p>Varusteet: Autoihin, joissa ilmastointi; K\u00e4ytt\u00f6: Elektroninen; Paino [kg]: 0,21; Valmistusvuosi alkaen: 05\/2016; VW: GOLF VII 5G1, BE1,UP,GOLF VII Kombi BA5,PASSAT Variant 3G5,GOLF SPORTSVAN AM1,TOURAN,TIGUAN AD1,PASSAT 3G2,PASSAT ALLTRACK 3G5,T-ROC A11,CRAFTER Kasten SY_,ARTEON 3H7,TIGUAN ALLSPACE BW2,GOLF ALLTRACK BA5,CRAFTER Bus SY_,CRAFTER Pritsche\/Fahrgestell SZ_; AUDI: A3 Sportback 8VA,A3 Limousine 8VS,A3 8V1,A3 Cabriolet 8V7,TT FV3,Q2 GA,TT Roadster FV9; SKODA: OCTAVIA Combi 5E5,OCTAVIA 5E3,SUPERB Kombi 3V5,KODIAQ NS7,SUPERB 3V3,KAROQ NU7; SEAT: LEON 5F1,LEON ST 5F8,LEON SC 5F5,ATECA KH7; 5Q0907521A, 5Q0907521C, 5Q0907521D, 5Q0907521E, 5Q0907521A, 5Q0907521C, 5Q0907521D, 5Q0907521E, 5Q0907521A, 5Q0907521C, 5Q0907521D, 5Q0907521E, 5Q0907521A, 5Q0907521C, 5Q0907521D, 5Q0907521E<\/p>\n","protected":false},"excerpt":{"rendered":"<p>VALEO S\u00e4\u00e4din, Sis\u00e4valaistus 715289  VW,AUDI,SKODA,GOLF VII 5G1, BE1,UP,GOLF VII Kombi BA5,PASSAT Variant 3G5,GOLF SPORTSVAN AM1,TOURAN,TIGUAN AD1<\/p>\n","protected":false},"featured_media":0,"template":"","meta":{"site-sidebar-layout":"default","site-content-layout":"default","ast-global-header-display":"","ast-main-header-display":"","ast-hfb-above-header-display":"","ast-hfb-below-header-display":"","ast-hfb-mobile-header-display":"","site-post-title":"","ast-breadcrumbs-content":"","ast-featured-img":"","footer-sml-layout":"","theme-transparent-header-meta":"","adv-header-id-meta":"","stick-header-meta":"","header-above-stick-meta":"","header-main-stick-meta":"","header-below-stick-meta":""},"pwb-brand":[28],"product_cat":[134],"product_tag":[],"class_list":{"0":"post-84536","1":"product","2":"type-product","3":"status-publish","5":"pwb-brand-valeo","6":"product_cat-lammityslaitteen-puhaltimen-vastus","7":"desktop-align-left","8":"tablet-align-left","9":"mobile-align-left","11":"first","12":"instock","13":"product-type-external"},"brands":[{"id":28,"name":"VALEO","slug":"valeo"}],"_links":{"self":[{"href":"https:\/\/www.autonvaraosahaku.fi\/index.php?rest_route=\/wp\/v2\/product\/84536","targetHints":{"allow":["GET"]}}],"collection":[{"href":"https:\/\/www.autonvaraosahaku.fi\/index.php?rest_route=\/wp\/v2\/product"}],"about":[{"href":"https:\/\/www.autonvaraosahaku.fi\/index.php?rest_route=\/wp\/v2\/types\/product"}],"wp:attachment":[{"href":"https:\/\/www.autonvaraosahaku.fi\/index.php?rest_route=%2Fwp%2Fv2%2Fmedia&parent=84536"}],"wp:term":[{"taxonomy":"pwb-brand","embeddable":true,"href":"https:\/\/www.autonvaraosahaku.fi\/index.php?rest_route=%2Fwp%2Fv2%2Fpwb-brand&post=84536"},{"taxonomy":"product_cat","embeddable":true,"href":"https:\/\/www.autonvaraosahaku.fi\/index.php?rest_route=%2Fwp%2Fv2%2Fproduct_cat&post=84536"},{"taxonomy":"product_tag","embeddable":true,"href":"https:\/\/www.autonvaraosahaku.fi\/index.php?rest_route=%2Fwp%2Fv2%2Fproduct_tag&post=84536"}],"curies":[{"name":"wp","href":"https:\/\/api.w.org\/{rel}","templated":true}]}}