{"id":84567,"date":"2021-02-21T20:36:20","date_gmt":"2021-02-21T20:36:20","guid":{"rendered":"https:\/\/www.autonvaraosahaku.fi\/?product=ridex-78b0320-jarrusatula"},"modified":"2021-02-21T20:36:27","modified_gmt":"2021-02-21T20:36:27","slug":"ridex-78b0320-jarrusatula","status":"publish","type":"product","link":"https:\/\/www.autonvaraosahaku.fi\/?product=ridex-78b0320-jarrusatula","title":{"rendered":"RIDEX 78B0320 Jarrusatula"},"content":{"rendered":"<p>Jarruj\u00e4rjestelm\u00e4: BENDIX; Jarrulevyn paksuus (mm): 8; Jarrusatulatyyppi: Jarrusatula (1-m\u00e4nt\u00e4); L\u00e4pimitta [mm]: 32; parilliset tuotenumerot: 78B0343; Asennuspuoli: Hinterachse; CITRO\u00cbN: XSARA N1,XSARA Break N2,XSARA Coupe N0,ZX N2,XSARA Kasten; PEUGEOT: 206 Schr\u00e4gheck 2A\/C,306 Schr\u00e4gheck 7A, 7C, N3, N5,306 Cabriolet 7D, N3, N5,306 Break 7E, N3, N5,306 7B, N3, N5; 4401A3, 441066, 95666800, 4401A3, 441066<\/p>\n","protected":false},"excerpt":{"rendered":"<p>RIDEX Jarrusatula 78B0320  CITRO\u00cbN,PEUGEOT,XSARA N1,XSARA Break N2,XSARA Coupe N0,ZX N2,XSARA Kasten,206 Schr\u00e4gheck 2A\/C,306 Schr\u00e4gheck 7A, 7C, N3, N5<\/p>\n","protected":false},"featured_media":0,"template":"","meta":{"site-sidebar-layout":"default","site-content-layout":"default","ast-global-header-display":"","ast-main-header-display":"","ast-hfb-above-header-display":"","ast-hfb-below-header-display":"","ast-hfb-mobile-header-display":"","site-post-title":"","ast-breadcrumbs-content":"","ast-featured-img":"","footer-sml-layout":"","theme-transparent-header-meta":"","adv-header-id-meta":"","stick-header-meta":"","header-above-stick-meta":"","header-main-stick-meta":"","header-below-stick-meta":""},"pwb-brand":[157],"product_cat":[177],"product_tag":[],"class_list":{"0":"post-84567","1":"product","2":"type-product","3":"status-publish","5":"pwb-brand-ridex","6":"product_cat-jarrusatula","7":"desktop-align-left","8":"tablet-align-left","9":"mobile-align-left","11":"first","12":"instock","13":"product-type-external"},"brands":[{"id":157,"name":"RIDEX","slug":"ridex"}],"_links":{"self":[{"href":"https:\/\/www.autonvaraosahaku.fi\/index.php?rest_route=\/wp\/v2\/product\/84567","targetHints":{"allow":["GET"]}}],"collection":[{"href":"https:\/\/www.autonvaraosahaku.fi\/index.php?rest_route=\/wp\/v2\/product"}],"about":[{"href":"https:\/\/www.autonvaraosahaku.fi\/index.php?rest_route=\/wp\/v2\/types\/product"}],"wp:attachment":[{"href":"https:\/\/www.autonvaraosahaku.fi\/index.php?rest_route=%2Fwp%2Fv2%2Fmedia&parent=84567"}],"wp:term":[{"taxonomy":"pwb-brand","embeddable":true,"href":"https:\/\/www.autonvaraosahaku.fi\/index.php?rest_route=%2Fwp%2Fv2%2Fpwb-brand&post=84567"},{"taxonomy":"product_cat","embeddable":true,"href":"https:\/\/www.autonvaraosahaku.fi\/index.php?rest_route=%2Fwp%2Fv2%2Fproduct_cat&post=84567"},{"taxonomy":"product_tag","embeddable":true,"href":"https:\/\/www.autonvaraosahaku.fi\/index.php?rest_route=%2Fwp%2Fv2%2Fproduct_tag&post=84567"}],"curies":[{"name":"wp","href":"https:\/\/api.w.org\/{rel}","templated":true}]}}