{"id":84574,"date":"2021-02-21T20:36:29","date_gmt":"2021-02-21T20:36:29","guid":{"rendered":"https:\/\/www.autonvaraosahaku.fi\/?product=ridex-70b0030-jarrukengat"},"modified":"2021-02-21T20:36:30","modified_gmt":"2021-02-21T20:36:30","slug":"ridex-70b0030-jarrukengat","status":"publish","type":"product","link":"https:\/\/www.autonvaraosahaku.fi\/?product=ridex-70b0030-jarrukengat","title":{"rendered":"RIDEX 70B0030 Jarrukeng\u00e4t"},"content":{"rendered":"<p>Jarruj\u00e4rjestelm\u00e4: SUMITOMO, SUMITOMO; L\u00e4pimitta [mm]: 200; Leveys (mm): 35; Valmistusvuosi alkaen: 05\/1991; MAZDA: 323 F VI BJ,323 P V BA,MX-3 EC,FAMILIA VI BJ,323 C IV BG,FAMILIA IV BF,FAMILIA V BA,FAMILIA V BG8,FAMILIA IV BG; F3CZ2200A, B5Y62638Z, B5Y62638ZA, B5Y72628Z, B5Y72638, B5Y72638Z, BC1D26310, BC1D26310A, BCYD26387, BCYD2638Z, BCYD2638ZA, BCYD4938Z, BJYD2638; Jarrukenk\u00e4sarja<\/p>\n","protected":false},"excerpt":{"rendered":"<p>RIDEX Jarrukeng\u00e4t 70B0030 Jarrukenk\u00e4sarja MAZDA,323 F VI BJ,323 P V BA,MX-3 EC,FAMILIA VI BJ,323 C IV BG,FAMILIA IV BF,FAMILIA V BA,FAMILIA V BG8<\/p>\n","protected":false},"featured_media":0,"template":"","meta":{"site-sidebar-layout":"default","site-content-layout":"default","ast-global-header-display":"","ast-main-header-display":"","ast-hfb-above-header-display":"","ast-hfb-below-header-display":"","ast-hfb-mobile-header-display":"","site-post-title":"","ast-breadcrumbs-content":"","ast-featured-img":"","footer-sml-layout":"","theme-transparent-header-meta":"","adv-header-id-meta":"","stick-header-meta":"","header-above-stick-meta":"","header-main-stick-meta":"","header-below-stick-meta":""},"pwb-brand":[157],"product_cat":[176],"product_tag":[],"class_list":{"0":"post-84574","1":"product","2":"type-product","3":"status-publish","5":"pwb-brand-ridex","6":"product_cat-jarrukengat","7":"desktop-align-left","8":"tablet-align-left","9":"mobile-align-left","11":"first","12":"instock","13":"product-type-external"},"brands":[{"id":157,"name":"RIDEX","slug":"ridex"}],"_links":{"self":[{"href":"https:\/\/www.autonvaraosahaku.fi\/index.php?rest_route=\/wp\/v2\/product\/84574","targetHints":{"allow":["GET"]}}],"collection":[{"href":"https:\/\/www.autonvaraosahaku.fi\/index.php?rest_route=\/wp\/v2\/product"}],"about":[{"href":"https:\/\/www.autonvaraosahaku.fi\/index.php?rest_route=\/wp\/v2\/types\/product"}],"wp:attachment":[{"href":"https:\/\/www.autonvaraosahaku.fi\/index.php?rest_route=%2Fwp%2Fv2%2Fmedia&parent=84574"}],"wp:term":[{"taxonomy":"pwb-brand","embeddable":true,"href":"https:\/\/www.autonvaraosahaku.fi\/index.php?rest_route=%2Fwp%2Fv2%2Fpwb-brand&post=84574"},{"taxonomy":"product_cat","embeddable":true,"href":"https:\/\/www.autonvaraosahaku.fi\/index.php?rest_route=%2Fwp%2Fv2%2Fproduct_cat&post=84574"},{"taxonomy":"product_tag","embeddable":true,"href":"https:\/\/www.autonvaraosahaku.fi\/index.php?rest_route=%2Fwp%2Fv2%2Fproduct_tag&post=84574"}],"curies":[{"name":"wp","href":"https:\/\/api.w.org\/{rel}","templated":true}]}}