{"id":84575,"date":"2021-02-21T20:36:29","date_gmt":"2021-02-21T20:36:29","guid":{"rendered":"https:\/\/www.autonvaraosahaku.fi\/?product=jp-group-1163601510-jarrupalat"},"modified":"2021-02-21T20:36:30","modified_gmt":"2021-02-21T20:36:30","slug":"jp-group-1163601510-jarrupalat","status":"publish","type":"product","link":"https:\/\/www.autonvaraosahaku.fi\/?product=jp-group-1163601510-jarrupalat","title":{"rendered":"JP GROUP 1163601510 Jarrupalat"},"content":{"rendered":"<p>Asennuspuoli: Etuakseli; Paksuus [mm]: 20,7; Kulumisenilmaisimen liitos: Sis. kulumisenilmaisimen; Jarruj\u00e4rjestelm\u00e4: Teves; M\u00e4\u00e4r\u00e4yksikk\u00f6: Akselisarja; Rakennemalli: 28\/35; VW: LT 28-46 II Kasten 2DA, 2DD, 2DH,LT 28-35 II Bus 2DB, 2DE, 2DK,LT 28-46 II Pritsche\/Fahrgestell 2DC, 2DF, 2DG, 2DL, 2DM; MERCEDES-BENZ: VITO Bus 638,SPRINTER 3-t Kasten 903,SPRINTER 2-t Bus 901, 902,V-CLASS 638\/2,SPRINTER 2-t Kasten 901, 902,SPRINTER 3-t Bus 903,SPRINTER 3-t Pritsche\/Fahrgestell 903,VITO Kasten 638,SPRINTER 2-t Pritsche\/Fahrgestell 901, 902,SPRINTER CLASSIC 3,5-t Kasten 909; 0024203920, 0024209920, 0044205520, 0084204220, 9014210410, 9014210510, 9014210610, A0024203920, A0024209920, A0044205520, A0084204220, A9014210410, A9014210510, A9014210610, 2D0698151, 2D0698151C; Jarrupalasarja,Jarrupala, Levyjarru<\/p>\n","protected":false},"excerpt":{"rendered":"<p>JP GROUP Jarrupalat JP Group 1163601510 Jarrupalasarja,Jarrupala, Levyjarru VW,MERCEDES-BENZ,LT 28-46 II Kasten 2DA, 2DD, 2DH<\/p>\n","protected":false},"featured_media":0,"template":"","meta":{"site-sidebar-layout":"default","site-content-layout":"default","ast-global-header-display":"","ast-main-header-display":"","ast-hfb-above-header-display":"","ast-hfb-below-header-display":"","ast-hfb-mobile-header-display":"","site-post-title":"","ast-breadcrumbs-content":"","ast-featured-img":"","footer-sml-layout":"","theme-transparent-header-meta":"","adv-header-id-meta":"","stick-header-meta":"","header-above-stick-meta":"","header-main-stick-meta":"","header-below-stick-meta":""},"pwb-brand":[131],"product_cat":[100],"product_tag":[],"class_list":{"0":"post-84575","1":"product","2":"type-product","3":"status-publish","5":"pwb-brand-jp-group","6":"product_cat-jarrupalat","7":"desktop-align-left","8":"tablet-align-left","9":"mobile-align-left","11":"first","12":"instock","13":"product-type-external"},"brands":[{"id":131,"name":"JP GROUP","slug":"jp-group"}],"_links":{"self":[{"href":"https:\/\/www.autonvaraosahaku.fi\/index.php?rest_route=\/wp\/v2\/product\/84575","targetHints":{"allow":["GET"]}}],"collection":[{"href":"https:\/\/www.autonvaraosahaku.fi\/index.php?rest_route=\/wp\/v2\/product"}],"about":[{"href":"https:\/\/www.autonvaraosahaku.fi\/index.php?rest_route=\/wp\/v2\/types\/product"}],"wp:attachment":[{"href":"https:\/\/www.autonvaraosahaku.fi\/index.php?rest_route=%2Fwp%2Fv2%2Fmedia&parent=84575"}],"wp:term":[{"taxonomy":"pwb-brand","embeddable":true,"href":"https:\/\/www.autonvaraosahaku.fi\/index.php?rest_route=%2Fwp%2Fv2%2Fpwb-brand&post=84575"},{"taxonomy":"product_cat","embeddable":true,"href":"https:\/\/www.autonvaraosahaku.fi\/index.php?rest_route=%2Fwp%2Fv2%2Fproduct_cat&post=84575"},{"taxonomy":"product_tag","embeddable":true,"href":"https:\/\/www.autonvaraosahaku.fi\/index.php?rest_route=%2Fwp%2Fv2%2Fproduct_tag&post=84575"}],"curies":[{"name":"wp","href":"https:\/\/api.w.org\/{rel}","templated":true}]}}