{"id":8458,"date":"2021-02-21T14:03:05","date_gmt":"2021-02-21T14:03:05","guid":{"rendered":"https:\/\/www.autonvaraosahaku.fi\/?product=ridex-78b0414-jarrusatula"},"modified":"2021-02-21T14:03:07","modified_gmt":"2021-02-21T14:03:07","slug":"ridex-78b0414-jarrusatula","status":"publish","type":"product","link":"https:\/\/www.autonvaraosahaku.fi\/?product=ridex-78b0414-jarrusatula","title":{"rendered":"RIDEX 78B0414 Jarrusatula"},"content":{"rendered":"<p>Asennuspuoli: Etuakseli, oikea, Akselin edess\u00e4; Jarrusatulatyyppi: Jarrusatula (2-m\u00e4nt\u00e4\u00e4); Sylinterim\u00e4nn\u00e4n halkaisija [mm]: 43; Jarrulevyl\u00e4pimitalle [mm]: 256; parilliset tuotenumerot: 78B0506; Jarrulevytyyppi: Tuuletettu; Nettopaino [kg]: 2; Valmistusvuoteen: 09\/2000; PEUGEOT: 4007 GP_; CITRO\u00cbN: C-CROSSER EP_,C-CROSSER ENTERPRISE; MITSUBISHI: OUTLANDER XL II CW_W,OUTLANDER III GG_W, GF_W, ZJ,OUTLANDER I CU_W,LANCER SPORTBACK CX_A,GALANT VI Station Wagon EA_,GALANT VI EA_,SPACE WAGON N9_W, N8_W,LANCER Stufenheck CS_A, CT0,SPACE RUNNER N6_W,GALANT V E5_A, E7_A, E8_A; 4400V0, MB950177, MR249965, MR370776, 4400V0<\/p>\n","protected":false},"excerpt":{"rendered":"<p>RIDEX Jarrusatula 78B0414  PEUGEOT,CITRO\u00cbN,MITSUBISHI,4007 GP_,C-CROSSER EP_,C-CROSSER ENTERPRISE,OUTLANDER XL II CW_W,OUTLANDER III GG_W, GF_W, ZJ<\/p>\n","protected":false},"featured_media":0,"template":"","meta":{"site-sidebar-layout":"default","site-content-layout":"default","ast-global-header-display":"","ast-main-header-display":"","ast-hfb-above-header-display":"","ast-hfb-below-header-display":"","ast-hfb-mobile-header-display":"","site-post-title":"","ast-breadcrumbs-content":"","ast-featured-img":"","footer-sml-layout":"","theme-transparent-header-meta":"","adv-header-id-meta":"","stick-header-meta":"","header-above-stick-meta":"","header-main-stick-meta":"","header-below-stick-meta":""},"pwb-brand":[157],"product_cat":[177],"product_tag":[],"class_list":{"0":"post-8458","1":"product","2":"type-product","3":"status-publish","5":"pwb-brand-ridex","6":"product_cat-jarrusatula","7":"desktop-align-left","8":"tablet-align-left","9":"mobile-align-left","11":"first","12":"instock","13":"product-type-external"},"brands":[{"id":157,"name":"RIDEX","slug":"ridex"}],"_links":{"self":[{"href":"https:\/\/www.autonvaraosahaku.fi\/index.php?rest_route=\/wp\/v2\/product\/8458","targetHints":{"allow":["GET"]}}],"collection":[{"href":"https:\/\/www.autonvaraosahaku.fi\/index.php?rest_route=\/wp\/v2\/product"}],"about":[{"href":"https:\/\/www.autonvaraosahaku.fi\/index.php?rest_route=\/wp\/v2\/types\/product"}],"wp:attachment":[{"href":"https:\/\/www.autonvaraosahaku.fi\/index.php?rest_route=%2Fwp%2Fv2%2Fmedia&parent=8458"}],"wp:term":[{"taxonomy":"pwb-brand","embeddable":true,"href":"https:\/\/www.autonvaraosahaku.fi\/index.php?rest_route=%2Fwp%2Fv2%2Fpwb-brand&post=8458"},{"taxonomy":"product_cat","embeddable":true,"href":"https:\/\/www.autonvaraosahaku.fi\/index.php?rest_route=%2Fwp%2Fv2%2Fproduct_cat&post=8458"},{"taxonomy":"product_tag","embeddable":true,"href":"https:\/\/www.autonvaraosahaku.fi\/index.php?rest_route=%2Fwp%2Fv2%2Fproduct_tag&post=8458"}],"curies":[{"name":"wp","href":"https:\/\/api.w.org\/{rel}","templated":true}]}}