{"id":84583,"date":"2021-02-21T20:36:29","date_gmt":"2021-02-21T20:36:29","guid":{"rendered":"https:\/\/www.autonvaraosahaku.fi\/?product=ashika-92-h0-025-kytkinpaketti"},"modified":"2021-02-21T20:36:33","modified_gmt":"2021-02-21T20:36:33","slug":"ashika-92-h0-025-kytkinpaketti","status":"publish","type":"product","link":"https:\/\/www.autonvaraosahaku.fi\/?product=ashika-92-h0-025-kytkinpaketti","title":{"rendered":"ASHIKA 92-H0-025 Kytkinpaketti"},"content":{"rendered":"<p>L\u00e4pimitta [mm]: 180; Sis\u00e4l\u00e4pimitta [mm]: 126,5; Asennusl\u00e4pimitta [mm]: 218; keskitt\u00e4misl\u00e4pimitta [mm]: 22; Hammasluku: 20; HYUNDAI: GETZ TB; 4110022680, 4110022720, 4130022680, 4130022720, 4142122650, 4142122731, 4142122800, 4142122810, 4142128000, 4142128001, 4142128002; Kytkinsarja<\/p>\n","protected":false},"excerpt":{"rendered":"<p>ASHIKA Kytkinpaketti 92-H0-025 Kytkinsarja HYUNDAI,GETZ TB<\/p>\n","protected":false},"featured_media":0,"template":"","meta":{"site-sidebar-layout":"default","site-content-layout":"default","ast-global-header-display":"","ast-main-header-display":"","ast-hfb-above-header-display":"","ast-hfb-below-header-display":"","ast-hfb-mobile-header-display":"","site-post-title":"","ast-breadcrumbs-content":"","ast-featured-img":"","footer-sml-layout":"","theme-transparent-header-meta":"","adv-header-id-meta":"","stick-header-meta":"","header-above-stick-meta":"","header-main-stick-meta":"","header-below-stick-meta":""},"pwb-brand":[102],"product_cat":[21],"product_tag":[],"class_list":{"0":"post-84583","1":"product","2":"type-product","3":"status-publish","5":"pwb-brand-ashika","6":"product_cat-kytkinpaketti","7":"desktop-align-left","8":"tablet-align-left","9":"mobile-align-left","11":"first","12":"instock","13":"product-type-external"},"brands":[{"id":102,"name":"ASHIKA","slug":"ashika"}],"_links":{"self":[{"href":"https:\/\/www.autonvaraosahaku.fi\/index.php?rest_route=\/wp\/v2\/product\/84583","targetHints":{"allow":["GET"]}}],"collection":[{"href":"https:\/\/www.autonvaraosahaku.fi\/index.php?rest_route=\/wp\/v2\/product"}],"about":[{"href":"https:\/\/www.autonvaraosahaku.fi\/index.php?rest_route=\/wp\/v2\/types\/product"}],"wp:attachment":[{"href":"https:\/\/www.autonvaraosahaku.fi\/index.php?rest_route=%2Fwp%2Fv2%2Fmedia&parent=84583"}],"wp:term":[{"taxonomy":"pwb-brand","embeddable":true,"href":"https:\/\/www.autonvaraosahaku.fi\/index.php?rest_route=%2Fwp%2Fv2%2Fpwb-brand&post=84583"},{"taxonomy":"product_cat","embeddable":true,"href":"https:\/\/www.autonvaraosahaku.fi\/index.php?rest_route=%2Fwp%2Fv2%2Fproduct_cat&post=84583"},{"taxonomy":"product_tag","embeddable":true,"href":"https:\/\/www.autonvaraosahaku.fi\/index.php?rest_route=%2Fwp%2Fv2%2Fproduct_tag&post=84583"}],"curies":[{"name":"wp","href":"https:\/\/api.w.org\/{rel}","templated":true}]}}