{"id":84586,"date":"2021-02-21T20:36:29","date_gmt":"2021-02-21T20:36:29","guid":{"rendered":"https:\/\/www.autonvaraosahaku.fi\/?product=ashika-gom-818-tukivarren-hela"},"modified":"2021-02-21T20:36:34","modified_gmt":"2021-02-21T20:36:34","slug":"ashika-gom-818-tukivarren-hela","status":"publish","type":"product","link":"https:\/\/www.autonvaraosahaku.fi\/?product=ashika-gom-818-tukivarren-hela","title":{"rendered":"ASHIKA GOM-818 Tukivarren hela"},"content":{"rendered":"<p>Pituus (mm): 64; Sis\u00e4l\u00e4pimitta [mm]: 14; Ulkol\u00e4pimitta [mm]: 41; Asennuspuoli: etuakseli molemminpuoleinen, Takana; SUZUKI: VITARA ET, TA,VITARA Cabrio ET, TA; 0931914007, 0931914007000, 09319A14007, 4525485C00, 4525485C00000<\/p>\n","protected":false},"excerpt":{"rendered":"<p>ASHIKA Pidike, Tukivarren Kiinnitys GOM-818  SUZUKI,VITARA ET, TA,VITARA Cabrio ET, TA<\/p>\n","protected":false},"featured_media":0,"template":"","meta":{"site-sidebar-layout":"default","site-content-layout":"default","ast-global-header-display":"","ast-main-header-display":"","ast-hfb-above-header-display":"","ast-hfb-below-header-display":"","ast-hfb-mobile-header-display":"","site-post-title":"","ast-breadcrumbs-content":"","ast-featured-img":"","footer-sml-layout":"","theme-transparent-header-meta":"","adv-header-id-meta":"","stick-header-meta":"","header-above-stick-meta":"","header-main-stick-meta":"","header-below-stick-meta":""},"pwb-brand":[102],"product_cat":[115],"product_tag":[],"class_list":{"0":"post-84586","1":"product","2":"type-product","3":"status-publish","5":"pwb-brand-ashika","6":"product_cat-tukivarren-hela","7":"desktop-align-left","8":"tablet-align-left","9":"mobile-align-left","11":"first","12":"instock","13":"product-type-external"},"brands":[{"id":102,"name":"ASHIKA","slug":"ashika"}],"_links":{"self":[{"href":"https:\/\/www.autonvaraosahaku.fi\/index.php?rest_route=\/wp\/v2\/product\/84586","targetHints":{"allow":["GET"]}}],"collection":[{"href":"https:\/\/www.autonvaraosahaku.fi\/index.php?rest_route=\/wp\/v2\/product"}],"about":[{"href":"https:\/\/www.autonvaraosahaku.fi\/index.php?rest_route=\/wp\/v2\/types\/product"}],"wp:attachment":[{"href":"https:\/\/www.autonvaraosahaku.fi\/index.php?rest_route=%2Fwp%2Fv2%2Fmedia&parent=84586"}],"wp:term":[{"taxonomy":"pwb-brand","embeddable":true,"href":"https:\/\/www.autonvaraosahaku.fi\/index.php?rest_route=%2Fwp%2Fv2%2Fpwb-brand&post=84586"},{"taxonomy":"product_cat","embeddable":true,"href":"https:\/\/www.autonvaraosahaku.fi\/index.php?rest_route=%2Fwp%2Fv2%2Fproduct_cat&post=84586"},{"taxonomy":"product_tag","embeddable":true,"href":"https:\/\/www.autonvaraosahaku.fi\/index.php?rest_route=%2Fwp%2Fv2%2Fproduct_tag&post=84586"}],"curies":[{"name":"wp","href":"https:\/\/api.w.org\/{rel}","templated":true}]}}