{"id":84601,"date":"2021-02-21T20:36:36","date_gmt":"2021-02-21T20:36:36","guid":{"rendered":"https:\/\/www.autonvaraosahaku.fi\/?product=ridex-5j0027-vetonivel"},"modified":"2021-02-21T20:36:40","modified_gmt":"2021-02-21T20:36:40","slug":"ridex-5j0027-vetonivel","status":"publish","type":"product","link":"https:\/\/www.autonvaraosahaku.fi\/?product=ridex-5j0027-vetonivel","title":{"rendered":"RIDEX 5J0027 Vetonivel"},"content":{"rendered":"<p>Asennuspuoli: Py\u00f6r\u00e4n puoli, Etuakseli; Sis\u00e4hammastus, py\u00f6r\u00e4npuoli: 25; Tiivisteen l\u00e4pimitta [mm]: 60; Ulkohammastus, py\u00f6r\u00e4npuoli: 27; Paino [kg]: 2,453; M\u00e4\u00e4r\u00e4: 8; Hammasluku, ABS-keh\u00e4: 47; Korvaava tuote\/korvaava tiedote 2: ABS-sensorirenkaalla; Vaihteistomalli: Getriebeautomatik 4 Gang; KIA: MAGENTIS GD; HYUNDAI: TRAJET FO,SONATA V NF,SONATA IV EF; 4950038401, 4950038430, 4950038442, 4950038451, 4950038460, 4950038470, 4950038492, 495003A215, 495003A217, 495013A210, 495013A211, 495013A212, 495013A215, 495013A216, 495013A217, 495013A240, 4950738F00, 4950838F00; Nivelsarja, Vetoakseli<\/p>\n","protected":false},"excerpt":{"rendered":"<p>RIDEX Vetonivel 5J0027 Nivelsarja, Vetoakseli KIA,HYUNDAI,MAGENTIS GD,TRAJET FO,SONATA V NF,SONATA IV EF<\/p>\n","protected":false},"featured_media":0,"template":"","meta":{"site-sidebar-layout":"default","site-content-layout":"default","ast-global-header-display":"","ast-main-header-display":"","ast-hfb-above-header-display":"","ast-hfb-below-header-display":"","ast-hfb-mobile-header-display":"","site-post-title":"","ast-breadcrumbs-content":"","ast-featured-img":"","footer-sml-layout":"","theme-transparent-header-meta":"","adv-header-id-meta":"","stick-header-meta":"","header-above-stick-meta":"","header-main-stick-meta":"","header-below-stick-meta":""},"pwb-brand":[157],"product_cat":[175],"product_tag":[],"class_list":{"0":"post-84601","1":"product","2":"type-product","3":"status-publish","5":"pwb-brand-ridex","6":"product_cat-vetonivel","7":"desktop-align-left","8":"tablet-align-left","9":"mobile-align-left","11":"first","12":"instock","13":"product-type-external"},"brands":[{"id":157,"name":"RIDEX","slug":"ridex"}],"_links":{"self":[{"href":"https:\/\/www.autonvaraosahaku.fi\/index.php?rest_route=\/wp\/v2\/product\/84601","targetHints":{"allow":["GET"]}}],"collection":[{"href":"https:\/\/www.autonvaraosahaku.fi\/index.php?rest_route=\/wp\/v2\/product"}],"about":[{"href":"https:\/\/www.autonvaraosahaku.fi\/index.php?rest_route=\/wp\/v2\/types\/product"}],"wp:attachment":[{"href":"https:\/\/www.autonvaraosahaku.fi\/index.php?rest_route=%2Fwp%2Fv2%2Fmedia&parent=84601"}],"wp:term":[{"taxonomy":"pwb-brand","embeddable":true,"href":"https:\/\/www.autonvaraosahaku.fi\/index.php?rest_route=%2Fwp%2Fv2%2Fpwb-brand&post=84601"},{"taxonomy":"product_cat","embeddable":true,"href":"https:\/\/www.autonvaraosahaku.fi\/index.php?rest_route=%2Fwp%2Fv2%2Fproduct_cat&post=84601"},{"taxonomy":"product_tag","embeddable":true,"href":"https:\/\/www.autonvaraosahaku.fi\/index.php?rest_route=%2Fwp%2Fv2%2Fproduct_tag&post=84601"}],"curies":[{"name":"wp","href":"https:\/\/api.w.org\/{rel}","templated":true}]}}