{"id":84603,"date":"2021-02-21T20:36:36","date_gmt":"2021-02-21T20:36:36","guid":{"rendered":"https:\/\/www.autonvaraosahaku.fi\/?product=ridex-5j0029-vetonivel"},"modified":"2021-02-21T20:36:41","modified_gmt":"2021-02-21T20:36:41","slug":"ridex-5j0029-vetonivel","status":"publish","type":"product","link":"https:\/\/www.autonvaraosahaku.fi\/?product=ridex-5j0029-vetonivel","title":{"rendered":"RIDEX 5J0029 Vetonivel"},"content":{"rendered":"<p>Pituus (mm): 171; Ulkol\u00e4pimitta [mm]: 92,0; Ulkokierre [mm]: M24 x 1,5; Asennuspuoli: Py\u00f6r\u00e4n puoli, Etuakseli; Ulkohammastus, py\u00f6r\u00e4npuoli: 27; Sis\u00e4hammastus, py\u00f6r\u00e4npuoli: 32; Tiivisteen l\u00e4pimitta [mm]: 56; Paino [kg]: 2,83; Hammasluku, ABS-keh\u00e4: 44; Vaihteistomalli: Schaltgetriebe; NISSAN: PRIMERA P11,PRIMERA Traveller WP11,PRIMERA Hatchback P11; 392112F225; Nivelsarja, Vetoakseli<\/p>\n","protected":false},"excerpt":{"rendered":"<p>RIDEX Vetonivel 5J0029 Nivelsarja, Vetoakseli NISSAN,PRIMERA P11,PRIMERA Traveller WP11,PRIMERA Hatchback P11<\/p>\n","protected":false},"featured_media":0,"template":"","meta":{"site-sidebar-layout":"default","site-content-layout":"default","ast-global-header-display":"","ast-main-header-display":"","ast-hfb-above-header-display":"","ast-hfb-below-header-display":"","ast-hfb-mobile-header-display":"","site-post-title":"","ast-breadcrumbs-content":"","ast-featured-img":"","footer-sml-layout":"","theme-transparent-header-meta":"","adv-header-id-meta":"","stick-header-meta":"","header-above-stick-meta":"","header-main-stick-meta":"","header-below-stick-meta":""},"pwb-brand":[157],"product_cat":[175],"product_tag":[],"class_list":{"0":"post-84603","1":"product","2":"type-product","3":"status-publish","5":"pwb-brand-ridex","6":"product_cat-vetonivel","7":"desktop-align-left","8":"tablet-align-left","9":"mobile-align-left","11":"first","12":"instock","13":"product-type-external"},"brands":[{"id":157,"name":"RIDEX","slug":"ridex"}],"_links":{"self":[{"href":"https:\/\/www.autonvaraosahaku.fi\/index.php?rest_route=\/wp\/v2\/product\/84603","targetHints":{"allow":["GET"]}}],"collection":[{"href":"https:\/\/www.autonvaraosahaku.fi\/index.php?rest_route=\/wp\/v2\/product"}],"about":[{"href":"https:\/\/www.autonvaraosahaku.fi\/index.php?rest_route=\/wp\/v2\/types\/product"}],"wp:attachment":[{"href":"https:\/\/www.autonvaraosahaku.fi\/index.php?rest_route=%2Fwp%2Fv2%2Fmedia&parent=84603"}],"wp:term":[{"taxonomy":"pwb-brand","embeddable":true,"href":"https:\/\/www.autonvaraosahaku.fi\/index.php?rest_route=%2Fwp%2Fv2%2Fpwb-brand&post=84603"},{"taxonomy":"product_cat","embeddable":true,"href":"https:\/\/www.autonvaraosahaku.fi\/index.php?rest_route=%2Fwp%2Fv2%2Fproduct_cat&post=84603"},{"taxonomy":"product_tag","embeddable":true,"href":"https:\/\/www.autonvaraosahaku.fi\/index.php?rest_route=%2Fwp%2Fv2%2Fproduct_tag&post=84603"}],"curies":[{"name":"wp","href":"https:\/\/api.w.org\/{rel}","templated":true}]}}