{"id":84622,"date":"2021-02-21T20:36:44","date_gmt":"2021-02-21T20:36:44","guid":{"rendered":"https:\/\/www.autonvaraosahaku.fi\/?product=ridex-5j0087-vetonivel"},"modified":"2021-02-21T20:36:48","modified_gmt":"2021-02-21T20:36:48","slug":"ridex-5j0087-vetonivel","status":"publish","type":"product","link":"https:\/\/www.autonvaraosahaku.fi\/?product=ridex-5j0087-vetonivel","title":{"rendered":"RIDEX 5J0087 Vetonivel"},"content":{"rendered":"<p>Laippa \u00d8(mm): 56; ABS-keh\u00e4 \u00d8(mm): 70; Ulkohammastus, py\u00f6r\u00e4npuoli: 23; Sis\u00e4hammastus, py\u00f6r\u00e4npuoli: 23; Hammasluku, ABS-keh\u00e4: 48; Mekaanisesti ty\u00f6stetty: Sokkauralla sis\u00e4osassa (sis\u00e4p.); Asennuspuoli: Vorderachse links; TOYOTA: STARLET EP91,STARLET _P8_; 4341010091, 4341010100, 4341010101, 4341010110, 4341010111, 4341010120, 4341010121, 4341010270, 4341010280, 4342010091, 4342010100, 4342010101, 4342010110, 4342010111, 4342010120, 4342010121, 4342010200, 4342010210, 4346019436, 4346019455, 4346019456, 4346019476, 4346019485, 4346019486, 4346080100, 4346080102, 4347019416, 4347019435, 4347019436, 4347019456, 4347019465, 4347019466, 4347080163, 4347080164; Nivelsarja, Vetoakseli<\/p>\n","protected":false},"excerpt":{"rendered":"<p>RIDEX Vetonivel 5J0087 Nivelsarja, Vetoakseli TOYOTA,STARLET EP91,STARLET _P8_<\/p>\n","protected":false},"featured_media":0,"template":"","meta":{"site-sidebar-layout":"default","site-content-layout":"default","ast-global-header-display":"","ast-main-header-display":"","ast-hfb-above-header-display":"","ast-hfb-below-header-display":"","ast-hfb-mobile-header-display":"","site-post-title":"","ast-breadcrumbs-content":"","ast-featured-img":"","footer-sml-layout":"","theme-transparent-header-meta":"","adv-header-id-meta":"","stick-header-meta":"","header-above-stick-meta":"","header-main-stick-meta":"","header-below-stick-meta":""},"pwb-brand":[157],"product_cat":[175],"product_tag":[],"class_list":{"0":"post-84622","1":"product","2":"type-product","3":"status-publish","5":"pwb-brand-ridex","6":"product_cat-vetonivel","7":"desktop-align-left","8":"tablet-align-left","9":"mobile-align-left","11":"first","12":"instock","13":"product-type-external"},"brands":[{"id":157,"name":"RIDEX","slug":"ridex"}],"_links":{"self":[{"href":"https:\/\/www.autonvaraosahaku.fi\/index.php?rest_route=\/wp\/v2\/product\/84622","targetHints":{"allow":["GET"]}}],"collection":[{"href":"https:\/\/www.autonvaraosahaku.fi\/index.php?rest_route=\/wp\/v2\/product"}],"about":[{"href":"https:\/\/www.autonvaraosahaku.fi\/index.php?rest_route=\/wp\/v2\/types\/product"}],"wp:attachment":[{"href":"https:\/\/www.autonvaraosahaku.fi\/index.php?rest_route=%2Fwp%2Fv2%2Fmedia&parent=84622"}],"wp:term":[{"taxonomy":"pwb-brand","embeddable":true,"href":"https:\/\/www.autonvaraosahaku.fi\/index.php?rest_route=%2Fwp%2Fv2%2Fpwb-brand&post=84622"},{"taxonomy":"product_cat","embeddable":true,"href":"https:\/\/www.autonvaraosahaku.fi\/index.php?rest_route=%2Fwp%2Fv2%2Fproduct_cat&post=84622"},{"taxonomy":"product_tag","embeddable":true,"href":"https:\/\/www.autonvaraosahaku.fi\/index.php?rest_route=%2Fwp%2Fv2%2Fproduct_tag&post=84622"}],"curies":[{"name":"wp","href":"https:\/\/api.w.org\/{rel}","templated":true}]}}