{"id":84627,"date":"2021-02-21T20:36:44","date_gmt":"2021-02-21T20:36:44","guid":{"rendered":"https:\/\/www.autonvaraosahaku.fi\/?product=ridex-188c0012-jouset"},"modified":"2021-02-21T20:36:49","modified_gmt":"2021-02-21T20:36:49","slug":"ridex-188c0012-jouset","status":"publish","type":"product","link":"https:\/\/www.autonvaraosahaku.fi\/?product=ridex-188c0012-jouset","title":{"rendered":"RIDEX 188C0012 Jouset"},"content":{"rendered":"<p>Jousimalli: Kierrejousi; L\u00e4pimitta 2 [mm]: 12; L\u00e4pimitta [mm]: 137; Pituus (mm): 355; Kierroslukum\u00e4\u00e4r\u00e4: 7; Asennuspuoli: Vorderachse; VW: GOLF III 1H1,GOLF III Variant 1H5,POLO Variant 6KV5,POLO CLASSIC 6KV2,VENTO 1H2; SEAT: IBIZA II 6K1,CORDOBA 6K1, 6K2,CORDOBA Vario 6K1,TOLEDO I 1L; 1L0411105C, 1L0411105G951, 6K0411105952, 191411105L, 191411105M, 1H0411105A, 6K0411105A, 6K0411105A951, 6K0411105B; Kierrejousi<\/p>\n","protected":false},"excerpt":{"rendered":"<p>RIDEX Jousi 188C0012 Kierrejousi VW,SEAT,GOLF III 1H1,GOLF III Variant 1H5,POLO Variant 6KV5,POLO CLASSIC 6KV2,VENTO 1H2,IBIZA II 6K1,CORDOBA 6K1, 6K2<\/p>\n","protected":false},"featured_media":0,"template":"","meta":{"site-sidebar-layout":"default","site-content-layout":"default","ast-global-header-display":"","ast-main-header-display":"","ast-hfb-above-header-display":"","ast-hfb-below-header-display":"","ast-hfb-mobile-header-display":"","site-post-title":"","ast-breadcrumbs-content":"","ast-featured-img":"","footer-sml-layout":"","theme-transparent-header-meta":"","adv-header-id-meta":"","stick-header-meta":"","header-above-stick-meta":"","header-main-stick-meta":"","header-below-stick-meta":""},"pwb-brand":[157],"product_cat":[171],"product_tag":[],"class_list":{"0":"post-84627","1":"product","2":"type-product","3":"status-publish","5":"pwb-brand-ridex","6":"product_cat-jouset","7":"desktop-align-left","8":"tablet-align-left","9":"mobile-align-left","11":"first","12":"instock","13":"product-type-external"},"brands":[{"id":157,"name":"RIDEX","slug":"ridex"}],"_links":{"self":[{"href":"https:\/\/www.autonvaraosahaku.fi\/index.php?rest_route=\/wp\/v2\/product\/84627","targetHints":{"allow":["GET"]}}],"collection":[{"href":"https:\/\/www.autonvaraosahaku.fi\/index.php?rest_route=\/wp\/v2\/product"}],"about":[{"href":"https:\/\/www.autonvaraosahaku.fi\/index.php?rest_route=\/wp\/v2\/types\/product"}],"wp:attachment":[{"href":"https:\/\/www.autonvaraosahaku.fi\/index.php?rest_route=%2Fwp%2Fv2%2Fmedia&parent=84627"}],"wp:term":[{"taxonomy":"pwb-brand","embeddable":true,"href":"https:\/\/www.autonvaraosahaku.fi\/index.php?rest_route=%2Fwp%2Fv2%2Fpwb-brand&post=84627"},{"taxonomy":"product_cat","embeddable":true,"href":"https:\/\/www.autonvaraosahaku.fi\/index.php?rest_route=%2Fwp%2Fv2%2Fproduct_cat&post=84627"},{"taxonomy":"product_tag","embeddable":true,"href":"https:\/\/www.autonvaraosahaku.fi\/index.php?rest_route=%2Fwp%2Fv2%2Fproduct_tag&post=84627"}],"curies":[{"name":"wp","href":"https:\/\/api.w.org\/{rel}","templated":true}]}}