{"id":84632,"date":"2021-02-21T20:36:51","date_gmt":"2021-02-21T20:36:51","guid":{"rendered":"https:\/\/www.autonvaraosahaku.fi\/?product=calorstat-by-vernet-ts1628-lampokytkin-jaahdyttimen-puhallin"},"modified":"2021-02-21T20:36:52","modified_gmt":"2021-02-21T20:36:52","slug":"calorstat-by-vernet-ts1628-lampokytkin-jaahdyttimen-puhallin","status":"publish","type":"product","link":"https:\/\/www.autonvaraosahaku.fi\/?product=calorstat-by-vernet-ts1628-lampokytkin-jaahdyttimen-puhallin","title":{"rendered":"CALORSTAT by Vernet TS1628 L\u00e4mp\u00f6kytkin j\u00e4\u00e4hdyttimen puhallin"},"content":{"rendered":"<p>Katkaisupiste (\u00b0C): 92; Kierremitta: M22x1.5; Teknisten tietojen numero: Circuit N.O.; Valmistusvuosi alkaen: 09\/1991; LANCIA: ZETA 220; FIAT: ULYSSE 220,SCUDO Kasten 220L,SCUDO Combinato 220P; CITRO\u00cbN: BERLINGO MF,XSARA PICASSO N68,C4 I LC_,SAXO S0, S1,BERLINGO Kasten M_,XSARA N1,C4 Coupe LA_,C3 Pluriel HB_,C5 II RC_,XSARA Break N2,XSARA Coupe N0,XANTIA X1,AX ZA-_,EVASION 22, U6,ZX N2,JUMPY U6U,JUMPY Kasten BS_, BT_, BY_, BZ_,XANTIA Break X1,ZX Break N2; PEUGEOT: 206 Schr\u00e4gheck 2A\/C,206 CC 2D,307 CC 3B,206 SW 2E\/K,106 II 1,306 Schr\u00e4gheck 7A, 7C, N3, N5,306 Cabriolet 7D, N3, N5,406 Break 8E\/F,PARTNER Combispace 5F,106 I 1A, 1C,205 II 20A\/C,PARTNER Kasten 5,306 Break 7E, N3, N5,406 8B,806 221,306 7B, N3, N5,205 I Cabriolet 741B, 20D,EXPERT Kasten 222,309 II 3C, 3A,405 I 15B,206 Van,EXPERT 224,309 I 10C, 10A,405 I Break 15E,EXPERT Pritsche\/Fahrgestell 223<\/p>\n","protected":false},"excerpt":{"rendered":"<p>CALORSTAT by Vernet L\u00e4mp\u00f6kytkin J\u00e4\u00e4hdyttimen Puhallin TS1628  LANCIA,FIAT,CITRO\u00cbN,ZETA 220,ULYSSE 220,SCUDO Kasten 220L,SCUDO Combinato 220P<\/p>\n","protected":false},"featured_media":0,"template":"","meta":{"site-sidebar-layout":"default","site-content-layout":"default","ast-global-header-display":"","ast-main-header-display":"","ast-hfb-above-header-display":"","ast-hfb-below-header-display":"","ast-hfb-mobile-header-display":"","site-post-title":"","ast-breadcrumbs-content":"","ast-featured-img":"","footer-sml-layout":"","theme-transparent-header-meta":"","adv-header-id-meta":"","stick-header-meta":"","header-above-stick-meta":"","header-main-stick-meta":"","header-below-stick-meta":""},"pwb-brand":[343],"product_cat":[290],"product_tag":[],"class_list":{"0":"post-84632","1":"product","2":"type-product","3":"status-publish","5":"pwb-brand-calorstat-by-vernet","6":"product_cat-lampokytkin-jaahdyttimen-puhallin","7":"desktop-align-left","8":"tablet-align-left","9":"mobile-align-left","11":"first","12":"instock","13":"product-type-external"},"brands":[{"id":343,"name":"CALORSTAT by Vernet","slug":"calorstat-by-vernet"}],"_links":{"self":[{"href":"https:\/\/www.autonvaraosahaku.fi\/index.php?rest_route=\/wp\/v2\/product\/84632","targetHints":{"allow":["GET"]}}],"collection":[{"href":"https:\/\/www.autonvaraosahaku.fi\/index.php?rest_route=\/wp\/v2\/product"}],"about":[{"href":"https:\/\/www.autonvaraosahaku.fi\/index.php?rest_route=\/wp\/v2\/types\/product"}],"wp:attachment":[{"href":"https:\/\/www.autonvaraosahaku.fi\/index.php?rest_route=%2Fwp%2Fv2%2Fmedia&parent=84632"}],"wp:term":[{"taxonomy":"pwb-brand","embeddable":true,"href":"https:\/\/www.autonvaraosahaku.fi\/index.php?rest_route=%2Fwp%2Fv2%2Fpwb-brand&post=84632"},{"taxonomy":"product_cat","embeddable":true,"href":"https:\/\/www.autonvaraosahaku.fi\/index.php?rest_route=%2Fwp%2Fv2%2Fproduct_cat&post=84632"},{"taxonomy":"product_tag","embeddable":true,"href":"https:\/\/www.autonvaraosahaku.fi\/index.php?rest_route=%2Fwp%2Fv2%2Fproduct_tag&post=84632"}],"curies":[{"name":"wp","href":"https:\/\/api.w.org\/{rel}","templated":true}]}}