{"id":84643,"date":"2021-02-21T20:36:51","date_gmt":"2021-02-21T20:36:51","guid":{"rendered":"https:\/\/www.autonvaraosahaku.fi\/?product=trw-jte7566-raidetangon-paa"},"modified":"2021-02-21T20:36:56","modified_gmt":"2021-02-21T20:36:56","slug":"trw-jte7566-raidetangon-paa","status":"publish","type":"product","link":"https:\/\/www.autonvaraosahaku.fi\/?product=trw-jte7566-raidetangon-paa","title":{"rendered":"TRW JTE7566 Raidetangon p\u00e4\u00e4"},"content":{"rendered":"<p>Pituus (mm): 183; Kartiomitta (mm): 13,5; Kierre 1: M12x1,25; kierre 2: M16x1,5; parilliset tuotenumerot: JTE7567; Asennuspuoli: Vorderachse links; MITSUBISHI: PAJERO III V7_W, V6_W,L 200 KB_T, KA_T,PAJERO CLASSIC V2_W,PAJERO III Gel\u00e4ndewagen offen V6_W, V7_W,PAJERO SPORT II KH_, KG_,L200 KJ_,L200 Pritsche\/Fahrgestell MQ; 4422A009, 4422A096, MR508135, MR961980<\/p>\n","protected":false},"excerpt":{"rendered":"<p>TRW Raidetangon P\u00e4\u00e4 JTE7566  MITSUBISHI,PAJERO III V7_W, V6_W,L 200 KB_T, KA_T,PAJERO CLASSIC V2_W,PAJERO III Gel\u00e4ndewagen offen V6_W, V7_W<\/p>\n","protected":false},"featured_media":0,"template":"","meta":{"site-sidebar-layout":"default","site-content-layout":"default","ast-global-header-display":"","ast-main-header-display":"","ast-hfb-above-header-display":"","ast-hfb-below-header-display":"","ast-hfb-mobile-header-display":"","site-post-title":"","ast-breadcrumbs-content":"","ast-featured-img":"","footer-sml-layout":"","theme-transparent-header-meta":"","adv-header-id-meta":"","stick-header-meta":"","header-above-stick-meta":"","header-main-stick-meta":"","header-below-stick-meta":""},"pwb-brand":[332],"product_cat":[96],"product_tag":[],"class_list":{"0":"post-84643","1":"product","2":"type-product","3":"status-publish","5":"pwb-brand-trw","6":"product_cat-raidetangon-paa","7":"desktop-align-left","8":"tablet-align-left","9":"mobile-align-left","11":"first","12":"instock","13":"product-type-external"},"brands":[{"id":332,"name":"TRW","slug":"trw"}],"_links":{"self":[{"href":"https:\/\/www.autonvaraosahaku.fi\/index.php?rest_route=\/wp\/v2\/product\/84643","targetHints":{"allow":["GET"]}}],"collection":[{"href":"https:\/\/www.autonvaraosahaku.fi\/index.php?rest_route=\/wp\/v2\/product"}],"about":[{"href":"https:\/\/www.autonvaraosahaku.fi\/index.php?rest_route=\/wp\/v2\/types\/product"}],"wp:attachment":[{"href":"https:\/\/www.autonvaraosahaku.fi\/index.php?rest_route=%2Fwp%2Fv2%2Fmedia&parent=84643"}],"wp:term":[{"taxonomy":"pwb-brand","embeddable":true,"href":"https:\/\/www.autonvaraosahaku.fi\/index.php?rest_route=%2Fwp%2Fv2%2Fpwb-brand&post=84643"},{"taxonomy":"product_cat","embeddable":true,"href":"https:\/\/www.autonvaraosahaku.fi\/index.php?rest_route=%2Fwp%2Fv2%2Fproduct_cat&post=84643"},{"taxonomy":"product_tag","embeddable":true,"href":"https:\/\/www.autonvaraosahaku.fi\/index.php?rest_route=%2Fwp%2Fv2%2Fproduct_tag&post=84643"}],"curies":[{"name":"wp","href":"https:\/\/api.w.org\/{rel}","templated":true}]}}