{"id":84649,"date":"2021-02-21T20:36:51","date_gmt":"2021-02-21T20:36:51","guid":{"rendered":"https:\/\/www.autonvaraosahaku.fi\/?product=mapco-88407-jaahdytysnesteen-lampotila-anturi"},"modified":"2021-02-21T20:36:58","modified_gmt":"2021-02-21T20:36:58","slug":"mapco-88407-jaahdytysnesteen-lampotila-anturi","status":"publish","type":"product","link":"https:\/\/www.autonvaraosahaku.fi\/?product=mapco-88407-jaahdytysnesteen-lampotila-anturi","title":{"rendered":"MAPCO 88407 J\u00e4\u00e4hdytysnesteen l\u00e4mp\u00f6tila anturi"},"content":{"rendered":"<p>Kopan l\u00e4pimitta (mm): 20; V\u00e4ri: Vihre\u00e4; Liittimi\u00e4: 2; Moottorinumero: TU5JP4; PEUGEOT: 206 Schr\u00e4gheck 2A\/C,206 CC 2D,207 WA_, WC_,307 SW 3H,307 CC 3B,307 3A\/C,308 SW,206 SW 2E\/K,308 4A_, 4C_,307 Break 3E,PARTNER Tepee,1007 KM_,PARTNER Kasten,207 Stufenheck,206 Stufenheck; CITRO\u00cbN: BERLINGO MF,XSARA PICASSO N68,C2 JM_,C3 I FC_,BERLINGO B9,C4 I LC_,C4 Coupe LA_,C3 Pluriel HB_,BERLINGO Kasten B9,C4 Stufenheck L; MINI: MINI R56,MINI CLUBMAN R55,MINI Cabriolet R57; 1338F3, 1338F8, 96566364, 13627535068, 1338F3, 1338F8, 96566364; J\u00e4\u00e4hdytysnestel\u00e4mp\u00f6tilan Sensori<\/p>\n","protected":false},"excerpt":{"rendered":"<p>MAPCO J\u00e4\u00e4hdytysnesteen L\u00e4mp\u00f6tila Anturi 88407 J\u00e4\u00e4hdytysnestel\u00e4mp\u00f6tilan Sensori PEUGEOT,CITRO\u00cbN,MINI,206 Schr\u00e4gheck 2A\/C,206 CC 2D,207 WA_, WC_<\/p>\n","protected":false},"featured_media":0,"template":"","meta":{"site-sidebar-layout":"default","site-content-layout":"default","ast-global-header-display":"","ast-main-header-display":"","ast-hfb-above-header-display":"","ast-hfb-below-header-display":"","ast-hfb-mobile-header-display":"","site-post-title":"","ast-breadcrumbs-content":"","ast-featured-img":"","footer-sml-layout":"","theme-transparent-header-meta":"","adv-header-id-meta":"","stick-header-meta":"","header-above-stick-meta":"","header-main-stick-meta":"","header-below-stick-meta":""},"pwb-brand":[36],"product_cat":[200],"product_tag":[],"class_list":{"0":"post-84649","1":"product","2":"type-product","3":"status-publish","5":"pwb-brand-mapco","6":"product_cat-jaahdytysnesteen-lampotila-anturi","7":"desktop-align-left","8":"tablet-align-left","9":"mobile-align-left","11":"first","12":"instock","13":"product-type-external"},"brands":[{"id":36,"name":"MAPCO","slug":"mapco"}],"_links":{"self":[{"href":"https:\/\/www.autonvaraosahaku.fi\/index.php?rest_route=\/wp\/v2\/product\/84649","targetHints":{"allow":["GET"]}}],"collection":[{"href":"https:\/\/www.autonvaraosahaku.fi\/index.php?rest_route=\/wp\/v2\/product"}],"about":[{"href":"https:\/\/www.autonvaraosahaku.fi\/index.php?rest_route=\/wp\/v2\/types\/product"}],"wp:attachment":[{"href":"https:\/\/www.autonvaraosahaku.fi\/index.php?rest_route=%2Fwp%2Fv2%2Fmedia&parent=84649"}],"wp:term":[{"taxonomy":"pwb-brand","embeddable":true,"href":"https:\/\/www.autonvaraosahaku.fi\/index.php?rest_route=%2Fwp%2Fv2%2Fpwb-brand&post=84649"},{"taxonomy":"product_cat","embeddable":true,"href":"https:\/\/www.autonvaraosahaku.fi\/index.php?rest_route=%2Fwp%2Fv2%2Fproduct_cat&post=84649"},{"taxonomy":"product_tag","embeddable":true,"href":"https:\/\/www.autonvaraosahaku.fi\/index.php?rest_route=%2Fwp%2Fv2%2Fproduct_tag&post=84649"}],"curies":[{"name":"wp","href":"https:\/\/api.w.org\/{rel}","templated":true}]}}