{"id":8465,"date":"2021-02-21T14:03:08","date_gmt":"2021-02-21T14:03:08","guid":{"rendered":"https:\/\/www.autonvaraosahaku.fi\/?product=master-sport-14800-set-ms-raidetangon-paa"},"modified":"2021-02-21T14:03:09","modified_gmt":"2021-02-21T14:03:09","slug":"master-sport-14800-set-ms-raidetangon-paa","status":"publish","type":"product","link":"https:\/\/www.autonvaraosahaku.fi\/?product=master-sport-14800-set-ms-raidetangon-paa","title":{"rendered":"MASTER-SPORT 14800-SET-MS Raidetangon p\u00e4\u00e4"},"content":{"rendered":"<p>Asennuspuoli: Etuakseli, Ulompi, links; Kierremalli: Oikealla kierteell\u00e4; Ulkokierre [mm]: M14x1,5; Lukum\u00e4\u00e4r\u00e4 akselille: 1; parilliset tuotenumerot: 14799-SET-MS; Nettopaino [kg]: 0,36; Bruttopaino [kg]: 0,4; CITRO\u00cbN: C4 I LC_,SAXO S0, S1,C4 Coupe LA_,XM Y4,XANTIA X2,XANTIA X1,AX ZA-_,C4 Stufenheck L,XANTIA Break X2,XM Y3,XANTIA Break X1,XM Break Y4,XM Break Y3; PEUGEOT: 206 Schr\u00e4gheck 2A\/C,206 CC 2D,207 WA_, WC_,307 SW 3H,307 CC 3B,307 3A\/C,207 SW WK_,206 SW 2E\/K,106 II 1,206+ T3E,307 Break 3E,106 I 1A, 1C,207 Stufenheck,206 Stufenheck,206 Van,605 6B,106 Van 1_,305 II 581M,305 II Break 581E; 1607316380, 381716, 381731, 381742, 9458084280, 9471007565, 1607316380, 381716, 381731, 381742<\/p>\n","protected":false},"excerpt":{"rendered":"<p>MASTER-SPORT Raidetangon P\u00e4\u00e4 14800-SET-MS  CITRO\u00cbN,PEUGEOT,C4 I LC_,SAXO S0, S1,C4 Coupe LA_,XM Y4,XANTIA X2,XANTIA X1,AX ZA-_,C4 Stufenheck L<\/p>\n","protected":false},"featured_media":0,"template":"","meta":{"site-sidebar-layout":"default","site-content-layout":"default","ast-global-header-display":"","ast-main-header-display":"","ast-hfb-above-header-display":"","ast-hfb-below-header-display":"","ast-hfb-mobile-header-display":"","site-post-title":"","ast-breadcrumbs-content":"","ast-featured-img":"","footer-sml-layout":"","theme-transparent-header-meta":"","adv-header-id-meta":"","stick-header-meta":"","header-above-stick-meta":"","header-main-stick-meta":"","header-below-stick-meta":""},"pwb-brand":[61],"product_cat":[96],"product_tag":[],"class_list":{"0":"post-8465","1":"product","2":"type-product","3":"status-publish","5":"pwb-brand-master-sport","6":"product_cat-raidetangon-paa","7":"desktop-align-left","8":"tablet-align-left","9":"mobile-align-left","11":"first","12":"instock","13":"product-type-external"},"brands":[{"id":61,"name":"MASTER-SPORT","slug":"master-sport"}],"_links":{"self":[{"href":"https:\/\/www.autonvaraosahaku.fi\/index.php?rest_route=\/wp\/v2\/product\/8465","targetHints":{"allow":["GET"]}}],"collection":[{"href":"https:\/\/www.autonvaraosahaku.fi\/index.php?rest_route=\/wp\/v2\/product"}],"about":[{"href":"https:\/\/www.autonvaraosahaku.fi\/index.php?rest_route=\/wp\/v2\/types\/product"}],"wp:attachment":[{"href":"https:\/\/www.autonvaraosahaku.fi\/index.php?rest_route=%2Fwp%2Fv2%2Fmedia&parent=8465"}],"wp:term":[{"taxonomy":"pwb-brand","embeddable":true,"href":"https:\/\/www.autonvaraosahaku.fi\/index.php?rest_route=%2Fwp%2Fv2%2Fpwb-brand&post=8465"},{"taxonomy":"product_cat","embeddable":true,"href":"https:\/\/www.autonvaraosahaku.fi\/index.php?rest_route=%2Fwp%2Fv2%2Fproduct_cat&post=8465"},{"taxonomy":"product_tag","embeddable":true,"href":"https:\/\/www.autonvaraosahaku.fi\/index.php?rest_route=%2Fwp%2Fv2%2Fproduct_tag&post=8465"}],"curies":[{"name":"wp","href":"https:\/\/api.w.org\/{rel}","templated":true}]}}