{"id":84653,"date":"2021-02-21T20:36:59","date_gmt":"2021-02-21T20:36:59","guid":{"rendered":"https:\/\/www.autonvaraosahaku.fi\/?product=sidem-867708-tukivarren-hela"},"modified":"2021-02-21T20:37:00","modified_gmt":"2021-02-21T20:37:00","slug":"sidem-867708-tukivarren-hela","status":"publish","type":"product","link":"https:\/\/www.autonvaraosahaku.fi\/?product=sidem-867708-tukivarren-hela","title":{"rendered":"SIDEM 867708 Tukivarren hela"},"content":{"rendered":"<p>Asennuspuoli: Ulompi, Taka-akseli, molemminpuolinen; Kokonaispituus (mm): 48,2; Sis\u00e4l\u00e4pimitta [mm]: 20,2; Ulkol\u00e4pimitta [mm]: 43; Ohjausmalli: Poikittaistukivarsi; Kiinnitysmalli: Kumimetallilaakeri; Varustelumahdollisuudet: AWD; VOLVO: V70 II SW,XC90 I,S60 I,S80 I TS, XY,XC70 CROSS COUNTRY; 30748890, 8667020, 8672220, 9173761<\/p>\n","protected":false},"excerpt":{"rendered":"<p>SIDEM Tukivarren Hela 867708  VOLVO,V70 II SW,XC90 I,S60 I,S80 I TS, XY,XC70 CROSS COUNTRY<\/p>\n","protected":false},"featured_media":0,"template":"","meta":{"site-sidebar-layout":"default","site-content-layout":"default","ast-global-header-display":"","ast-main-header-display":"","ast-hfb-above-header-display":"","ast-hfb-below-header-display":"","ast-hfb-mobile-header-display":"","site-post-title":"","ast-breadcrumbs-content":"","ast-featured-img":"","footer-sml-layout":"","theme-transparent-header-meta":"","adv-header-id-meta":"","stick-header-meta":"","header-above-stick-meta":"","header-main-stick-meta":"","header-below-stick-meta":""},"pwb-brand":[195],"product_cat":[115],"product_tag":[],"class_list":{"0":"post-84653","1":"product","2":"type-product","3":"status-publish","5":"pwb-brand-sidem","6":"product_cat-tukivarren-hela","7":"desktop-align-left","8":"tablet-align-left","9":"mobile-align-left","11":"first","12":"instock","13":"product-type-external"},"brands":[{"id":195,"name":"SIDEM","slug":"sidem"}],"_links":{"self":[{"href":"https:\/\/www.autonvaraosahaku.fi\/index.php?rest_route=\/wp\/v2\/product\/84653","targetHints":{"allow":["GET"]}}],"collection":[{"href":"https:\/\/www.autonvaraosahaku.fi\/index.php?rest_route=\/wp\/v2\/product"}],"about":[{"href":"https:\/\/www.autonvaraosahaku.fi\/index.php?rest_route=\/wp\/v2\/types\/product"}],"wp:attachment":[{"href":"https:\/\/www.autonvaraosahaku.fi\/index.php?rest_route=%2Fwp%2Fv2%2Fmedia&parent=84653"}],"wp:term":[{"taxonomy":"pwb-brand","embeddable":true,"href":"https:\/\/www.autonvaraosahaku.fi\/index.php?rest_route=%2Fwp%2Fv2%2Fpwb-brand&post=84653"},{"taxonomy":"product_cat","embeddable":true,"href":"https:\/\/www.autonvaraosahaku.fi\/index.php?rest_route=%2Fwp%2Fv2%2Fproduct_cat&post=84653"},{"taxonomy":"product_tag","embeddable":true,"href":"https:\/\/www.autonvaraosahaku.fi\/index.php?rest_route=%2Fwp%2Fv2%2Fproduct_tag&post=84653"}],"curies":[{"name":"wp","href":"https:\/\/api.w.org\/{rel}","templated":true}]}}