{"id":84732,"date":"2021-02-21T20:37:30","date_gmt":"2021-02-21T20:37:30","guid":{"rendered":"https:\/\/www.autonvaraosahaku.fi\/?product=ridex-1427j0011-kardaanin-kuminivel"},"modified":"2021-02-21T20:37:31","modified_gmt":"2021-02-21T20:37:31","slug":"ridex-1427j0011-kardaanin-kuminivel","status":"publish","type":"product","link":"https:\/\/www.autonvaraosahaku.fi\/?product=ridex-1427j0011-kardaanin-kuminivel","title":{"rendered":"RIDEX 1427J0011 Kardaanin kuminivel"},"content":{"rendered":"<p>Asennuspuoli: Edess\u00e4; L\u00e4pimitta [mm]: 155; Lis\u00e4tarvike\/lis\u00e4tieto: Ilman asennusmateriaalia; Nivelmalli: Kumi-\/Hardynivel; Reikien m\u00e4\u00e4r\u00e4: 6; Reik\u00e4ympyr\u00e4-\u00d8 [mm]: 110; M\u00e4\u00e4r\u00e4yksikk\u00f6: Kappale; Vaihteistomalli: f\u00fcr Automatikgetriebe; BMW: 3 E46,3 Touring E91,3 E90,5 E39,5 E60,5 Touring E61,3 Touring E46,X3 E83,5 Touring E39,3 Coupe E46,1 E81,3 Coupe E92,3 Cabriolet E46,7 E38,3 Cabriolet E93,7 E65, E66, E67,1 Cabriolet E88,1 Coupe E82,6 E63,6 Cabriolet E64; 26111229754, 26117542238, 26117572664; R\u00e4ttinivel,Nivel, Pitkitt\u00e4isakseli<\/p>\n","protected":false},"excerpt":{"rendered":"<p>RIDEX Kardaanin Kuminivel 1427J0011 R\u00e4ttinivel,Nivel, Pitkitt\u00e4isakseli BMW,3 E46,3 Touring E91,3 E90,5 E39,5 E60,5 Touring E61,3 Touring E46,X3 E83<\/p>\n","protected":false},"featured_media":0,"template":"","meta":{"site-sidebar-layout":"default","site-content-layout":"default","ast-global-header-display":"","ast-main-header-display":"","ast-hfb-above-header-display":"","ast-hfb-below-header-display":"","ast-hfb-mobile-header-display":"","site-post-title":"","ast-breadcrumbs-content":"","ast-featured-img":"","footer-sml-layout":"","theme-transparent-header-meta":"","adv-header-id-meta":"","stick-header-meta":"","header-above-stick-meta":"","header-main-stick-meta":"","header-below-stick-meta":""},"pwb-brand":[157],"product_cat":[56],"product_tag":[],"class_list":{"0":"post-84732","1":"product","2":"type-product","3":"status-publish","5":"pwb-brand-ridex","6":"product_cat-kardaanin-kuminivel","7":"desktop-align-left","8":"tablet-align-left","9":"mobile-align-left","11":"first","12":"instock","13":"product-type-external"},"brands":[{"id":157,"name":"RIDEX","slug":"ridex"}],"_links":{"self":[{"href":"https:\/\/www.autonvaraosahaku.fi\/index.php?rest_route=\/wp\/v2\/product\/84732","targetHints":{"allow":["GET"]}}],"collection":[{"href":"https:\/\/www.autonvaraosahaku.fi\/index.php?rest_route=\/wp\/v2\/product"}],"about":[{"href":"https:\/\/www.autonvaraosahaku.fi\/index.php?rest_route=\/wp\/v2\/types\/product"}],"wp:attachment":[{"href":"https:\/\/www.autonvaraosahaku.fi\/index.php?rest_route=%2Fwp%2Fv2%2Fmedia&parent=84732"}],"wp:term":[{"taxonomy":"pwb-brand","embeddable":true,"href":"https:\/\/www.autonvaraosahaku.fi\/index.php?rest_route=%2Fwp%2Fv2%2Fpwb-brand&post=84732"},{"taxonomy":"product_cat","embeddable":true,"href":"https:\/\/www.autonvaraosahaku.fi\/index.php?rest_route=%2Fwp%2Fv2%2Fproduct_cat&post=84732"},{"taxonomy":"product_tag","embeddable":true,"href":"https:\/\/www.autonvaraosahaku.fi\/index.php?rest_route=%2Fwp%2Fv2%2Fproduct_tag&post=84732"}],"curies":[{"name":"wp","href":"https:\/\/api.w.org\/{rel}","templated":true}]}}