{"id":84750,"date":"2021-02-21T20:37:38","date_gmt":"2021-02-21T20:37:38","guid":{"rendered":"https:\/\/www.autonvaraosahaku.fi\/?product=valeo-832168-kytkinpaketti"},"modified":"2021-02-21T20:37:38","modified_gmt":"2021-02-21T20:37:38","slug":"valeo-832168-kytkinpaketti","status":"publish","type":"product","link":"https:\/\/www.autonvaraosahaku.fi\/?product=valeo-832168-kytkinpaketti","title":{"rendered":"VALEO 832168 Kytkinpaketti"},"content":{"rendered":"<p>Uusi osa: ; Lis\u00e4tarvike\/lis\u00e4tieto: Painelevyll\u00e4, Ilman irroitusmekanismia; Ulkol\u00e4pimitta [mm]: 240; Versio: DBC; Ty\u00f6nt\u00f6voima [N]: 6100; Korvaava tuote\/korvaava tiedote 2: Kytkinlevyll\u00e4; Ulkol\u00e4pimitta 1 [mm]: 240; Sis\u00e4l\u00e4pimitta 1 [mm]: 160; Hammasluku: 20; Napaprofiili: 23,10 x 20,02; Paino [kg]: 4,69; Tuotelinja: KIT2P; Moottorinumero: A17DTC,A17DTE,A17DTJ; CHEVROLET: CRUZE J300,CRUZE Station Wagon J308,CRUZE Schr\u00e4gheck J305,TRAX; OPEL: CORSA D,ASTRA H Caravan L35,MERIVA,ASTRA H L48,ASTRA J Sports Tourer,ASTRA J,ASTRA H GTC L08,MERIVA B,MOKKA,ASTRA GTC J,ASTRA J Stufenheck,ASTRA H Stufenheck L69,ASTRA H Kasten L70,ASTRA CLASSIC Caravan,ASTRA CLASSIC L48,ASTRA CLASSIC Stufenheck; VAUXHALL: CORSA Mk III D L_8,ASTRA Mk V H CC,ASTRA Mk V H Estate,ASTRA Mk VI J CC,ASTRA Mk VI J,MERIVA Mk I A,MERIVA Mk II B,ASTRA Mk VI J Sedan,ASTRA Mk VI J Estate,MOKKA,ASTRAVAN Mk V H; 95518829, 6606016, 93190883, 95518829, 93190883, 95518829; Kytkinsarja<\/p>\n","protected":false},"excerpt":{"rendered":"<p>VALEO Kytkinpaketti 832168 Kytkinsarja CHEVROLET,OPEL,VAUXHALL,CRUZE J300,CRUZE Station Wagon J308,CRUZE Schr\u00e4gheck J305,TRAX,CORSA D<\/p>\n","protected":false},"featured_media":0,"template":"","meta":{"site-sidebar-layout":"default","site-content-layout":"default","ast-global-header-display":"","ast-main-header-display":"","ast-hfb-above-header-display":"","ast-hfb-below-header-display":"","ast-hfb-mobile-header-display":"","site-post-title":"","ast-breadcrumbs-content":"","ast-featured-img":"","footer-sml-layout":"","theme-transparent-header-meta":"","adv-header-id-meta":"","stick-header-meta":"","header-above-stick-meta":"","header-main-stick-meta":"","header-below-stick-meta":""},"pwb-brand":[28],"product_cat":[21],"product_tag":[],"class_list":{"0":"post-84750","1":"product","2":"type-product","3":"status-publish","5":"pwb-brand-valeo","6":"product_cat-kytkinpaketti","7":"desktop-align-left","8":"tablet-align-left","9":"mobile-align-left","11":"first","12":"instock","13":"product-type-external"},"brands":[{"id":28,"name":"VALEO","slug":"valeo"}],"_links":{"self":[{"href":"https:\/\/www.autonvaraosahaku.fi\/index.php?rest_route=\/wp\/v2\/product\/84750","targetHints":{"allow":["GET"]}}],"collection":[{"href":"https:\/\/www.autonvaraosahaku.fi\/index.php?rest_route=\/wp\/v2\/product"}],"about":[{"href":"https:\/\/www.autonvaraosahaku.fi\/index.php?rest_route=\/wp\/v2\/types\/product"}],"wp:attachment":[{"href":"https:\/\/www.autonvaraosahaku.fi\/index.php?rest_route=%2Fwp%2Fv2%2Fmedia&parent=84750"}],"wp:term":[{"taxonomy":"pwb-brand","embeddable":true,"href":"https:\/\/www.autonvaraosahaku.fi\/index.php?rest_route=%2Fwp%2Fv2%2Fpwb-brand&post=84750"},{"taxonomy":"product_cat","embeddable":true,"href":"https:\/\/www.autonvaraosahaku.fi\/index.php?rest_route=%2Fwp%2Fv2%2Fproduct_cat&post=84750"},{"taxonomy":"product_tag","embeddable":true,"href":"https:\/\/www.autonvaraosahaku.fi\/index.php?rest_route=%2Fwp%2Fv2%2Fproduct_tag&post=84750"}],"curies":[{"name":"wp","href":"https:\/\/api.w.org\/{rel}","templated":true}]}}