{"id":84754,"date":"2021-02-21T20:37:38","date_gmt":"2021-02-21T20:37:38","guid":{"rendered":"https:\/\/www.autonvaraosahaku.fi\/?product=swf-119431-pyyhkijansulat"},"modified":"2021-02-21T20:37:39","modified_gmt":"2021-02-21T20:37:39","slug":"swf-119431-pyyhkijansulat","status":"publish","type":"product","link":"https:\/\/www.autonvaraosahaku.fi\/?product=swf-119431-pyyhkijansulat","title":{"rendered":"SWF 119431 Pyyhkij\u00e4nsulat"},"content":{"rendered":"<p>Vasen \/ oikea liikenne: Ohjaus vasemmalla; Asennuspuoli: Edess\u00e4; M\u00e4\u00e4r\u00e4: 2; Pituus 1 (mm): 650; Pituus 2 (mm): 475; Pituus1\/pituus2 [tuuma]: 26\/19; Muotoilu: Spoilerilla; Paino [kg]: 0,28; Tuotelinja: VisioFlex, ORIGINAL VISIOFLEX SET; Pyyhkij\u00e4nsulkatyyppi: Rungottomat; Valmistusvuosi alkaen: 09\/2014; BMW: 2 Active Tourer F45,2 Gran Tourer F46,5 G30,7 G11, G12,5 Touring G31; NISSAN: NV300 Kasten X82,NV300 Kombi X82; LAND ROVER: RANGE ROVER IV LG,RANGE ROVER VELAR L560; OPEL: VIVARO Combi,VIVARO Kasten,VIVARO Pritsche\/Fahrgestell; JAGUAR: F-PACE X761_; FIAT: TALENTO Kasten 296_,TALENTO Bus 296_,TALENTO Pritsche\/Fahrgestell 296_; RENAULT: TRAFIC III Kasten,TRAFIC III Bus,TRAFIC III Pritsche\/Fahrgestell EG_; Tuulilasinpyyhkimet,Pyyhkij\u00e4t,Pyyhkij\u00e4nsulka<\/p>\n","protected":false},"excerpt":{"rendered":"<p>SWF Pyyhkij\u00e4nsulat 119431 Tuulilasinpyyhkimet,Pyyhkij\u00e4t BMW,NISSAN,LAND ROVER,2 Active Tourer F45,2 Gran Tourer F46,5 G30,7 G11, G12,5 Touring G31<\/p>\n","protected":false},"featured_media":0,"template":"","meta":{"site-sidebar-layout":"default","site-content-layout":"default","ast-global-header-display":"","ast-main-header-display":"","ast-hfb-above-header-display":"","ast-hfb-below-header-display":"","ast-hfb-mobile-header-display":"","site-post-title":"","ast-breadcrumbs-content":"","ast-featured-img":"","footer-sml-layout":"","theme-transparent-header-meta":"","adv-header-id-meta":"","stick-header-meta":"","header-above-stick-meta":"","header-main-stick-meta":"","header-below-stick-meta":""},"pwb-brand":[204],"product_cat":[33],"product_tag":[],"class_list":{"0":"post-84754","1":"product","2":"type-product","3":"status-publish","5":"pwb-brand-swf","6":"product_cat-pyyhkijansulat","7":"desktop-align-left","8":"tablet-align-left","9":"mobile-align-left","11":"first","12":"instock","13":"product-type-external"},"brands":[{"id":204,"name":"SWF","slug":"swf"}],"_links":{"self":[{"href":"https:\/\/www.autonvaraosahaku.fi\/index.php?rest_route=\/wp\/v2\/product\/84754","targetHints":{"allow":["GET"]}}],"collection":[{"href":"https:\/\/www.autonvaraosahaku.fi\/index.php?rest_route=\/wp\/v2\/product"}],"about":[{"href":"https:\/\/www.autonvaraosahaku.fi\/index.php?rest_route=\/wp\/v2\/types\/product"}],"wp:attachment":[{"href":"https:\/\/www.autonvaraosahaku.fi\/index.php?rest_route=%2Fwp%2Fv2%2Fmedia&parent=84754"}],"wp:term":[{"taxonomy":"pwb-brand","embeddable":true,"href":"https:\/\/www.autonvaraosahaku.fi\/index.php?rest_route=%2Fwp%2Fv2%2Fpwb-brand&post=84754"},{"taxonomy":"product_cat","embeddable":true,"href":"https:\/\/www.autonvaraosahaku.fi\/index.php?rest_route=%2Fwp%2Fv2%2Fproduct_cat&post=84754"},{"taxonomy":"product_tag","embeddable":true,"href":"https:\/\/www.autonvaraosahaku.fi\/index.php?rest_route=%2Fwp%2Fv2%2Fproduct_tag&post=84754"}],"curies":[{"name":"wp","href":"https:\/\/api.w.org\/{rel}","templated":true}]}}