{"id":84757,"date":"2021-02-21T20:37:38","date_gmt":"2021-02-21T20:37:38","guid":{"rendered":"https:\/\/www.autonvaraosahaku.fi\/?product=autofren-seinsa-d7055c-jarrusatula-korjaussarja"},"modified":"2021-02-21T20:37:40","modified_gmt":"2021-02-21T20:37:40","slug":"autofren-seinsa-d7055c-jarrusatula-korjaussarja","status":"publish","type":"product","link":"https:\/\/www.autonvaraosahaku.fi\/?product=autofren-seinsa-d7055c-jarrusatula-korjaussarja","title":{"rendered":"AUTOFREN SEINSA D7055C Jarrusatula korjaussarja"},"content":{"rendered":"<p>T\u00e4yssarja: ; Jarruj\u00e4rjestelm\u00e4: BOSCH; Erittely: WITH GUIDE PINS; L\u00e4pimitta 1\/l\u00e4pimitta 2 [mm]: 16\/16; Asennuspuoli: Hinterachse; VW: LT 28-46 II Kasten 2DA, 2DD, 2DH,LT 28-35 II Bus 2DB, 2DE, 2DK,LT 28-46 II Pritsche\/Fahrgestell 2DC, 2DF, 2DG, 2DL, 2DM; MERCEDES-BENZ: VITO Bus W639,VITO \/ MIXTO Kasten W639,G-CLASS W463,VITO Bus 638,SPRINTER 3-t Kasten 903,SPRINTER 2-t Bus 901, 902,V-CLASS 638\/2,SPRINTER 2-t Kasten 901, 902,SPRINTER 3-t Bus 903,SPRINTER 3-t Pritsche\/Fahrgestell 903,VITO Kasten 638,SPRINTER 4-t Pritsche\/Fahrgestell 904,SPRINTER 2-t Pritsche\/Fahrgestell 901, 902,SPRINTER 4-t Kasten 904,G-CLASS Cabrio W463,SPRINTER 4-t Bus 904; Ohjainhylsysarja, Jarrusatula<\/p>\n","protected":false},"excerpt":{"rendered":"<p>AUTOFREN SEINSA Ohjaustappi D7055C Ohjainhylsysarja, Jarrusatula VW,MERCEDES-BENZ,LT 28-46 II Kasten 2DA, 2DD, 2DH,LT 28-35 II Bus 2DB, 2DE, 2DK<\/p>\n","protected":false},"featured_media":0,"template":"","meta":{"site-sidebar-layout":"default","site-content-layout":"default","ast-global-header-display":"","ast-main-header-display":"","ast-hfb-above-header-display":"","ast-hfb-below-header-display":"","ast-hfb-mobile-header-display":"","site-post-title":"","ast-breadcrumbs-content":"","ast-featured-img":"","footer-sml-layout":"","theme-transparent-header-meta":"","adv-header-id-meta":"","stick-header-meta":"","header-above-stick-meta":"","header-main-stick-meta":"","header-below-stick-meta":""},"pwb-brand":[243],"product_cat":[57],"product_tag":[],"class_list":{"0":"post-84757","1":"product","2":"type-product","3":"status-publish","5":"pwb-brand-autofren-seinsa","6":"product_cat-jarrusatula-korjaussarja","7":"desktop-align-left","8":"tablet-align-left","9":"mobile-align-left","11":"first","12":"instock","13":"product-type-external"},"brands":[{"id":243,"name":"AUTOFREN SEINSA","slug":"autofren-seinsa"}],"_links":{"self":[{"href":"https:\/\/www.autonvaraosahaku.fi\/index.php?rest_route=\/wp\/v2\/product\/84757","targetHints":{"allow":["GET"]}}],"collection":[{"href":"https:\/\/www.autonvaraosahaku.fi\/index.php?rest_route=\/wp\/v2\/product"}],"about":[{"href":"https:\/\/www.autonvaraosahaku.fi\/index.php?rest_route=\/wp\/v2\/types\/product"}],"wp:attachment":[{"href":"https:\/\/www.autonvaraosahaku.fi\/index.php?rest_route=%2Fwp%2Fv2%2Fmedia&parent=84757"}],"wp:term":[{"taxonomy":"pwb-brand","embeddable":true,"href":"https:\/\/www.autonvaraosahaku.fi\/index.php?rest_route=%2Fwp%2Fv2%2Fpwb-brand&post=84757"},{"taxonomy":"product_cat","embeddable":true,"href":"https:\/\/www.autonvaraosahaku.fi\/index.php?rest_route=%2Fwp%2Fv2%2Fproduct_cat&post=84757"},{"taxonomy":"product_tag","embeddable":true,"href":"https:\/\/www.autonvaraosahaku.fi\/index.php?rest_route=%2Fwp%2Fv2%2Fproduct_tag&post=84757"}],"curies":[{"name":"wp","href":"https:\/\/api.w.org\/{rel}","templated":true}]}}