{"id":84778,"date":"2021-02-21T20:37:45","date_gmt":"2021-02-21T20:37:45","guid":{"rendered":"https:\/\/www.autonvaraosahaku.fi\/?product=skf-vkd-75020-t-iskunvaimentimen-tukilaakeri"},"modified":"2021-02-21T20:37:48","modified_gmt":"2021-02-21T20:37:48","slug":"skf-vkd-75020-t-iskunvaimentimen-tukilaakeri","status":"publish","type":"product","link":"https:\/\/www.autonvaraosahaku.fi\/?product=skf-vkd-75020-t-iskunvaimentimen-tukilaakeri","title":{"rendered":"SKF VKD 75020 T Iskunvaimentimen tukilaakeri"},"content":{"rendered":"<p>Lukum\u00e4\u00e4r\u00e4 akselille: 1; Asennuspuoli: Vorderachse; HONDA: CIVIC VIII Hatchback FN, FK,CIVIC IX FK,CIVIC VIII Stufenheck FD, FA,CIVIC IX Stufenheck FB, FG,CIVIC IX Tourer FK; 51726TV0E01<\/p>\n","protected":false},"excerpt":{"rendered":"<p>SKF Rullalaakeri, Jousijalkalaakeri VKD 75020 T  HONDA,CIVIC VIII Hatchback FN, FK,CIVIC IX FK,CIVIC VIII Stufenheck FD, FA,CIVIC IX Stufenheck FB, FG<\/p>\n","protected":false},"featured_media":0,"template":"","meta":{"site-sidebar-layout":"default","site-content-layout":"default","ast-global-header-display":"","ast-main-header-display":"","ast-hfb-above-header-display":"","ast-hfb-below-header-display":"","ast-hfb-mobile-header-display":"","site-post-title":"","ast-breadcrumbs-content":"","ast-featured-img":"","footer-sml-layout":"","theme-transparent-header-meta":"","adv-header-id-meta":"","stick-header-meta":"","header-above-stick-meta":"","header-main-stick-meta":"","header-below-stick-meta":""},"pwb-brand":[237],"product_cat":[106],"product_tag":[],"class_list":{"0":"post-84778","1":"product","2":"type-product","3":"status-publish","5":"pwb-brand-skf","6":"product_cat-iskunvaimentimen-tukilaakeri","7":"desktop-align-left","8":"tablet-align-left","9":"mobile-align-left","11":"first","12":"instock","13":"product-type-external"},"brands":[{"id":237,"name":"SKF","slug":"skf"}],"_links":{"self":[{"href":"https:\/\/www.autonvaraosahaku.fi\/index.php?rest_route=\/wp\/v2\/product\/84778","targetHints":{"allow":["GET"]}}],"collection":[{"href":"https:\/\/www.autonvaraosahaku.fi\/index.php?rest_route=\/wp\/v2\/product"}],"about":[{"href":"https:\/\/www.autonvaraosahaku.fi\/index.php?rest_route=\/wp\/v2\/types\/product"}],"wp:attachment":[{"href":"https:\/\/www.autonvaraosahaku.fi\/index.php?rest_route=%2Fwp%2Fv2%2Fmedia&parent=84778"}],"wp:term":[{"taxonomy":"pwb-brand","embeddable":true,"href":"https:\/\/www.autonvaraosahaku.fi\/index.php?rest_route=%2Fwp%2Fv2%2Fpwb-brand&post=84778"},{"taxonomy":"product_cat","embeddable":true,"href":"https:\/\/www.autonvaraosahaku.fi\/index.php?rest_route=%2Fwp%2Fv2%2Fproduct_cat&post=84778"},{"taxonomy":"product_tag","embeddable":true,"href":"https:\/\/www.autonvaraosahaku.fi\/index.php?rest_route=%2Fwp%2Fv2%2Fproduct_tag&post=84778"}],"curies":[{"name":"wp","href":"https:\/\/api.w.org\/{rel}","templated":true}]}}