{"id":8481,"date":"2021-02-21T14:03:11","date_gmt":"2021-02-21T14:03:11","guid":{"rendered":"https:\/\/www.autonvaraosahaku.fi\/?product=nrf-34092-lammityslaitteen-puhallin"},"modified":"2021-02-21T14:03:12","modified_gmt":"2021-02-21T14:03:12","slug":"nrf-34092-lammityslaitteen-puhallin","status":"publish","type":"product","link":"https:\/\/www.autonvaraosahaku.fi\/?product=nrf-34092-lammityslaitteen-puhallin","title":{"rendered":"NRF 34092 L\u00e4mmityslaitteen puhallin"},"content":{"rendered":"<p>Valmistaja rajaus: BEHR; Py\u00f6rimissuunta: Py\u00f6rimissuunta vastap\u00e4iv\u00e4\u00e4n; J\u00e4nnite (V): 12; L\u00e4pimitta 1\/l\u00e4pimitta 2 [mm]: 157; Virta (A): 23; Puhallinsiipen lukum\u00e4\u00e4r\u00e4: 39; Lis\u00e4tarvike\/lis\u00e4tieto: ilman integroitua s\u00e4\u00e4dint\u00e4; Muoto: suorakulmainen (rectangular); Napojen m\u00e4\u00e4r\u00e4: 2; Vasen \/ oikea liikenne: f\u00fcr Linkslenker; RENAULT: LAGUNA II Grandtour KG0\/1_,LAGUNA II BG0\/1_,VEL SATIS BJ0_; 7701048752, 7701048753; Sis\u00e4tilan Puhallin,Sis\u00e4tilapuhallin<\/p>\n","protected":false},"excerpt":{"rendered":"<p>NRF L\u00e4mmityslaitteen Puhallin 34092 Sis\u00e4tilan Puhallin,Sis\u00e4tilapuhallin RENAULT,LAGUNA II Grandtour KG0\/1_,LAGUNA II BG0\/1_,VEL SATIS BJ0_<\/p>\n","protected":false},"featured_media":0,"template":"","meta":{"site-sidebar-layout":"default","site-content-layout":"default","ast-global-header-display":"","ast-main-header-display":"","ast-hfb-above-header-display":"","ast-hfb-below-header-display":"","ast-hfb-mobile-header-display":"","site-post-title":"","ast-breadcrumbs-content":"","ast-featured-img":"","footer-sml-layout":"","theme-transparent-header-meta":"","adv-header-id-meta":"","stick-header-meta":"","header-above-stick-meta":"","header-main-stick-meta":"","header-below-stick-meta":""},"pwb-brand":[85],"product_cat":[86],"product_tag":[],"class_list":{"0":"post-8481","1":"product","2":"type-product","3":"status-publish","5":"pwb-brand-nrf","6":"product_cat-lammityslaitteen-puhallin","7":"desktop-align-left","8":"tablet-align-left","9":"mobile-align-left","11":"first","12":"instock","13":"product-type-external"},"brands":[{"id":85,"name":"NRF","slug":"nrf"}],"_links":{"self":[{"href":"https:\/\/www.autonvaraosahaku.fi\/index.php?rest_route=\/wp\/v2\/product\/8481","targetHints":{"allow":["GET"]}}],"collection":[{"href":"https:\/\/www.autonvaraosahaku.fi\/index.php?rest_route=\/wp\/v2\/product"}],"about":[{"href":"https:\/\/www.autonvaraosahaku.fi\/index.php?rest_route=\/wp\/v2\/types\/product"}],"wp:attachment":[{"href":"https:\/\/www.autonvaraosahaku.fi\/index.php?rest_route=%2Fwp%2Fv2%2Fmedia&parent=8481"}],"wp:term":[{"taxonomy":"pwb-brand","embeddable":true,"href":"https:\/\/www.autonvaraosahaku.fi\/index.php?rest_route=%2Fwp%2Fv2%2Fpwb-brand&post=8481"},{"taxonomy":"product_cat","embeddable":true,"href":"https:\/\/www.autonvaraosahaku.fi\/index.php?rest_route=%2Fwp%2Fv2%2Fproduct_cat&post=8481"},{"taxonomy":"product_tag","embeddable":true,"href":"https:\/\/www.autonvaraosahaku.fi\/index.php?rest_route=%2Fwp%2Fv2%2Fproduct_tag&post=8481"}],"curies":[{"name":"wp","href":"https:\/\/api.w.org\/{rel}","templated":true}]}}