{"id":84824,"date":"2021-02-21T20:38:01","date_gmt":"2021-02-21T20:38:01","guid":{"rendered":"https:\/\/www.autonvaraosahaku.fi\/?product=frenkit-248027-jarrusatula-korjaussarja"},"modified":"2021-02-21T20:38:05","modified_gmt":"2021-02-21T20:38:05","slug":"frenkit-248027-jarrusatula-korjaussarja","status":"publish","type":"product","link":"https:\/\/www.autonvaraosahaku.fi\/?product=frenkit-248027-jarrusatula-korjaussarja","title":{"rendered":"FRENKIT 248027 Jarrusatula korjaussarja"},"content":{"rendered":"<p>L\u00e4pimitta [mm]: 48; Asennuspuoli: Etuakseli; Jarruj\u00e4rjestelm\u00e4: Ate; Jarrulevypaksuudelle [mm]: 22; MAZDA: 121 III JASM, JBSM; DAEWOO: LANOS KLAT,LANOS Stufenheck KLAT,NEXIA KLETN,NEXIA Stufenheck KLETN; LANCIA: Y 840A; OPEL: CORSA B 73_, 78_, 79_,ASTRA F CC 53_, 54_, 58_, 59_,ASTRA F Caravan 51_, 52_,VECTRA A 86_, 87_,ASTRA F Cabriolet 53_B,ASTRA F 56_, 57_,TIGRA 95_,CORSA A CC 93_, 94_, 98_, 99_,VECTRA A CC 88_, 89_,COMBO 71_,ASTRA F CLASSIC CC,ASTRA F CLASSIC Stufenheck,ASTRA F CLASSIC Caravan,CORSA B Kasten 73_,CORSA B Kombi F35,ASTRA F Van 55_,KADETT E Combo 38_, 48_; BMW: 3 E30,3 Cabriolet E30,3 Touring E30,Z1; FORD: FIESTA IV JA_, JB_,KA RB_,FIESTA III GFJ,FIESTA II FBD,FIESTA Kasten J5_, J3_,FIESTA Kasten JV_,KA Van RB,FIESTA Kasten F3L, F5L,FIESTA Kasten FVD,COURIER Pick-up J3 J5; ALFA ROMEO: 33 907A,33 905,ALFASUD Sprint 902.A,33 Sportwagon 907B; FIAT: PUNTO 188,PUNTO 176,PUNTO Cabriolet 176C,PALIO Weekend 178DX,FIORINO Kasten 146,PUNTO Van 176L,FIORINO Pick up 146,FIORINO 147,PALIO 178BX,FIORINO 127,FIORINO Pick up 147,DUNA 146 B,ELBA 146_,DUNA Weekend 146 B; CITRO\u00cbN: SAXO S0, S1,XSARA N1,XSARA Break N2,XSARA Coupe N0,XSARA Kasten,XSARA Kasten\/Schr\u00e4gheck; PEUGEOT: 106 II 1,306 Schr\u00e4gheck 7A, 7C, N3, N5,306 Cabriolet 7D, N3, N5,106 I 1A, 1C,205 II 20A\/C,306 Break 7E, N3, N5,306 7B, N3, N5,205 I Cabriolet 741B, 20D,106 Van 1_,306 Van N_, 7_,205 Kasten,306 Kasten\/Schr\u00e4gheck; 444874, 7074026, 1619225, 6132473, 84FB2B107AA, 1605809, 90421731, 444874; Korjaussarja, Jarrusatula<\/p>\n","protected":false},"excerpt":{"rendered":"<p>FRENKIT Jarrusatula Korjaussarja 248027 Korjaussarja, Jarrusatula MAZDA,DAEWOO,LANCIA,121 III JASM, JBSM,LANOS KLAT,LANOS Stufenheck KLAT,NEXIA KLETN<\/p>\n","protected":false},"featured_media":0,"template":"","meta":{"site-sidebar-layout":"default","site-content-layout":"default","ast-global-header-display":"","ast-main-header-display":"","ast-hfb-above-header-display":"","ast-hfb-below-header-display":"","ast-hfb-mobile-header-display":"","site-post-title":"","ast-breadcrumbs-content":"","ast-featured-img":"","footer-sml-layout":"","theme-transparent-header-meta":"","adv-header-id-meta":"","stick-header-meta":"","header-above-stick-meta":"","header-main-stick-meta":"","header-below-stick-meta":""},"pwb-brand":[474],"product_cat":[57],"product_tag":[],"class_list":{"0":"post-84824","1":"product","2":"type-product","3":"status-publish","5":"pwb-brand-frenkit","6":"product_cat-jarrusatula-korjaussarja","7":"desktop-align-left","8":"tablet-align-left","9":"mobile-align-left","11":"first","12":"instock","13":"product-type-external"},"brands":[{"id":474,"name":"FRENKIT","slug":"frenkit"}],"_links":{"self":[{"href":"https:\/\/www.autonvaraosahaku.fi\/index.php?rest_route=\/wp\/v2\/product\/84824","targetHints":{"allow":["GET"]}}],"collection":[{"href":"https:\/\/www.autonvaraosahaku.fi\/index.php?rest_route=\/wp\/v2\/product"}],"about":[{"href":"https:\/\/www.autonvaraosahaku.fi\/index.php?rest_route=\/wp\/v2\/types\/product"}],"wp:attachment":[{"href":"https:\/\/www.autonvaraosahaku.fi\/index.php?rest_route=%2Fwp%2Fv2%2Fmedia&parent=84824"}],"wp:term":[{"taxonomy":"pwb-brand","embeddable":true,"href":"https:\/\/www.autonvaraosahaku.fi\/index.php?rest_route=%2Fwp%2Fv2%2Fpwb-brand&post=84824"},{"taxonomy":"product_cat","embeddable":true,"href":"https:\/\/www.autonvaraosahaku.fi\/index.php?rest_route=%2Fwp%2Fv2%2Fproduct_cat&post=84824"},{"taxonomy":"product_tag","embeddable":true,"href":"https:\/\/www.autonvaraosahaku.fi\/index.php?rest_route=%2Fwp%2Fv2%2Fproduct_tag&post=84824"}],"curies":[{"name":"wp","href":"https:\/\/api.w.org\/{rel}","templated":true}]}}