{"id":84829,"date":"2021-02-21T20:38:01","date_gmt":"2021-02-21T20:38:01","guid":{"rendered":"https:\/\/www.autonvaraosahaku.fi\/?product=magneti-marelli-350203066040-raitisilmasuodatin"},"modified":"2021-02-21T20:38:07","modified_gmt":"2021-02-21T20:38:07","slug":"magneti-marelli-350203066040-raitisilmasuodatin","status":"publish","type":"product","link":"https:\/\/www.autonvaraosahaku.fi\/?product=magneti-marelli-350203066040-raitisilmasuodatin","title":{"rendered":"MAGNETI MARELLI 350203066040 Raitisilmasuodatin"},"content":{"rendered":"<p>Korkeus (mm): 36; Leveys (mm): 203; Pituus (mm): 257; Suodatintyyppi: Suodatinpanos, Aktiivihiilisuodatin; VOLVO: V40 Schr\u00e4gheck; FORD: FOCUS III Turnier,FOCUS III,C-MAX II,KUGA II DM2,GRAND C-MAX,FOCUS III Stufenheck,TOURNEO CONNECT \/ GRAND TOURNEO CONNECT Kombi,TRANSIT CONNECT Kasten,GRAND C-MAX Van,C-MAX II Van,TRANSIT CONNECT Kombi,KUGA II Van,FOCUS III Kasten\/Schr\u00e4gheck,GT; 1709013, 1776360, AV6N19G244AA, 31369455, 31404958, AV6N19G244AA; Sis\u00e4ilmansuodatin,Suodatin, Sis\u00e4ilma<\/p>\n","protected":false},"excerpt":{"rendered":"<p>MAGNETI MARELLI Raitisilmasuodatin 350203066040 Sis\u00e4ilmansuodatin,Suodatin, Sis\u00e4ilma VOLVO,FORD,V40 Schr\u00e4gheck,FOCUS III Turnier,FOCUS III,C-MAX II<\/p>\n","protected":false},"featured_media":0,"template":"","meta":{"site-sidebar-layout":"default","site-content-layout":"default","ast-global-header-display":"","ast-main-header-display":"","ast-hfb-above-header-display":"","ast-hfb-below-header-display":"","ast-hfb-mobile-header-display":"","site-post-title":"","ast-breadcrumbs-content":"","ast-featured-img":"","footer-sml-layout":"","theme-transparent-header-meta":"","adv-header-id-meta":"","stick-header-meta":"","header-above-stick-meta":"","header-main-stick-meta":"","header-below-stick-meta":""},"pwb-brand":[34],"product_cat":[19],"product_tag":[],"class_list":{"0":"post-84829","1":"product","2":"type-product","3":"status-publish","5":"pwb-brand-magneti-marelli","6":"product_cat-raitisilmasuodatin","7":"desktop-align-left","8":"tablet-align-left","9":"mobile-align-left","11":"first","12":"instock","13":"product-type-external"},"brands":[{"id":34,"name":"MAGNETI MARELLI","slug":"magneti-marelli"}],"_links":{"self":[{"href":"https:\/\/www.autonvaraosahaku.fi\/index.php?rest_route=\/wp\/v2\/product\/84829","targetHints":{"allow":["GET"]}}],"collection":[{"href":"https:\/\/www.autonvaraosahaku.fi\/index.php?rest_route=\/wp\/v2\/product"}],"about":[{"href":"https:\/\/www.autonvaraosahaku.fi\/index.php?rest_route=\/wp\/v2\/types\/product"}],"wp:attachment":[{"href":"https:\/\/www.autonvaraosahaku.fi\/index.php?rest_route=%2Fwp%2Fv2%2Fmedia&parent=84829"}],"wp:term":[{"taxonomy":"pwb-brand","embeddable":true,"href":"https:\/\/www.autonvaraosahaku.fi\/index.php?rest_route=%2Fwp%2Fv2%2Fpwb-brand&post=84829"},{"taxonomy":"product_cat","embeddable":true,"href":"https:\/\/www.autonvaraosahaku.fi\/index.php?rest_route=%2Fwp%2Fv2%2Fproduct_cat&post=84829"},{"taxonomy":"product_tag","embeddable":true,"href":"https:\/\/www.autonvaraosahaku.fi\/index.php?rest_route=%2Fwp%2Fv2%2Fproduct_tag&post=84829"}],"curies":[{"name":"wp","href":"https:\/\/api.w.org\/{rel}","templated":true}]}}