{"id":84832,"date":"2021-02-21T20:38:08","date_gmt":"2021-02-21T20:38:08","guid":{"rendered":"https:\/\/www.autonvaraosahaku.fi\/?product=ridex-188c0276-jouset"},"modified":"2021-02-21T20:38:09","modified_gmt":"2021-02-21T20:38:09","slug":"ridex-188c0276-jouset","status":"publish","type":"product","link":"https:\/\/www.autonvaraosahaku.fi\/?product=ridex-188c0276-jouset","title":{"rendered":"RIDEX 188C0276 Jouset"},"content":{"rendered":"<p>Jousimalli: Kierrejousi kiinte\u00e4ll\u00e4 lankal\u00e4pimitalla; Asennuspuoli: Etuakseli; V\u00e4rimerkint\u00e4: Punainen, violetti; M\u00e4\u00e4r\u00e4: 2; Paksuus [mm]: 13,25; Pituus (mm): 310; Ulkol\u00e4pimitta [mm]: 148; Paino [kg]: 2,25; Alustarakenne: f\u00fcr Fahrzeuge mit Sportfahrwerk; VW: GOLF V 1K1,TOURAN 1T1, 1T2,TOURAN 1T3,GOLF V Variant 1K5,GOLF VI Cabriolet 517; AUDI: A3 8P1,A3 Sportback 8PA,A3 Cabriolet 8P7; SEAT: LEON 1P1,ALTEA 5P1,ALTEA XL 5P5, 5P8,TOLEDO III 5P2; 1K0411105DD, 1K0411105DD; Kierrejousi<\/p>\n","protected":false},"excerpt":{"rendered":"<p>RIDEX Jousi 188C0276 Kierrejousi VW,AUDI,SEAT,GOLF V 1K1,TOURAN 1T1, 1T2,TOURAN 1T3,GOLF V Variant 1K5,GOLF VI Cabriolet 517,A3 8P1,A3 Sportback 8PA<\/p>\n","protected":false},"featured_media":0,"template":"","meta":{"site-sidebar-layout":"default","site-content-layout":"default","ast-global-header-display":"","ast-main-header-display":"","ast-hfb-above-header-display":"","ast-hfb-below-header-display":"","ast-hfb-mobile-header-display":"","site-post-title":"","ast-breadcrumbs-content":"","ast-featured-img":"","footer-sml-layout":"","theme-transparent-header-meta":"","adv-header-id-meta":"","stick-header-meta":"","header-above-stick-meta":"","header-main-stick-meta":"","header-below-stick-meta":""},"pwb-brand":[157],"product_cat":[171],"product_tag":[],"class_list":{"0":"post-84832","1":"product","2":"type-product","3":"status-publish","5":"pwb-brand-ridex","6":"product_cat-jouset","7":"desktop-align-left","8":"tablet-align-left","9":"mobile-align-left","11":"first","12":"instock","13":"product-type-external"},"brands":[{"id":157,"name":"RIDEX","slug":"ridex"}],"_links":{"self":[{"href":"https:\/\/www.autonvaraosahaku.fi\/index.php?rest_route=\/wp\/v2\/product\/84832","targetHints":{"allow":["GET"]}}],"collection":[{"href":"https:\/\/www.autonvaraosahaku.fi\/index.php?rest_route=\/wp\/v2\/product"}],"about":[{"href":"https:\/\/www.autonvaraosahaku.fi\/index.php?rest_route=\/wp\/v2\/types\/product"}],"wp:attachment":[{"href":"https:\/\/www.autonvaraosahaku.fi\/index.php?rest_route=%2Fwp%2Fv2%2Fmedia&parent=84832"}],"wp:term":[{"taxonomy":"pwb-brand","embeddable":true,"href":"https:\/\/www.autonvaraosahaku.fi\/index.php?rest_route=%2Fwp%2Fv2%2Fpwb-brand&post=84832"},{"taxonomy":"product_cat","embeddable":true,"href":"https:\/\/www.autonvaraosahaku.fi\/index.php?rest_route=%2Fwp%2Fv2%2Fproduct_cat&post=84832"},{"taxonomy":"product_tag","embeddable":true,"href":"https:\/\/www.autonvaraosahaku.fi\/index.php?rest_route=%2Fwp%2Fv2%2Fproduct_tag&post=84832"}],"curies":[{"name":"wp","href":"https:\/\/api.w.org\/{rel}","templated":true}]}}