{"id":84883,"date":"2021-02-21T20:38:24","date_gmt":"2021-02-21T20:38:24","guid":{"rendered":"https:\/\/www.autonvaraosahaku.fi\/?product=eberspacher-23-359-911-pakoputken-asennussarja"},"modified":"2021-02-21T20:38:29","modified_gmt":"2021-02-21T20:38:29","slug":"eberspacher-23-359-911-pakoputken-asennussarja","status":"publish","type":"product","link":"https:\/\/www.autonvaraosahaku.fi\/?product=eberspacher-23-359-911-pakoputken-asennussarja","title":{"rendered":"EBERSP\u00c4CHER 23.359.911 Pakoputken asennussarja"},"content":{"rendered":"<p>L\u00e4pimitta [mm]: 53,5; Paino [kg]: 0,2; Putkiliitokset: Kiristin; Asennuspuoli: Endschalld\u00e4mpfer; MERCEDES-BENZ: 190 W201,CLK C208,CLK Cabriolet A208; OPEL: ASTRA G CC F48_, F08_,ASTRA G Caravan F35_,VECTRA C Caravan,OMEGA B Caravan 21_, 22_, 23_,OMEGA B 25_, 26_, 27_,ASTRA H TwinTop L67,ASTRA G Stufenheck F69_; 1074920140; Putkenliitin, Pakoputkisto<\/p>\n","protected":false},"excerpt":{"rendered":"<p>EBERSP\u00c4CHER Pakoputken Kiristin 23.359.911 Putkenliitin, Pakoputkisto MERCEDES-BENZ,OPEL,190 W201,CLK C208,CLK Cabriolet A208,ASTRA G CC F48_, F08_<\/p>\n","protected":false},"featured_media":0,"template":"","meta":{"site-sidebar-layout":"default","site-content-layout":"default","ast-global-header-display":"","ast-main-header-display":"","ast-hfb-above-header-display":"","ast-hfb-below-header-display":"","ast-hfb-mobile-header-display":"","site-post-title":"","ast-breadcrumbs-content":"","ast-featured-img":"","footer-sml-layout":"","theme-transparent-header-meta":"","adv-header-id-meta":"","stick-header-meta":"","header-above-stick-meta":"","header-main-stick-meta":"","header-below-stick-meta":""},"pwb-brand":[487],"product_cat":[101],"product_tag":[],"class_list":{"0":"post-84883","1":"product","2":"type-product","3":"status-publish","5":"pwb-brand-eberspacher","6":"product_cat-pakoputken-asennussarja","7":"desktop-align-left","8":"tablet-align-left","9":"mobile-align-left","11":"first","12":"instock","13":"product-type-external"},"brands":[{"id":487,"name":"EBERSP\u00c4CHER","slug":"eberspacher"}],"_links":{"self":[{"href":"https:\/\/www.autonvaraosahaku.fi\/index.php?rest_route=\/wp\/v2\/product\/84883","targetHints":{"allow":["GET"]}}],"collection":[{"href":"https:\/\/www.autonvaraosahaku.fi\/index.php?rest_route=\/wp\/v2\/product"}],"about":[{"href":"https:\/\/www.autonvaraosahaku.fi\/index.php?rest_route=\/wp\/v2\/types\/product"}],"wp:attachment":[{"href":"https:\/\/www.autonvaraosahaku.fi\/index.php?rest_route=%2Fwp%2Fv2%2Fmedia&parent=84883"}],"wp:term":[{"taxonomy":"pwb-brand","embeddable":true,"href":"https:\/\/www.autonvaraosahaku.fi\/index.php?rest_route=%2Fwp%2Fv2%2Fpwb-brand&post=84883"},{"taxonomy":"product_cat","embeddable":true,"href":"https:\/\/www.autonvaraosahaku.fi\/index.php?rest_route=%2Fwp%2Fv2%2Fproduct_cat&post=84883"},{"taxonomy":"product_tag","embeddable":true,"href":"https:\/\/www.autonvaraosahaku.fi\/index.php?rest_route=%2Fwp%2Fv2%2Fproduct_tag&post=84883"}],"curies":[{"name":"wp","href":"https:\/\/api.w.org\/{rel}","templated":true}]}}