{"id":84888,"date":"2021-02-21T20:38:24","date_gmt":"2021-02-21T20:38:24","guid":{"rendered":"https:\/\/www.autonvaraosahaku.fi\/?product=ate-24-3727-0163-2-kasijarruvaijeri"},"modified":"2021-02-21T20:38:31","modified_gmt":"2021-02-21T20:38:31","slug":"ate-24-3727-0163-2-kasijarruvaijeri","status":"publish","type":"product","link":"https:\/\/www.autonvaraosahaku.fi\/?product=ate-24-3727-0163-2-kasijarruvaijeri","title":{"rendered":"ATE 24.3727-0163.2 K\u00e4sijarruvaijeri"},"content":{"rendered":"<p>Pituus (mm): 1293; MAPP-koodi saatavilla: ; Tarvittava kappalem\u00e4\u00e4r\u00e4: 2; VW: SHARAN 7M8, 7M9, 7M6; SEAT: ALHAMBRA 7V8, 7V9; FORD: GALAXY WGR; 7201624, 7M0609701B, 7M3609701C; Jarruvaijeri,Vaijeri, K\u00e4sijarru<\/p>\n","protected":false},"excerpt":{"rendered":"<p>ATE K\u00e4sijarruvaijeri 24.3727-0163.2 Jarruvaijeri,Vaijeri, K\u00e4sijarru VW,SEAT,FORD,SHARAN 7M8, 7M9, 7M6,ALHAMBRA 7V8, 7V9,GALAXY WGR<\/p>\n","protected":false},"featured_media":0,"template":"","meta":{"site-sidebar-layout":"default","site-content-layout":"default","ast-global-header-display":"","ast-main-header-display":"","ast-hfb-above-header-display":"","ast-hfb-below-header-display":"","ast-hfb-mobile-header-display":"","site-post-title":"","ast-breadcrumbs-content":"","ast-featured-img":"","footer-sml-layout":"","theme-transparent-header-meta":"","adv-header-id-meta":"","stick-header-meta":"","header-above-stick-meta":"","header-main-stick-meta":"","header-below-stick-meta":""},"pwb-brand":[108],"product_cat":[210],"product_tag":[],"class_list":{"0":"post-84888","1":"product","2":"type-product","3":"status-publish","5":"pwb-brand-ate","6":"product_cat-kasijarruvaijeri","7":"desktop-align-left","8":"tablet-align-left","9":"mobile-align-left","11":"first","12":"instock","13":"product-type-external"},"brands":[{"id":108,"name":"ATE","slug":"ate"}],"_links":{"self":[{"href":"https:\/\/www.autonvaraosahaku.fi\/index.php?rest_route=\/wp\/v2\/product\/84888","targetHints":{"allow":["GET"]}}],"collection":[{"href":"https:\/\/www.autonvaraosahaku.fi\/index.php?rest_route=\/wp\/v2\/product"}],"about":[{"href":"https:\/\/www.autonvaraosahaku.fi\/index.php?rest_route=\/wp\/v2\/types\/product"}],"wp:attachment":[{"href":"https:\/\/www.autonvaraosahaku.fi\/index.php?rest_route=%2Fwp%2Fv2%2Fmedia&parent=84888"}],"wp:term":[{"taxonomy":"pwb-brand","embeddable":true,"href":"https:\/\/www.autonvaraosahaku.fi\/index.php?rest_route=%2Fwp%2Fv2%2Fpwb-brand&post=84888"},{"taxonomy":"product_cat","embeddable":true,"href":"https:\/\/www.autonvaraosahaku.fi\/index.php?rest_route=%2Fwp%2Fv2%2Fproduct_cat&post=84888"},{"taxonomy":"product_tag","embeddable":true,"href":"https:\/\/www.autonvaraosahaku.fi\/index.php?rest_route=%2Fwp%2Fv2%2Fproduct_tag&post=84888"}],"curies":[{"name":"wp","href":"https:\/\/api.w.org\/{rel}","templated":true}]}}