{"id":8492,"date":"2021-02-21T14:03:11","date_gmt":"2021-02-21T14:03:11","guid":{"rendered":"https:\/\/www.autonvaraosahaku.fi\/?product=maxgear-39-0120-pyyhkijansulat"},"modified":"2021-02-21T14:03:13","modified_gmt":"2021-02-21T14:03:13","slug":"maxgear-39-0120-pyyhkijansulat","status":"publish","type":"product","link":"https:\/\/www.autonvaraosahaku.fi\/?product=maxgear-39-0120-pyyhkijansulat","title":{"rendered":"MAXGEAR 39-0120 Pyyhkij\u00e4nsulat"},"content":{"rendered":"<p>Asennuspuoli: Edess\u00e4; Pituus (mm): 600; Pituus 2 (mm): 400; M\u00e4\u00e4r\u00e4yksikk\u00f6: Sarja; Vasen \/ oikea liikenne: Ohjaus vasemmalla; Valmistusvuoteen: 11\/2011; MERCEDES-BENZ: X-CLASS 470; OPEL: ANTARA; FORD: RANGER TKE; RENAULT: SC\u00c9NIC II JM0\/1_,SC\u00c9NIC I JA0\/1_,MEGANE Scenic JA0\/1_,FLUENCE L30_,LATITUDE L70_,ALASKAN; TOYOTA: AVENSIS Kombi T25,RAV 4 III ACA3_, ACE_, ALA3_, GSA3_, ZSA3_,AVENSIS T25_,COROLLA Kombi _E12J_, _E12T_,AVENSIS Stufenheck T25,PICNIC _XM10,PRIUS Stufenheck NHW11_; HYUNDAI: ix35 LM, EL, ELH,i20 PB, PBT,TUCSON JM; NISSAN: X-TRAIL T30,X-TRAIL T31,NAVARA Pick-up D23,NAVARA Pritsche\/Fahrgestell; MAZDA: 2 DY,6 Kombi GH,PREMACY CP,6 Schr\u00e4gheck GH,6 GH; KIA: SPORTAGE JE_, KM_,CERATO LD,CERATO Stufenheck LD; HONDA: JAZZ II GD; Tuulilasinpyyhkimet,Pyyhkij\u00e4t,Pyyhkij\u00e4nsulka<\/p>\n","protected":false},"excerpt":{"rendered":"<p>MAXGEAR Pyyhkij\u00e4nsulat 39-0120 Tuulilasinpyyhkimet,Pyyhkij\u00e4t MERCEDES-BENZ,OPEL,FORD,X-CLASS 470,ANTARA,RANGER TKE,SC\u00c9NIC II JM0\/1_,SC\u00c9NIC I JA0\/1_<\/p>\n","protected":false},"featured_media":0,"template":"","meta":{"site-sidebar-layout":"default","site-content-layout":"default","ast-global-header-display":"","ast-main-header-display":"","ast-hfb-above-header-display":"","ast-hfb-below-header-display":"","ast-hfb-mobile-header-display":"","site-post-title":"","ast-breadcrumbs-content":"","ast-featured-img":"","footer-sml-layout":"","theme-transparent-header-meta":"","adv-header-id-meta":"","stick-header-meta":"","header-above-stick-meta":"","header-main-stick-meta":"","header-below-stick-meta":""},"pwb-brand":[48],"product_cat":[33],"product_tag":[],"class_list":{"0":"post-8492","1":"product","2":"type-product","3":"status-publish","5":"pwb-brand-maxgear","6":"product_cat-pyyhkijansulat","7":"desktop-align-left","8":"tablet-align-left","9":"mobile-align-left","11":"first","12":"instock","13":"product-type-external"},"brands":[{"id":48,"name":"MAXGEAR","slug":"maxgear"}],"_links":{"self":[{"href":"https:\/\/www.autonvaraosahaku.fi\/index.php?rest_route=\/wp\/v2\/product\/8492","targetHints":{"allow":["GET"]}}],"collection":[{"href":"https:\/\/www.autonvaraosahaku.fi\/index.php?rest_route=\/wp\/v2\/product"}],"about":[{"href":"https:\/\/www.autonvaraosahaku.fi\/index.php?rest_route=\/wp\/v2\/types\/product"}],"wp:attachment":[{"href":"https:\/\/www.autonvaraosahaku.fi\/index.php?rest_route=%2Fwp%2Fv2%2Fmedia&parent=8492"}],"wp:term":[{"taxonomy":"pwb-brand","embeddable":true,"href":"https:\/\/www.autonvaraosahaku.fi\/index.php?rest_route=%2Fwp%2Fv2%2Fpwb-brand&post=8492"},{"taxonomy":"product_cat","embeddable":true,"href":"https:\/\/www.autonvaraosahaku.fi\/index.php?rest_route=%2Fwp%2Fv2%2Fproduct_cat&post=8492"},{"taxonomy":"product_tag","embeddable":true,"href":"https:\/\/www.autonvaraosahaku.fi\/index.php?rest_route=%2Fwp%2Fv2%2Fproduct_tag&post=8492"}],"curies":[{"name":"wp","href":"https:\/\/api.w.org\/{rel}","templated":true}]}}