{"id":84920,"date":"2021-02-21T20:38:40","date_gmt":"2021-02-21T20:38:40","guid":{"rendered":"https:\/\/www.autonvaraosahaku.fi\/?product=mapco-33907-tukivarren-hela"},"modified":"2021-02-21T20:38:43","modified_gmt":"2021-02-21T20:38:43","slug":"mapco-33907-tukivarren-hela","status":"publish","type":"product","link":"https:\/\/www.autonvaraosahaku.fi\/?product=mapco-33907-tukivarren-hela","title":{"rendered":"MAPCO 33907 Tukivarren hela"},"content":{"rendered":"<p>Kiinnitysmalli: Kumilaakeri; Ohjausmalli: Poikittaistukivarrelle; Asennuspuoli: Etuakseli; Ulkol\u00e4pimitta 1 [mm]: 21,6; Sis\u00e4l\u00e4pimitta 1 [mm]: 12,1; Tarvittava kappalem\u00e4\u00e4r\u00e4: 2; Valmistusvuosi alkaen: 08\/1982; VW: PASSAT 32B; AUDI: 80 81, 85, B2,90 81, 85, B2; 857407474, 857407474<\/p>\n","protected":false},"excerpt":{"rendered":"<p>MAPCO Tukivarren Hela 33907  VW,AUDI,PASSAT 32B,80 81, 85, B2,90 81, 85, B2<\/p>\n","protected":false},"featured_media":0,"template":"","meta":{"site-sidebar-layout":"default","site-content-layout":"default","ast-global-header-display":"","ast-main-header-display":"","ast-hfb-above-header-display":"","ast-hfb-below-header-display":"","ast-hfb-mobile-header-display":"","site-post-title":"","ast-breadcrumbs-content":"","ast-featured-img":"","footer-sml-layout":"","theme-transparent-header-meta":"","adv-header-id-meta":"","stick-header-meta":"","header-above-stick-meta":"","header-main-stick-meta":"","header-below-stick-meta":""},"pwb-brand":[36],"product_cat":[115],"product_tag":[],"class_list":{"0":"post-84920","1":"product","2":"type-product","3":"status-publish","5":"pwb-brand-mapco","6":"product_cat-tukivarren-hela","7":"desktop-align-left","8":"tablet-align-left","9":"mobile-align-left","11":"first","12":"instock","13":"product-type-external"},"brands":[{"id":36,"name":"MAPCO","slug":"mapco"}],"_links":{"self":[{"href":"https:\/\/www.autonvaraosahaku.fi\/index.php?rest_route=\/wp\/v2\/product\/84920","targetHints":{"allow":["GET"]}}],"collection":[{"href":"https:\/\/www.autonvaraosahaku.fi\/index.php?rest_route=\/wp\/v2\/product"}],"about":[{"href":"https:\/\/www.autonvaraosahaku.fi\/index.php?rest_route=\/wp\/v2\/types\/product"}],"wp:attachment":[{"href":"https:\/\/www.autonvaraosahaku.fi\/index.php?rest_route=%2Fwp%2Fv2%2Fmedia&parent=84920"}],"wp:term":[{"taxonomy":"pwb-brand","embeddable":true,"href":"https:\/\/www.autonvaraosahaku.fi\/index.php?rest_route=%2Fwp%2Fv2%2Fpwb-brand&post=84920"},{"taxonomy":"product_cat","embeddable":true,"href":"https:\/\/www.autonvaraosahaku.fi\/index.php?rest_route=%2Fwp%2Fv2%2Fproduct_cat&post=84920"},{"taxonomy":"product_tag","embeddable":true,"href":"https:\/\/www.autonvaraosahaku.fi\/index.php?rest_route=%2Fwp%2Fv2%2Fproduct_tag&post=84920"}],"curies":[{"name":"wp","href":"https:\/\/api.w.org\/{rel}","templated":true}]}}