{"id":84933,"date":"2021-02-21T20:38:47","date_gmt":"2021-02-21T20:38:47","guid":{"rendered":"https:\/\/www.autonvaraosahaku.fi\/?product=trw-pnd229-kytkin-paasylinteri"},"modified":"2021-02-21T20:38:49","modified_gmt":"2021-02-21T20:38:49","slug":"trw-pnd229-kytkin-paasylinteri","status":"publish","type":"product","link":"https:\/\/www.autonvaraosahaku.fi\/?product=trw-pnd229-kytkin-paasylinteri","title":{"rendered":"TRW PND229 Kytkin p\u00e4\u00e4sylinteri"},"content":{"rendered":"<p>L\u00e4pimitta [mm]: 19,05; Vasen \/ oikea liikenne: f\u00fcr Linkslenker; LANCIA: LYBRA SW 839BX,LYBRA 839AX; ALFA ROMEO: 156 Sportwagon 932,156 932; FIAT: MAREA 185; 0000060815759, 46424868, 46478563, 60815759, 46424868, 46478563, 60815759, 46424868, 46478563, 60815759; P\u00e4\u00e4sylinteri, Kytkin<\/p>\n","protected":false},"excerpt":{"rendered":"<p>TRW Kytkin P\u00e4\u00e4sylinteri PND229 P\u00e4\u00e4sylinteri, Kytkin LANCIA,ALFA ROMEO,FIAT,LYBRA SW 839BX,LYBRA 839AX,156 Sportwagon 932,156 932,MAREA 185<\/p>\n","protected":false},"featured_media":0,"template":"","meta":{"site-sidebar-layout":"default","site-content-layout":"default","ast-global-header-display":"","ast-main-header-display":"","ast-hfb-above-header-display":"","ast-hfb-below-header-display":"","ast-hfb-mobile-header-display":"","site-post-title":"","ast-breadcrumbs-content":"","ast-featured-img":"","footer-sml-layout":"","theme-transparent-header-meta":"","adv-header-id-meta":"","stick-header-meta":"","header-above-stick-meta":"","header-main-stick-meta":"","header-below-stick-meta":""},"pwb-brand":[332],"product_cat":[239],"product_tag":[],"class_list":{"0":"post-84933","1":"product","2":"type-product","3":"status-publish","5":"pwb-brand-trw","6":"product_cat-kytkin-paasylinteri","7":"desktop-align-left","8":"tablet-align-left","9":"mobile-align-left","11":"first","12":"instock","13":"product-type-external"},"brands":[{"id":332,"name":"TRW","slug":"trw"}],"_links":{"self":[{"href":"https:\/\/www.autonvaraosahaku.fi\/index.php?rest_route=\/wp\/v2\/product\/84933","targetHints":{"allow":["GET"]}}],"collection":[{"href":"https:\/\/www.autonvaraosahaku.fi\/index.php?rest_route=\/wp\/v2\/product"}],"about":[{"href":"https:\/\/www.autonvaraosahaku.fi\/index.php?rest_route=\/wp\/v2\/types\/product"}],"wp:attachment":[{"href":"https:\/\/www.autonvaraosahaku.fi\/index.php?rest_route=%2Fwp%2Fv2%2Fmedia&parent=84933"}],"wp:term":[{"taxonomy":"pwb-brand","embeddable":true,"href":"https:\/\/www.autonvaraosahaku.fi\/index.php?rest_route=%2Fwp%2Fv2%2Fpwb-brand&post=84933"},{"taxonomy":"product_cat","embeddable":true,"href":"https:\/\/www.autonvaraosahaku.fi\/index.php?rest_route=%2Fwp%2Fv2%2Fproduct_cat&post=84933"},{"taxonomy":"product_tag","embeddable":true,"href":"https:\/\/www.autonvaraosahaku.fi\/index.php?rest_route=%2Fwp%2Fv2%2Fproduct_tag&post=84933"}],"curies":[{"name":"wp","href":"https:\/\/api.w.org\/{rel}","templated":true}]}}