{"id":84973,"date":"2021-02-21T20:39:03","date_gmt":"2021-02-21T20:39:03","guid":{"rendered":"https:\/\/www.autonvaraosahaku.fi\/?product=febi-bilstein-07542-kardaanin-kuminivel"},"modified":"2021-02-21T20:39:04","modified_gmt":"2021-02-21T20:39:04","slug":"febi-bilstein-07542-kardaanin-kuminivel","status":"publish","type":"product","link":"https:\/\/www.autonvaraosahaku.fi\/?product=febi-bilstein-07542-kardaanin-kuminivel","title":{"rendered":"FEBI BILSTEIN 07542 Kardaanin kuminivel"},"content":{"rendered":"<p>Paksuus [mm]: 21,0; Sis\u00e4l\u00e4pimitta [mm]: 47,0; Ulkol\u00e4pimitta [mm]: 124,0; Reik\u00e4ympyr\u00e4-\u00d8 [mm]: 90; Kiinnityspisteiden l\u00e4pimitta [mm]: 10; Paino [kg]: 0,492; Huomioi huolto-ohjeet: ; Asennuspuoli: vorne und hinten; MERCEDES-BENZ: Stufenheck W123,COUPE C123,KOMBI Kombi S123; 1154110215, 1234110015, A1154110215, A1234110015; R\u00e4ttinivel,Nivel, Pitkitt\u00e4isakseli<\/p>\n","protected":false},"excerpt":{"rendered":"<p>FEBI BILSTEIN Kardaanin Kuminivel 07542 R\u00e4ttinivel,Nivel, Pitkitt\u00e4isakseli MERCEDES-BENZ,Stufenheck W123,COUPE C123,KOMBI Kombi S123<\/p>\n","protected":false},"featured_media":0,"template":"","meta":{"site-sidebar-layout":"default","site-content-layout":"default","ast-global-header-display":"","ast-main-header-display":"","ast-hfb-above-header-display":"","ast-hfb-below-header-display":"","ast-hfb-mobile-header-display":"","site-post-title":"","ast-breadcrumbs-content":"","ast-featured-img":"","footer-sml-layout":"","theme-transparent-header-meta":"","adv-header-id-meta":"","stick-header-meta":"","header-above-stick-meta":"","header-main-stick-meta":"","header-below-stick-meta":""},"pwb-brand":[50],"product_cat":[56],"product_tag":[],"class_list":{"0":"post-84973","1":"product","2":"type-product","3":"status-publish","5":"pwb-brand-febi-bilstein","6":"product_cat-kardaanin-kuminivel","7":"desktop-align-left","8":"tablet-align-left","9":"mobile-align-left","11":"first","12":"instock","13":"product-type-external"},"brands":[{"id":50,"name":"FEBI BILSTEIN","slug":"febi-bilstein"}],"_links":{"self":[{"href":"https:\/\/www.autonvaraosahaku.fi\/index.php?rest_route=\/wp\/v2\/product\/84973","targetHints":{"allow":["GET"]}}],"collection":[{"href":"https:\/\/www.autonvaraosahaku.fi\/index.php?rest_route=\/wp\/v2\/product"}],"about":[{"href":"https:\/\/www.autonvaraosahaku.fi\/index.php?rest_route=\/wp\/v2\/types\/product"}],"wp:attachment":[{"href":"https:\/\/www.autonvaraosahaku.fi\/index.php?rest_route=%2Fwp%2Fv2%2Fmedia&parent=84973"}],"wp:term":[{"taxonomy":"pwb-brand","embeddable":true,"href":"https:\/\/www.autonvaraosahaku.fi\/index.php?rest_route=%2Fwp%2Fv2%2Fpwb-brand&post=84973"},{"taxonomy":"product_cat","embeddable":true,"href":"https:\/\/www.autonvaraosahaku.fi\/index.php?rest_route=%2Fwp%2Fv2%2Fproduct_cat&post=84973"},{"taxonomy":"product_tag","embeddable":true,"href":"https:\/\/www.autonvaraosahaku.fi\/index.php?rest_route=%2Fwp%2Fv2%2Fproduct_tag&post=84973"}],"curies":[{"name":"wp","href":"https:\/\/api.w.org\/{rel}","templated":true}]}}