{"id":84994,"date":"2021-02-21T20:39:11","date_gmt":"2021-02-21T20:39:11","guid":{"rendered":"https:\/\/www.autonvaraosahaku.fi\/?product=febi-bilstein-05854-kardaanin-kuminivel"},"modified":"2021-02-21T20:39:12","modified_gmt":"2021-02-21T20:39:12","slug":"febi-bilstein-05854-kardaanin-kuminivel","status":"publish","type":"product","link":"https:\/\/www.autonvaraosahaku.fi\/?product=febi-bilstein-05854-kardaanin-kuminivel","title":{"rendered":"FEBI BILSTEIN 05854 Kardaanin kuminivel"},"content":{"rendered":"<p>Paksuus [mm]: 30,0; Ulkol\u00e4pimitta [mm]: 131,0; Reik\u00e4ympyr\u00e4-\u00d8 [mm]: 96; Materiaali: Kumi-metalli; Paino [kg]: 0,851; Huomioi huolto-ohjeet: , ; Moottorinumero: N8C; FORD: ESCORT VII GAL, AAL, ABL,SIERRA GBG, GB4,ESCORT VI GAL,SIERRA Schr\u00e4gheck GBC, GBG,TRANSIT Kasten T_ _,SCORPIO I GAE, GGE,TRANSIT Bus T_ _,TRANSIT Bus MK-4 E_ _,TRANSIT MK-4 Pritsche\/Fahrgestell E_ _,SCORPIO I Stufenheck GGE,TRANSIT MK-4 Kasten E_ _,SIERRA Kombi BNG,GRANADA GU,TRANSIT Pritsche\/Fahrgestell T_ _,SCORPIO I Kombi GGE,GRANADA Kombi GNU; 1515117, 1638947, 6518778, GAF41, 83GB4684BA, 88GG4684BA; R\u00e4ttinivel,Nivel, Pitkitt\u00e4isakseli<\/p>\n","protected":false},"excerpt":{"rendered":"<p>FEBI BILSTEIN Kardaanin Kuminivel 05854 R\u00e4ttinivel,Nivel, Pitkitt\u00e4isakseli FORD,ESCORT VII GAL, AAL, ABL,SIERRA GBG, GB4,ESCORT VI GAL<\/p>\n","protected":false},"featured_media":0,"template":"","meta":{"site-sidebar-layout":"default","site-content-layout":"default","ast-global-header-display":"","ast-main-header-display":"","ast-hfb-above-header-display":"","ast-hfb-below-header-display":"","ast-hfb-mobile-header-display":"","site-post-title":"","ast-breadcrumbs-content":"","ast-featured-img":"","footer-sml-layout":"","theme-transparent-header-meta":"","adv-header-id-meta":"","stick-header-meta":"","header-above-stick-meta":"","header-main-stick-meta":"","header-below-stick-meta":""},"pwb-brand":[50],"product_cat":[56],"product_tag":[],"class_list":{"0":"post-84994","1":"product","2":"type-product","3":"status-publish","5":"pwb-brand-febi-bilstein","6":"product_cat-kardaanin-kuminivel","7":"desktop-align-left","8":"tablet-align-left","9":"mobile-align-left","11":"first","12":"instock","13":"product-type-external"},"brands":[{"id":50,"name":"FEBI BILSTEIN","slug":"febi-bilstein"}],"_links":{"self":[{"href":"https:\/\/www.autonvaraosahaku.fi\/index.php?rest_route=\/wp\/v2\/product\/84994","targetHints":{"allow":["GET"]}}],"collection":[{"href":"https:\/\/www.autonvaraosahaku.fi\/index.php?rest_route=\/wp\/v2\/product"}],"about":[{"href":"https:\/\/www.autonvaraosahaku.fi\/index.php?rest_route=\/wp\/v2\/types\/product"}],"wp:attachment":[{"href":"https:\/\/www.autonvaraosahaku.fi\/index.php?rest_route=%2Fwp%2Fv2%2Fmedia&parent=84994"}],"wp:term":[{"taxonomy":"pwb-brand","embeddable":true,"href":"https:\/\/www.autonvaraosahaku.fi\/index.php?rest_route=%2Fwp%2Fv2%2Fpwb-brand&post=84994"},{"taxonomy":"product_cat","embeddable":true,"href":"https:\/\/www.autonvaraosahaku.fi\/index.php?rest_route=%2Fwp%2Fv2%2Fproduct_cat&post=84994"},{"taxonomy":"product_tag","embeddable":true,"href":"https:\/\/www.autonvaraosahaku.fi\/index.php?rest_route=%2Fwp%2Fv2%2Fproduct_tag&post=84994"}],"curies":[{"name":"wp","href":"https:\/\/api.w.org\/{rel}","templated":true}]}}