{"id":84999,"date":"2021-02-21T20:39:11","date_gmt":"2021-02-21T20:39:11","guid":{"rendered":"https:\/\/www.autonvaraosahaku.fi\/?product=febi-bilstein-05628-nokka-akselin-tiiviste"},"modified":"2021-02-21T20:39:14","modified_gmt":"2021-02-21T20:39:14","slug":"febi-bilstein-05628-nokka-akselin-tiiviste","status":"publish","type":"product","link":"https:\/\/www.autonvaraosahaku.fi\/?product=febi-bilstein-05628-nokka-akselin-tiiviste","title":{"rendered":"FEBI BILSTEIN 05628 Nokka akselin tiiviste"},"content":{"rendered":"<p>Paksuus [mm]: 7,0; Sis\u00e4l\u00e4pimitta [mm]: 42,0; Ulkol\u00e4pimitta [mm]: 56,0; Asennuspuoli: Etup\u00e4\u00e4; Paino [kg]: 0,194, 0,194; Moottorinumero: GMA; FORD: GALAXY WGR,FIESTA III GFJ,ESCORT VII GAL, AAL, ABL,ESCORT IV Cabriolet ALF,SIERRA GBG, GB4,ESCORT VII Kombi GAL, ANL,TRANSIT  MK-5 Bus E_ _,ESCORT VII Cabriolet ALL,ESCORT VI Cabriolet ALL,ESCORT VI GAL,SCORPIO II GFR, GGR,SIERRA Schr\u00e4gheck GBC, GBG,TRANSIT Kasten T_ _,TRANSIT MK-5 Pritsche\/Fahrgestell E_ _,ESCORT IV GAF, AWF, ABFT,FIESTA II FBD,TRANSIT Bus V_ _,SCORPIO I GAE, GGE,ESCORT V Cabriolet ALL,TRANSIT Bus T_ _,TRANSIT Bus MK-4 E_ _,CAPRI III GECP,SIERRA Schr\u00e4gheck GBC,TRANSIT MK-5 Kasten E_ _,ESCORT &#8217;95 Express AVL,ESCORT II ATH,TRANSIT MK-4 Pritsche\/Fahrgestell E_ _,ESCORT III GAA,SCORPIO II Kombi GNR, GGR,SCORPIO I Stufenheck GGE,TRANSIT Kasten V_ _,TRANSIT Pritsche\/Fahrgestell V_ _,ESCORT V GAL,ESCORT VII Stufenheck GAL, AFL,TRANSIT MK-4 Kasten E_ _,SIERRA Kombi BNG,GRANADA GU,ESCORT III Cabriolet ALD,TRANSIT Pritsche\/Fahrgestell T_ _,ESCORT VI Kombi GAL,CAPRI II GECP,ESCORT VI Stufenheck GAL,SCORPIO I Kombi GGE,TRANSIT TOURNEO E_,SIERRA Kombi BNC,O; 1494440, 1613211, 1614994, 1669254, 3449816, 6078801, 6155579, 6165498, 6723376, 86HM6700A6A, 86HM6700AA, 92TM6700A1A; Akselitiiviste, Nokka-Akseli<\/p>\n","protected":false},"excerpt":{"rendered":"<p>FEBI BILSTEIN Nokka Akselin Tiiviste 05628 Akselitiiviste, Nokka-Akseli FORD,GALAXY WGR,FIESTA III GFJ,ESCORT VII GAL, AAL, ABL<\/p>\n","protected":false},"featured_media":0,"template":"","meta":{"site-sidebar-layout":"default","site-content-layout":"default","ast-global-header-display":"","ast-main-header-display":"","ast-hfb-above-header-display":"","ast-hfb-below-header-display":"","ast-hfb-mobile-header-display":"","site-post-title":"","ast-breadcrumbs-content":"","ast-featured-img":"","footer-sml-layout":"","theme-transparent-header-meta":"","adv-header-id-meta":"","stick-header-meta":"","header-above-stick-meta":"","header-main-stick-meta":"","header-below-stick-meta":""},"pwb-brand":[50],"product_cat":[122],"product_tag":[],"class_list":{"0":"post-84999","1":"product","2":"type-product","3":"status-publish","5":"pwb-brand-febi-bilstein","6":"product_cat-nokka-akselin-tiiviste","7":"desktop-align-left","8":"tablet-align-left","9":"mobile-align-left","11":"first","12":"instock","13":"product-type-external"},"brands":[{"id":50,"name":"FEBI BILSTEIN","slug":"febi-bilstein"}],"_links":{"self":[{"href":"https:\/\/www.autonvaraosahaku.fi\/index.php?rest_route=\/wp\/v2\/product\/84999","targetHints":{"allow":["GET"]}}],"collection":[{"href":"https:\/\/www.autonvaraosahaku.fi\/index.php?rest_route=\/wp\/v2\/product"}],"about":[{"href":"https:\/\/www.autonvaraosahaku.fi\/index.php?rest_route=\/wp\/v2\/types\/product"}],"wp:attachment":[{"href":"https:\/\/www.autonvaraosahaku.fi\/index.php?rest_route=%2Fwp%2Fv2%2Fmedia&parent=84999"}],"wp:term":[{"taxonomy":"pwb-brand","embeddable":true,"href":"https:\/\/www.autonvaraosahaku.fi\/index.php?rest_route=%2Fwp%2Fv2%2Fpwb-brand&post=84999"},{"taxonomy":"product_cat","embeddable":true,"href":"https:\/\/www.autonvaraosahaku.fi\/index.php?rest_route=%2Fwp%2Fv2%2Fproduct_cat&post=84999"},{"taxonomy":"product_tag","embeddable":true,"href":"https:\/\/www.autonvaraosahaku.fi\/index.php?rest_route=%2Fwp%2Fv2%2Fproduct_tag&post=84999"}],"curies":[{"name":"wp","href":"https:\/\/api.w.org\/{rel}","templated":true}]}}