{"id":8504,"date":"2021-02-21T14:03:15","date_gmt":"2021-02-21T14:03:15","guid":{"rendered":"https:\/\/www.autonvaraosahaku.fi\/?product=magneti-marelli-062000774304-sytytystulpat"},"modified":"2021-02-21T14:03:15","modified_gmt":"2021-02-21T14:03:15","slug":"magneti-marelli-062000774304-sytytystulpat","status":"publish","type":"product","link":"https:\/\/www.autonvaraosahaku.fi\/?product=magneti-marelli-062000774304-sytytystulpat","title":{"rendered":"MAGNETI MARELLI 062000774304 Sytytystulpat"},"content":{"rendered":"<p>Sytytystulppa: 1-maaelektroodi, Vastuksella; K\u00e4rkiv\u00e4li (mm): 1; Kierremitta: M14; Kierteen pituus (mm): 19; Avainv\u00e4li: 16; Korvaava tuote\/korvaava tiedote 2: suoralla istukalla; TECDOC-moottorinumero: 2017; MAZDA: 323 F VI BJ,PREMACY CP,MPV II LW,626 IV Hatchback GE,FAMILIA VI BJ,B-SERIE UN,XEDOS 9 TA,MX-6 GE,B-SERIE UF; JEEP: COMPASS MK49,CHEROKEE KJ; KIA: CEE&#8217;D SW ED,CEE&#8217;D Schr\u00e4gheck ED,PRO CEE&#8217;D ED,CERATO Stufenheck LD; HONDA: CIVIC VI Fastback MA, MB,CIVIC VI Aerodeck MB, MC,CR-V I RD,ACCORD VI Coupe CG,CIVIC VI Coupe EJ, EM1; HYUNDAI: i30 FD,i20 PB, PBT,i30 CW FD; SUZUKI: WAGON R; OPEL: CORSA D,VECTRA C GTS; FIAT: FREEMONT JF_; DODGE: CALIBER,JOURNEY; VAUXHALL: CORSA Mk III D L_8,AGILA Mk I A; 71739867, 71739867, 04887030, 04887030, 71739867, 71739867, 980795514G, 980795514G01, 1882911050, 5860031220, 1882911050, 71739867, 9009866066, 71739867, 000018F287, 1Y0G18110, F28718110, F29318110, F8B318110, MD331057, MD362097, MD362098, 9009866066; Tulpat,Sytytystulppa<\/p>\n","protected":false},"excerpt":{"rendered":"<p>MAGNETI MARELLI Sytytystulpat 062000774304 Tulpat,Sytytystulppa MAZDA,JEEP,KIA,323 F VI BJ,PREMACY CP,MPV II LW,626 IV Hatchback GE,FAMILIA VI BJ<\/p>\n","protected":false},"featured_media":0,"template":"","meta":{"site-sidebar-layout":"default","site-content-layout":"default","ast-global-header-display":"","ast-main-header-display":"","ast-hfb-above-header-display":"","ast-hfb-below-header-display":"","ast-hfb-mobile-header-display":"","site-post-title":"","ast-breadcrumbs-content":"","ast-featured-img":"","footer-sml-layout":"","theme-transparent-header-meta":"","adv-header-id-meta":"","stick-header-meta":"","header-above-stick-meta":"","header-main-stick-meta":"","header-below-stick-meta":""},"pwb-brand":[34],"product_cat":[165],"product_tag":[],"class_list":{"0":"post-8504","1":"product","2":"type-product","3":"status-publish","5":"pwb-brand-magneti-marelli","6":"product_cat-sytytystulpat","7":"desktop-align-left","8":"tablet-align-left","9":"mobile-align-left","11":"first","12":"instock","13":"product-type-external"},"brands":[{"id":34,"name":"MAGNETI MARELLI","slug":"magneti-marelli"}],"_links":{"self":[{"href":"https:\/\/www.autonvaraosahaku.fi\/index.php?rest_route=\/wp\/v2\/product\/8504","targetHints":{"allow":["GET"]}}],"collection":[{"href":"https:\/\/www.autonvaraosahaku.fi\/index.php?rest_route=\/wp\/v2\/product"}],"about":[{"href":"https:\/\/www.autonvaraosahaku.fi\/index.php?rest_route=\/wp\/v2\/types\/product"}],"wp:attachment":[{"href":"https:\/\/www.autonvaraosahaku.fi\/index.php?rest_route=%2Fwp%2Fv2%2Fmedia&parent=8504"}],"wp:term":[{"taxonomy":"pwb-brand","embeddable":true,"href":"https:\/\/www.autonvaraosahaku.fi\/index.php?rest_route=%2Fwp%2Fv2%2Fpwb-brand&post=8504"},{"taxonomy":"product_cat","embeddable":true,"href":"https:\/\/www.autonvaraosahaku.fi\/index.php?rest_route=%2Fwp%2Fv2%2Fproduct_cat&post=8504"},{"taxonomy":"product_tag","embeddable":true,"href":"https:\/\/www.autonvaraosahaku.fi\/index.php?rest_route=%2Fwp%2Fv2%2Fproduct_tag&post=8504"}],"curies":[{"name":"wp","href":"https:\/\/api.w.org\/{rel}","templated":true}]}}