{"id":85053,"date":"2021-02-21T20:39:35","date_gmt":"2021-02-21T20:39:35","guid":{"rendered":"https:\/\/www.autonvaraosahaku.fi\/?product=febi-bilstein-02807-jarrurumpu"},"modified":"2021-02-21T20:39:36","modified_gmt":"2021-02-21T20:39:36","slug":"febi-bilstein-02807-jarrurumpu","status":"publish","type":"product","link":"https:\/\/www.autonvaraosahaku.fi\/?product=febi-bilstein-02807-jarrurumpu","title":{"rendered":"FEBI BILSTEIN 02807 Jarrurumpu"},"content":{"rendered":"<p>Kiinnitysreikien lukum\u00e4\u00e4r\u00e4: 4, 1; Leveys (mm): 59,8; Paksuus [mm]: 75,0; Sis\u00e4l\u00e4pimitta [mm]: 230,0; Ulkol\u00e4pimitta [mm]: 273,5; Reik\u00e4ympyr\u00e4-\u00d8 [mm]: 100; Suurin mahdollinen rummun sis\u00e4mitta (mm): 231; Asennuspuoli: Taka-akseli; Paino [kg]: 4,9; keskitt\u00e4misl\u00e4pimitta [mm]: 57, 57; Vaihteistomalli: Automatikgetriebe; OPEL: ASTRA F 56_, 57_,MANTA B 58_, 59_,ASCONA B 81_, 86_, 87_, 88_,REKORD E 17_-19_, 11_, 14_, 16_,KADETT E Caravan 35_, 36_, 45_, 46_,REKORD E Caravan 61_, 66_, 67_,KADETT D Caravan 35_, 36_, 45_, 46_,KADETT E Kasten 37_, 47_,KADETT E Combo 38_, 48_; VAUXHALL: COMBO Mk I B; 00568056, 0568056, 568056, 090077721, 090135264, 90077721, 90135264<\/p>\n","protected":false},"excerpt":{"rendered":"<p>FEBI BILSTEIN Jarrurumpu 02807  OPEL,VAUXHALL,ASTRA F 56_, 57_,MANTA B 58_, 59_,ASCONA B 81_, 86_, 87_, 88_,REKORD E 17_-19_, 11_, 14_, 16_<\/p>\n","protected":false},"featured_media":0,"template":"","meta":{"site-sidebar-layout":"default","site-content-layout":"default","ast-global-header-display":"","ast-main-header-display":"","ast-hfb-above-header-display":"","ast-hfb-below-header-display":"","ast-hfb-mobile-header-display":"","site-post-title":"","ast-breadcrumbs-content":"","ast-featured-img":"","footer-sml-layout":"","theme-transparent-header-meta":"","adv-header-id-meta":"","stick-header-meta":"","header-above-stick-meta":"","header-main-stick-meta":"","header-below-stick-meta":""},"pwb-brand":[50],"product_cat":[304],"product_tag":[],"class_list":{"0":"post-85053","1":"product","2":"type-product","3":"status-publish","5":"pwb-brand-febi-bilstein","6":"product_cat-jarrurumpu","7":"desktop-align-left","8":"tablet-align-left","9":"mobile-align-left","11":"first","12":"instock","13":"product-type-external"},"brands":[{"id":50,"name":"FEBI BILSTEIN","slug":"febi-bilstein"}],"_links":{"self":[{"href":"https:\/\/www.autonvaraosahaku.fi\/index.php?rest_route=\/wp\/v2\/product\/85053","targetHints":{"allow":["GET"]}}],"collection":[{"href":"https:\/\/www.autonvaraosahaku.fi\/index.php?rest_route=\/wp\/v2\/product"}],"about":[{"href":"https:\/\/www.autonvaraosahaku.fi\/index.php?rest_route=\/wp\/v2\/types\/product"}],"wp:attachment":[{"href":"https:\/\/www.autonvaraosahaku.fi\/index.php?rest_route=%2Fwp%2Fv2%2Fmedia&parent=85053"}],"wp:term":[{"taxonomy":"pwb-brand","embeddable":true,"href":"https:\/\/www.autonvaraosahaku.fi\/index.php?rest_route=%2Fwp%2Fv2%2Fpwb-brand&post=85053"},{"taxonomy":"product_cat","embeddable":true,"href":"https:\/\/www.autonvaraosahaku.fi\/index.php?rest_route=%2Fwp%2Fv2%2Fproduct_cat&post=85053"},{"taxonomy":"product_tag","embeddable":true,"href":"https:\/\/www.autonvaraosahaku.fi\/index.php?rest_route=%2Fwp%2Fv2%2Fproduct_tag&post=85053"}],"curies":[{"name":"wp","href":"https:\/\/api.w.org\/{rel}","templated":true}]}}