{"id":85066,"date":"2021-02-21T20:39:35","date_gmt":"2021-02-21T20:39:35","guid":{"rendered":"https:\/\/www.autonvaraosahaku.fi\/?product=nk-5033658-raidetangon-paa"},"modified":"2021-02-21T20:39:41","modified_gmt":"2021-02-21T20:39:41","slug":"nk-5033658-raidetangon-paa","status":"publish","type":"product","link":"https:\/\/www.autonvaraosahaku.fi\/?product=nk-5033658-raidetangon-paa","title":{"rendered":"NK 5033658 Raidetangon p\u00e4\u00e4"},"content":{"rendered":"<p>Kierremalli: Oikealla kierteell\u00e4; Kierremitta: 12&#215;1,25; Valmistusvuoteen: 12\/2014; NISSAN: PIXO UA0; SUZUKI: SWIFT III MZ, EZ,WAGON R+ MM,SPLASH,IGNIS II,ALTO HA25, HA35,WAGON R; SUBARU: JUSTY III G3X; OPEL: AGILA A H00,AGILA B H08; VAUXHALL: AGILA Mk II B,AGILA Mk I A; 485204A00B, 4705716, 4709195, 9210351, 93194035, 4881083E02, 4881060810, 4881060J00, 4881063J00, 4881063J00000, 4881083E01, 4881083E02, 4881083E02000, 48810M68K00, 9210351, 93194035<\/p>\n","protected":false},"excerpt":{"rendered":"<p>NK Raidetangon P\u00e4\u00e4 5033658  NISSAN,SUZUKI,SUBARU,PIXO UA0,SWIFT III MZ, EZ,WAGON R+ MM,SPLASH,IGNIS II,ALTO HA25, HA35,WAGON R,JUSTY III G3X<\/p>\n","protected":false},"featured_media":0,"template":"","meta":{"site-sidebar-layout":"default","site-content-layout":"default","ast-global-header-display":"","ast-main-header-display":"","ast-hfb-above-header-display":"","ast-hfb-below-header-display":"","ast-hfb-mobile-header-display":"","site-post-title":"","ast-breadcrumbs-content":"","ast-featured-img":"","footer-sml-layout":"","theme-transparent-header-meta":"","adv-header-id-meta":"","stick-header-meta":"","header-above-stick-meta":"","header-main-stick-meta":"","header-below-stick-meta":""},"pwb-brand":[341],"product_cat":[96],"product_tag":[],"class_list":{"0":"post-85066","1":"product","2":"type-product","3":"status-publish","5":"pwb-brand-nk","6":"product_cat-raidetangon-paa","7":"desktop-align-left","8":"tablet-align-left","9":"mobile-align-left","11":"first","12":"instock","13":"product-type-external"},"brands":[{"id":341,"name":"NK","slug":"nk"}],"_links":{"self":[{"href":"https:\/\/www.autonvaraosahaku.fi\/index.php?rest_route=\/wp\/v2\/product\/85066","targetHints":{"allow":["GET"]}}],"collection":[{"href":"https:\/\/www.autonvaraosahaku.fi\/index.php?rest_route=\/wp\/v2\/product"}],"about":[{"href":"https:\/\/www.autonvaraosahaku.fi\/index.php?rest_route=\/wp\/v2\/types\/product"}],"wp:attachment":[{"href":"https:\/\/www.autonvaraosahaku.fi\/index.php?rest_route=%2Fwp%2Fv2%2Fmedia&parent=85066"}],"wp:term":[{"taxonomy":"pwb-brand","embeddable":true,"href":"https:\/\/www.autonvaraosahaku.fi\/index.php?rest_route=%2Fwp%2Fv2%2Fpwb-brand&post=85066"},{"taxonomy":"product_cat","embeddable":true,"href":"https:\/\/www.autonvaraosahaku.fi\/index.php?rest_route=%2Fwp%2Fv2%2Fproduct_cat&post=85066"},{"taxonomy":"product_tag","embeddable":true,"href":"https:\/\/www.autonvaraosahaku.fi\/index.php?rest_route=%2Fwp%2Fv2%2Fproduct_tag&post=85066"}],"curies":[{"name":"wp","href":"https:\/\/api.w.org\/{rel}","templated":true}]}}