{"id":85091,"date":"2021-02-21T20:39:50","date_gmt":"2021-02-21T20:39:50","guid":{"rendered":"https:\/\/www.autonvaraosahaku.fi\/?product=trw-gcc3106-kytkinvaijeri"},"modified":"2021-02-21T20:39:51","modified_gmt":"2021-02-21T20:39:51","slug":"trw-gcc3106-kytkinvaijeri","status":"publish","type":"product","link":"https:\/\/www.autonvaraosahaku.fi\/?product=trw-gcc3106-kytkinvaijeri","title":{"rendered":"TRW GCC3106 Kytkinvaijeri"},"content":{"rendered":"<p>Pituus 1 \/ pituus 2: 902\/724; J\u00e4lkis\u00e4\u00e4t\u00f6: Automaattisella s\u00e4\u00e4d\u00f6ll\u00e4; Valmistusvuoteen: 06\/2007; CITRO\u00cbN: BERLINGO MF,BERLINGO Kasten M_; PEUGEOT: PARTNER Tepee,PARTNER Combispace 5F,PARTNER Kasten 5,PARTNER Kasten; 2150AH, 2150CF, 2150CL, 2150CS, 2150CX, 2150AH, 2150CF, 2150CS, 2150CX; Vaijeri, Kytkimen K\u00e4ytt\u00f6<\/p>\n","protected":false},"excerpt":{"rendered":"<p>TRW Kytkinvaijeri GCC3106 Vaijeri, Kytkimen K\u00e4ytt\u00f6 CITRO\u00cbN,PEUGEOT,BERLINGO MF,BERLINGO Kasten M_,PARTNER Tepee,PARTNER Combispace 5F,PARTNER Kasten 5<\/p>\n","protected":false},"featured_media":0,"template":"","meta":{"site-sidebar-layout":"default","site-content-layout":"default","ast-global-header-display":"","ast-main-header-display":"","ast-hfb-above-header-display":"","ast-hfb-below-header-display":"","ast-hfb-mobile-header-display":"","site-post-title":"","ast-breadcrumbs-content":"","ast-featured-img":"","footer-sml-layout":"","theme-transparent-header-meta":"","adv-header-id-meta":"","stick-header-meta":"","header-above-stick-meta":"","header-main-stick-meta":"","header-below-stick-meta":""},"pwb-brand":[332],"product_cat":[192],"product_tag":[],"class_list":{"0":"post-85091","1":"product","2":"type-product","3":"status-publish","5":"pwb-brand-trw","6":"product_cat-kytkinvaijeri","7":"desktop-align-left","8":"tablet-align-left","9":"mobile-align-left","11":"first","12":"instock","13":"product-type-external"},"brands":[{"id":332,"name":"TRW","slug":"trw"}],"_links":{"self":[{"href":"https:\/\/www.autonvaraosahaku.fi\/index.php?rest_route=\/wp\/v2\/product\/85091","targetHints":{"allow":["GET"]}}],"collection":[{"href":"https:\/\/www.autonvaraosahaku.fi\/index.php?rest_route=\/wp\/v2\/product"}],"about":[{"href":"https:\/\/www.autonvaraosahaku.fi\/index.php?rest_route=\/wp\/v2\/types\/product"}],"wp:attachment":[{"href":"https:\/\/www.autonvaraosahaku.fi\/index.php?rest_route=%2Fwp%2Fv2%2Fmedia&parent=85091"}],"wp:term":[{"taxonomy":"pwb-brand","embeddable":true,"href":"https:\/\/www.autonvaraosahaku.fi\/index.php?rest_route=%2Fwp%2Fv2%2Fpwb-brand&post=85091"},{"taxonomy":"product_cat","embeddable":true,"href":"https:\/\/www.autonvaraosahaku.fi\/index.php?rest_route=%2Fwp%2Fv2%2Fproduct_cat&post=85091"},{"taxonomy":"product_tag","embeddable":true,"href":"https:\/\/www.autonvaraosahaku.fi\/index.php?rest_route=%2Fwp%2Fv2%2Fproduct_tag&post=85091"}],"curies":[{"name":"wp","href":"https:\/\/api.w.org\/{rel}","templated":true}]}}