{"id":85120,"date":"2021-02-21T20:39:58","date_gmt":"2021-02-21T20:39:58","guid":{"rendered":"https:\/\/www.autonvaraosahaku.fi\/?product=meyle-100-407-0095-hd-tukivarren-hela"},"modified":"2021-02-21T20:40:02","modified_gmt":"2021-02-21T20:40:02","slug":"meyle-100-407-0095-hd-tukivarren-hela","status":"publish","type":"product","link":"https:\/\/www.autonvaraosahaku.fi\/?product=meyle-100-407-0095-hd-tukivarren-hela","title":{"rendered":"MEYLE 100 407 0095\/HD Tukivarren hela"},"content":{"rendered":"<p>Asennuspuoli: Takana, Alla, Etuakseli, oikea, Etuakseli, vasen; Korkeus (mm): 80; Sis\u00e4l\u00e4pimitta [mm]: 12; Ulkol\u00e4pimitta [mm]: 65; Vahvistettu malli: ; lis\u00e4tieto: Quality; OE-numerolle: 8K0 407 693 N; VW: PHAETON 3D_; AUDI: A4 Avant 8K5, B8,A6 Avant 4F5, C6,A4 8K2, B8,Q5 8R,A6 4F2, C6,A5 8T3,A5 Sportback 8TA,A8 4E_,A6 Allroad 4FH, C6,A4 Allroad 8KH, B8,A5 Cabriolet 8F7; SEAT: EXEO ST 3R5,EXEO 3R2; 4F0407183C, 4F0407183E, 4F0407183F, 8K0407183A, 8K0407183B, 4F0407183E<\/p>\n","protected":false},"excerpt":{"rendered":"<p>MEYLE Laakerihela, Tukivarsi 100 407 0095\/HD  VW,AUDI,SEAT,PHAETON 3D_,A4 Avant 8K5, B8,A6 Avant 4F5, C6,A4 8K2, B8,Q5 8R,A6 4F2, C6,A5 8T3<\/p>\n","protected":false},"featured_media":0,"template":"","meta":{"site-sidebar-layout":"default","site-content-layout":"default","ast-global-header-display":"","ast-main-header-display":"","ast-hfb-above-header-display":"","ast-hfb-below-header-display":"","ast-hfb-mobile-header-display":"","site-post-title":"","ast-breadcrumbs-content":"","ast-featured-img":"","footer-sml-layout":"","theme-transparent-header-meta":"","adv-header-id-meta":"","stick-header-meta":"","header-above-stick-meta":"","header-main-stick-meta":"","header-below-stick-meta":""},"pwb-brand":[84],"product_cat":[115],"product_tag":[],"class_list":{"0":"post-85120","1":"product","2":"type-product","3":"status-publish","5":"pwb-brand-meyle","6":"product_cat-tukivarren-hela","7":"desktop-align-left","8":"tablet-align-left","9":"mobile-align-left","11":"first","12":"instock","13":"product-type-external"},"brands":[{"id":84,"name":"MEYLE","slug":"meyle"}],"_links":{"self":[{"href":"https:\/\/www.autonvaraosahaku.fi\/index.php?rest_route=\/wp\/v2\/product\/85120","targetHints":{"allow":["GET"]}}],"collection":[{"href":"https:\/\/www.autonvaraosahaku.fi\/index.php?rest_route=\/wp\/v2\/product"}],"about":[{"href":"https:\/\/www.autonvaraosahaku.fi\/index.php?rest_route=\/wp\/v2\/types\/product"}],"wp:attachment":[{"href":"https:\/\/www.autonvaraosahaku.fi\/index.php?rest_route=%2Fwp%2Fv2%2Fmedia&parent=85120"}],"wp:term":[{"taxonomy":"pwb-brand","embeddable":true,"href":"https:\/\/www.autonvaraosahaku.fi\/index.php?rest_route=%2Fwp%2Fv2%2Fpwb-brand&post=85120"},{"taxonomy":"product_cat","embeddable":true,"href":"https:\/\/www.autonvaraosahaku.fi\/index.php?rest_route=%2Fwp%2Fv2%2Fproduct_cat&post=85120"},{"taxonomy":"product_tag","embeddable":true,"href":"https:\/\/www.autonvaraosahaku.fi\/index.php?rest_route=%2Fwp%2Fv2%2Fproduct_tag&post=85120"}],"curies":[{"name":"wp","href":"https:\/\/api.w.org\/{rel}","templated":true}]}}