{"id":85130,"date":"2021-02-21T20:40:06","date_gmt":"2021-02-21T20:40:06","guid":{"rendered":"https:\/\/www.autonvaraosahaku.fi\/?product=trw-jge196t-iskunvaimennin"},"modified":"2021-02-21T20:40:06","modified_gmt":"2021-02-21T20:40:06","slug":"trw-jge196t-iskunvaimennin","status":"publish","type":"product","link":"https:\/\/www.autonvaraosahaku.fi\/?product=trw-jge196t-iskunvaimennin","title":{"rendered":"TRW JGE196T Iskunvaimennin"},"content":{"rendered":"<p>Lukum\u00e4\u00e4r\u00e4 akselille: 1; Asennuspuoli: Etuakseli; Iskunvaimennin tyyppi: Kaasupaine; Iskunvaimennin asennustapa: Tappi ylh\u00e4\u00e4ll\u00e4, Silmukka alhaalla; Vahvistettu malli: ; Iskunvaimennusj\u00e4rjestelm\u00e4: Kaksiputki; Huomioi tekniset tiedot: ; Tuotelinja: TWIN; Valmistusvuoteen: 02\/1995; NISSAN: TERRANO II R20,TERRANO I WD21,TERRANO Van R20,PATHFINDER; OPEL: FRONTERA A Sport 5_SUD2,FRONTERA A 5_MWL4; FORD: MAVERICK,MAVERICK UDS, UNS; VAUXHALL: FRONTERA Mk I A,FRONTERA Mk I A Sport; 1956732, 1960086, 1960087, 1961719, 1961752, 1962357, 1962405, 1962406, 561100F004, 561100F025, 561100F026, 561100F056, 561100F625, 561100F626, 561100F627, 561100F655, 561100X025, 561100X050, 561100X425, 561100X450, 561102X850, 561102X851, 561102X950, 561102X951, 5611041G25, 5611045G25, 5611046G00, 5611046G25, 5611046G60, 561107F025, 561107F026, 561107F601, 561107F625, 561107F626, 22081311, 22081312, 342020, 344312, 72081311, 90512550, 342020, 72081311; Iskarit,Iskunvaimennin<\/p>\n","protected":false},"excerpt":{"rendered":"<p>TRW Iskunvaimentimet JGE196T Iskarit,Iskunvaimennin NISSAN,OPEL,FORD,TERRANO II R20,TERRANO I WD21,TERRANO Van R20,PATHFINDER,FRONTERA A Sport 5_SUD2<\/p>\n","protected":false},"featured_media":0,"template":"","meta":{"site-sidebar-layout":"default","site-content-layout":"default","ast-global-header-display":"","ast-main-header-display":"","ast-hfb-above-header-display":"","ast-hfb-below-header-display":"","ast-hfb-mobile-header-display":"","site-post-title":"","ast-breadcrumbs-content":"","ast-featured-img":"","footer-sml-layout":"","theme-transparent-header-meta":"","adv-header-id-meta":"","stick-header-meta":"","header-above-stick-meta":"","header-main-stick-meta":"","header-below-stick-meta":""},"pwb-brand":[332],"product_cat":[80],"product_tag":[],"class_list":{"0":"post-85130","1":"product","2":"type-product","3":"status-publish","5":"pwb-brand-trw","6":"product_cat-iskunvaimennin","7":"desktop-align-left","8":"tablet-align-left","9":"mobile-align-left","11":"first","12":"instock","13":"product-type-external"},"brands":[{"id":332,"name":"TRW","slug":"trw"}],"_links":{"self":[{"href":"https:\/\/www.autonvaraosahaku.fi\/index.php?rest_route=\/wp\/v2\/product\/85130","targetHints":{"allow":["GET"]}}],"collection":[{"href":"https:\/\/www.autonvaraosahaku.fi\/index.php?rest_route=\/wp\/v2\/product"}],"about":[{"href":"https:\/\/www.autonvaraosahaku.fi\/index.php?rest_route=\/wp\/v2\/types\/product"}],"wp:attachment":[{"href":"https:\/\/www.autonvaraosahaku.fi\/index.php?rest_route=%2Fwp%2Fv2%2Fmedia&parent=85130"}],"wp:term":[{"taxonomy":"pwb-brand","embeddable":true,"href":"https:\/\/www.autonvaraosahaku.fi\/index.php?rest_route=%2Fwp%2Fv2%2Fpwb-brand&post=85130"},{"taxonomy":"product_cat","embeddable":true,"href":"https:\/\/www.autonvaraosahaku.fi\/index.php?rest_route=%2Fwp%2Fv2%2Fproduct_cat&post=85130"},{"taxonomy":"product_tag","embeddable":true,"href":"https:\/\/www.autonvaraosahaku.fi\/index.php?rest_route=%2Fwp%2Fv2%2Fproduct_tag&post=85130"}],"curies":[{"name":"wp","href":"https:\/\/api.w.org\/{rel}","templated":true}]}}