{"id":85140,"date":"2021-02-21T20:40:06","date_gmt":"2021-02-21T20:40:06","guid":{"rendered":"https:\/\/www.autonvaraosahaku.fi\/?product=trw-df4277-jarrulevyt"},"modified":"2021-02-21T20:40:10","modified_gmt":"2021-02-21T20:40:10","slug":"trw-df4277-jarrulevyt","status":"publish","type":"product","link":"https:\/\/www.autonvaraosahaku.fi\/?product=trw-df4277-jarrulevyt","title":{"rendered":"TRW DF4277 Jarrulevyt"},"content":{"rendered":"<p>Kierremitta: 13,8; Jarrulevytyyppi: Tuuletettu; Ulkol\u00e4pimitta [mm]: 278; Jarrulevyn paksuus (mm): 24; keskitt\u00e4misl\u00e4pimitta [mm]: 63,6; Korkeus (mm): 44,7; Reikien m\u00e4\u00e4r\u00e4: 5; Reik\u00e4ympyr\u00e4-\u00d8 [mm]: 108; K\u00e4sittely: hiiliter\u00e4s; V\u00e4himm\u00e4ispaksuus (mm): 22,0; V\u00e4ri: Musta; Pinta: Lakattu; Tarkistuskilpi: E190R02 02C0176\/0041; Asennuspuoli: Vorderachse; FORD: TRANSIT CONNECT P65_, P70_, P80_,TOURNEO CONNECT; 1361298, 1361300, 2T141125CC, 2T141125EC, 4367104, 4367105, 4367106, 4455980, 4457985; Jarrulevy<\/p>\n","protected":false},"excerpt":{"rendered":"<p>TRW Jarrulevyt DF4277 Jarrulevy FORD,TRANSIT CONNECT P65_, P70_, P80_,TOURNEO CONNECT<\/p>\n","protected":false},"featured_media":0,"template":"","meta":{"site-sidebar-layout":"default","site-content-layout":"default","ast-global-header-display":"","ast-main-header-display":"","ast-hfb-above-header-display":"","ast-hfb-below-header-display":"","ast-hfb-mobile-header-display":"","site-post-title":"","ast-breadcrumbs-content":"","ast-featured-img":"","footer-sml-layout":"","theme-transparent-header-meta":"","adv-header-id-meta":"","stick-header-meta":"","header-above-stick-meta":"","header-main-stick-meta":"","header-below-stick-meta":""},"pwb-brand":[332],"product_cat":[66],"product_tag":[],"class_list":{"0":"post-85140","1":"product","2":"type-product","3":"status-publish","5":"pwb-brand-trw","6":"product_cat-jarrulevyt","7":"desktop-align-left","8":"tablet-align-left","9":"mobile-align-left","11":"first","12":"instock","13":"product-type-external"},"brands":[{"id":332,"name":"TRW","slug":"trw"}],"_links":{"self":[{"href":"https:\/\/www.autonvaraosahaku.fi\/index.php?rest_route=\/wp\/v2\/product\/85140","targetHints":{"allow":["GET"]}}],"collection":[{"href":"https:\/\/www.autonvaraosahaku.fi\/index.php?rest_route=\/wp\/v2\/product"}],"about":[{"href":"https:\/\/www.autonvaraosahaku.fi\/index.php?rest_route=\/wp\/v2\/types\/product"}],"wp:attachment":[{"href":"https:\/\/www.autonvaraosahaku.fi\/index.php?rest_route=%2Fwp%2Fv2%2Fmedia&parent=85140"}],"wp:term":[{"taxonomy":"pwb-brand","embeddable":true,"href":"https:\/\/www.autonvaraosahaku.fi\/index.php?rest_route=%2Fwp%2Fv2%2Fpwb-brand&post=85140"},{"taxonomy":"product_cat","embeddable":true,"href":"https:\/\/www.autonvaraosahaku.fi\/index.php?rest_route=%2Fwp%2Fv2%2Fproduct_cat&post=85140"},{"taxonomy":"product_tag","embeddable":true,"href":"https:\/\/www.autonvaraosahaku.fi\/index.php?rest_route=%2Fwp%2Fv2%2Fproduct_tag&post=85140"}],"curies":[{"name":"wp","href":"https:\/\/api.w.org\/{rel}","templated":true}]}}