{"id":85174,"date":"2021-02-21T20:40:22","date_gmt":"2021-02-21T20:40:22","guid":{"rendered":"https:\/\/www.autonvaraosahaku.fi\/?product=trw-gsk1140-jarrukengat"},"modified":"2021-02-21T20:40:24","modified_gmt":"2021-02-21T20:40:24","slug":"trw-gsk1140-jarrukengat","status":"publish","type":"product","link":"https:\/\/www.autonvaraosahaku.fi\/?product=trw-gsk1140-jarrukengat","title":{"rendered":"TRW GSK1140 Jarrukeng\u00e4t"},"content":{"rendered":"<p>Sylinterin halkaisija [mm]: 22,2; Tarkistuskilpi: E9 90R 01702\/030; Lis\u00e4tarvike\/lis\u00e4tieto: Py\u00f6r\u00e4n jarrun sylinterill\u00e4; Asennusmalli: Esiasennettu; Valmistaja rajaus: BENDIX; L\u00e4pimitta [mm]: 229; Leveys (mm): 42; Tuotelinja: Superkit; RENAULT: ESPACE II J\/S63_,ESPACE I J11_,18 134_,18 Variable 135_,FUEGO 136_,18 Kasten; CITRO\u00cbN: C15 VD-_,C15 Kombi; TALBOT: RANCHO,1307-1510,SOLARA; 42415T, 95618244, 95644436<\/p>\n","protected":false},"excerpt":{"rendered":"<p>TRW Jarrukenk\u00e4sarja, Rumpujarru GSK1140  RENAULT,CITRO\u00cbN,TALBOT,ESPACE II J\/S63_,ESPACE I J11_,18 134_,18 Variable 135_,FUEGO 136_,18 Kasten,C15 VD-_<\/p>\n","protected":false},"featured_media":0,"template":"","meta":{"site-sidebar-layout":"default","site-content-layout":"default","ast-global-header-display":"","ast-main-header-display":"","ast-hfb-above-header-display":"","ast-hfb-below-header-display":"","ast-hfb-mobile-header-display":"","site-post-title":"","ast-breadcrumbs-content":"","ast-featured-img":"","footer-sml-layout":"","theme-transparent-header-meta":"","adv-header-id-meta":"","stick-header-meta":"","header-above-stick-meta":"","header-main-stick-meta":"","header-below-stick-meta":""},"pwb-brand":[332],"product_cat":[176],"product_tag":[],"class_list":{"0":"post-85174","1":"product","2":"type-product","3":"status-publish","5":"pwb-brand-trw","6":"product_cat-jarrukengat","7":"desktop-align-left","8":"tablet-align-left","9":"mobile-align-left","11":"first","12":"instock","13":"product-type-external"},"brands":[{"id":332,"name":"TRW","slug":"trw"}],"_links":{"self":[{"href":"https:\/\/www.autonvaraosahaku.fi\/index.php?rest_route=\/wp\/v2\/product\/85174","targetHints":{"allow":["GET"]}}],"collection":[{"href":"https:\/\/www.autonvaraosahaku.fi\/index.php?rest_route=\/wp\/v2\/product"}],"about":[{"href":"https:\/\/www.autonvaraosahaku.fi\/index.php?rest_route=\/wp\/v2\/types\/product"}],"wp:attachment":[{"href":"https:\/\/www.autonvaraosahaku.fi\/index.php?rest_route=%2Fwp%2Fv2%2Fmedia&parent=85174"}],"wp:term":[{"taxonomy":"pwb-brand","embeddable":true,"href":"https:\/\/www.autonvaraosahaku.fi\/index.php?rest_route=%2Fwp%2Fv2%2Fpwb-brand&post=85174"},{"taxonomy":"product_cat","embeddable":true,"href":"https:\/\/www.autonvaraosahaku.fi\/index.php?rest_route=%2Fwp%2Fv2%2Fproduct_cat&post=85174"},{"taxonomy":"product_tag","embeddable":true,"href":"https:\/\/www.autonvaraosahaku.fi\/index.php?rest_route=%2Fwp%2Fv2%2Fproduct_tag&post=85174"}],"curies":[{"name":"wp","href":"https:\/\/api.w.org\/{rel}","templated":true}]}}