{"id":85203,"date":"2021-02-21T20:40:30","date_gmt":"2021-02-21T20:40:30","guid":{"rendered":"https:\/\/www.autonvaraosahaku.fi\/?product=meyle-014-005-0063-jakoketjun-kiristin"},"modified":"2021-02-21T20:40:35","modified_gmt":"2021-02-21T20:40:35","slug":"meyle-014-005-0063-jakoketjun-kiristin","status":"publish","type":"product","link":"https:\/\/www.autonvaraosahaku.fi\/?product=meyle-014-005-0063-jakoketjun-kiristin","title":{"rendered":"MEYLE 014 005 0063 Jakoketjun kiristin"},"content":{"rendered":"<p>Lis\u00e4tarvike\/lis\u00e4tieto: Tiivisteill\u00e4; lis\u00e4tieto: ORIGINAL Quality; MERCEDES-BENZ: C-CLASS W202,190 W201,E-CLASS W210,Stufenheck W124,E-CLASS Kombi S210,KOMBI Kombi S124,E-CLASS W124,G-CLASS W463,VITO Bus 638,G-CLASS W460,S-CLASS W140,E-CLASS Kombi S124,SPRINTER 3-t Kasten 903,SPRINTER 2-t Bus 901, 902,V-CLASS 638\/2,G-CLASS W461,SPRINTER 2-t Kasten 901, 902,SPRINTER 3-t Bus 903,SPRINTER 3-t Pritsche\/Fahrgestell 903,T1 Bus 601,VITO Kasten 638,T1 Pritsche\/Fahrgestell 602,T1 Kasten 602,SPRINTER 4-t Pritsche\/Fahrgestell 904,T1 Pritsche\/Fahrgestell 601,T2\/LN1 Kasten\/Kombi,VARIO Kasten\/Kombi,SPRINTER 2-t Pritsche\/Fahrgestell 901, 902,T1 Kasten 601,VARIO Pritsche\/Fahrgestell,SPRINTER 4-t Kasten 904,T1 Bus 602,T1\/TN Pritsche\/Fahrgestell,G-CLASS Cabrio W463,VARIO Kipper,T1\/TN Kasten\/Kombi,VARIO Bus,T2\/LN1 Kipper,O 100,UNIMOG; 6010500711; Nokkaketjun Kiristin,Kiristyslaite, Jakoketju<\/p>\n","protected":false},"excerpt":{"rendered":"<p>MEYLE Jakoketjun Kiristin 014 005 0063 Nokkaketjun Kiristin,Kiristyslaite, Jakoketju MERCEDES-BENZ,C-CLASS W202,190 W201,E-CLASS W210,Stufenheck W124<\/p>\n","protected":false},"featured_media":0,"template":"","meta":{"site-sidebar-layout":"default","site-content-layout":"default","ast-global-header-display":"","ast-main-header-display":"","ast-hfb-above-header-display":"","ast-hfb-below-header-display":"","ast-hfb-mobile-header-display":"","site-post-title":"","ast-breadcrumbs-content":"","ast-featured-img":"","footer-sml-layout":"","theme-transparent-header-meta":"","adv-header-id-meta":"","stick-header-meta":"","header-above-stick-meta":"","header-main-stick-meta":"","header-below-stick-meta":""},"pwb-brand":[84],"product_cat":[404],"product_tag":[],"class_list":{"0":"post-85203","1":"product","2":"type-product","3":"status-publish","5":"pwb-brand-meyle","6":"product_cat-jakoketjun-kiristin","7":"desktop-align-left","8":"tablet-align-left","9":"mobile-align-left","11":"first","12":"instock","13":"product-type-external"},"brands":[{"id":84,"name":"MEYLE","slug":"meyle"}],"_links":{"self":[{"href":"https:\/\/www.autonvaraosahaku.fi\/index.php?rest_route=\/wp\/v2\/product\/85203","targetHints":{"allow":["GET"]}}],"collection":[{"href":"https:\/\/www.autonvaraosahaku.fi\/index.php?rest_route=\/wp\/v2\/product"}],"about":[{"href":"https:\/\/www.autonvaraosahaku.fi\/index.php?rest_route=\/wp\/v2\/types\/product"}],"wp:attachment":[{"href":"https:\/\/www.autonvaraosahaku.fi\/index.php?rest_route=%2Fwp%2Fv2%2Fmedia&parent=85203"}],"wp:term":[{"taxonomy":"pwb-brand","embeddable":true,"href":"https:\/\/www.autonvaraosahaku.fi\/index.php?rest_route=%2Fwp%2Fv2%2Fpwb-brand&post=85203"},{"taxonomy":"product_cat","embeddable":true,"href":"https:\/\/www.autonvaraosahaku.fi\/index.php?rest_route=%2Fwp%2Fv2%2Fproduct_cat&post=85203"},{"taxonomy":"product_tag","embeddable":true,"href":"https:\/\/www.autonvaraosahaku.fi\/index.php?rest_route=%2Fwp%2Fv2%2Fproduct_tag&post=85203"}],"curies":[{"name":"wp","href":"https:\/\/api.w.org\/{rel}","templated":true}]}}