{"id":85204,"date":"2021-02-21T20:40:30","date_gmt":"2021-02-21T20:40:30","guid":{"rendered":"https:\/\/www.autonvaraosahaku.fi\/?product=trw-db4053-jarrurumpu"},"modified":"2021-02-21T20:40:35","modified_gmt":"2021-02-21T20:40:35","slug":"trw-db4053-jarrurumpu","status":"publish","type":"product","link":"https:\/\/www.autonvaraosahaku.fi\/?product=trw-db4053-jarrurumpu","title":{"rendered":"TRW DB4053 Jarrurumpu"},"content":{"rendered":"<p>J-rumpu ulkoleveys [mm]: 78; keskitt\u00e4misl\u00e4pimitta [mm]: 65; Jarrurummun ulkol\u00e4pim. [mm]: 274; Kierre 1: 15,5; kierre 2: 8,5; Rumpul\u00e4pimitta: 252,0; Suurin mahdollinen rummun sis\u00e4mitta (mm): 253,5; J-rumpu sis\u00e4leveys [mm]: 64; Reikien m\u00e4\u00e4r\u00e4: 5; Reik\u00e4ympyr\u00e4-\u00d8 [mm]: 112; Asennuspuoli: Hinterachse; VW: TRANSPORTER III Bus,TRANSPORTER III Kasten,TRANSPORTER III Pritsche\/Fahrgestell; 251609615<\/p>\n","protected":false},"excerpt":{"rendered":"<p>TRW Jarrurumpu DB4053  VW,TRANSPORTER III Bus,TRANSPORTER III Kasten,TRANSPORTER III Pritsche\/Fahrgestell<\/p>\n","protected":false},"featured_media":0,"template":"","meta":{"site-sidebar-layout":"default","site-content-layout":"default","ast-global-header-display":"","ast-main-header-display":"","ast-hfb-above-header-display":"","ast-hfb-below-header-display":"","ast-hfb-mobile-header-display":"","site-post-title":"","ast-breadcrumbs-content":"","ast-featured-img":"","footer-sml-layout":"","theme-transparent-header-meta":"","adv-header-id-meta":"","stick-header-meta":"","header-above-stick-meta":"","header-main-stick-meta":"","header-below-stick-meta":""},"pwb-brand":[332],"product_cat":[304],"product_tag":[],"class_list":{"0":"post-85204","1":"product","2":"type-product","3":"status-publish","5":"pwb-brand-trw","6":"product_cat-jarrurumpu","7":"desktop-align-left","8":"tablet-align-left","9":"mobile-align-left","11":"first","12":"instock","13":"product-type-external"},"brands":[{"id":332,"name":"TRW","slug":"trw"}],"_links":{"self":[{"href":"https:\/\/www.autonvaraosahaku.fi\/index.php?rest_route=\/wp\/v2\/product\/85204","targetHints":{"allow":["GET"]}}],"collection":[{"href":"https:\/\/www.autonvaraosahaku.fi\/index.php?rest_route=\/wp\/v2\/product"}],"about":[{"href":"https:\/\/www.autonvaraosahaku.fi\/index.php?rest_route=\/wp\/v2\/types\/product"}],"wp:attachment":[{"href":"https:\/\/www.autonvaraosahaku.fi\/index.php?rest_route=%2Fwp%2Fv2%2Fmedia&parent=85204"}],"wp:term":[{"taxonomy":"pwb-brand","embeddable":true,"href":"https:\/\/www.autonvaraosahaku.fi\/index.php?rest_route=%2Fwp%2Fv2%2Fpwb-brand&post=85204"},{"taxonomy":"product_cat","embeddable":true,"href":"https:\/\/www.autonvaraosahaku.fi\/index.php?rest_route=%2Fwp%2Fv2%2Fproduct_cat&post=85204"},{"taxonomy":"product_tag","embeddable":true,"href":"https:\/\/www.autonvaraosahaku.fi\/index.php?rest_route=%2Fwp%2Fv2%2Fproduct_tag&post=85204"}],"curies":[{"name":"wp","href":"https:\/\/api.w.org\/{rel}","templated":true}]}}