{"id":85208,"date":"2021-02-21T20:40:30","date_gmt":"2021-02-21T20:40:30","guid":{"rendered":"https:\/\/www.autonvaraosahaku.fi\/?product=magneti-marelli-152071758747-oljynsuodatin"},"modified":"2021-02-21T20:40:36","modified_gmt":"2021-02-21T20:40:36","slug":"magneti-marelli-152071758747-oljynsuodatin","status":"publish","type":"product","link":"https:\/\/www.autonvaraosahaku.fi\/?product=magneti-marelli-152071758747-oljynsuodatin","title":{"rendered":"MAGNETI MARELLI 152071758747 \u00d6ljynsuodatin"},"content":{"rendered":"<p>Korkeus (mm): 85; Suodatintyyppi: Ruuvattava suodatin; Kierremitta: M 20&#215;1,5; L\u00e4pimitta 1 [mm]: 63; L\u00e4pimitta 2 [mm]: 55; Ulkol\u00e4pimitta [mm]: 69,5; TECDOC-moottorinumero: 24446; OPEL: CORSA B 73_, 78_, 79_,VECTRA B 36_,ASTRA F CC 53_, 54_, 58_, 59_,VECTRA B Caravan 31_,ASTRA F Caravan 51_, 52_,FRONTERA B 6B_,VECTRA B CC 38_,VECTRA A 86_, 87_,ASTRA F 56_, 57_,CORSA A CC 93_, 94_, 98_, 99_,VECTRA A CC 88_, 89_,COMBO Kasten\/Kombi X12,COMBO 71_,COMBO Tour X12,CORSA A TR 91_, 92_, 96_, 97_,CORSA B Kasten 73_,CORSA B Kombi F35,MONTEREY B,ASTRA F Van 55_,CORSA A Kasten; FIAT: PUNTO 188,500 312,FIORINO Kasten\/Kombi 225,PALIO 178BX; PEUGEOT: 4007 GP_,4008; HYUNDAI: i10 PA,i20 PB, PBT,ATOS MX,i10 IA,i20 GB,i20 Coupe,i10 Stufenheck; CITRO\u00cbN: C-CROSSER EP_,C4 AIRCROSS,C-CROSSER ENTERPRISE; NISSAN: PATHFINDER R51,PATROL III Y62; MAZDA: FAMILIA V BA,626 IV Hatchback GE,MX-3 EC,B-SERIE UN,XEDOS 6 CA,XEDOS 9 TA,MX-6 GE,E-SERIE Kasten SR2,626 II GC,626 II Hatchback GC,929 III HC,B-SERIE UF,MPV I LV,RX 7 III FD,RX 7 II Cabriolet,626 I CB,626 II Coupe GC,B-SERIE PE,B-SERIE UD; KIA: SORENTO I JC,CARNIVAL II GQ,CARNIVAL I UP,PRIDE Van DA; HONDA: CIVIC VIII Hatchback FN, FK,JAZZ II GD,CR-V III RE,CIVIC VII Hatchback EU, EP, EV,JAZZ III GE,CR-V II RD_,ACCORD VII CL,CIVIC VI Hatchback EJ, EK,FR-V BE,CR-V IV RE,ACCORD VIII CU,ACCORD VII Tourer CM,ACCORD VI CG, CK,CIVIC IX FK,ACCORD VIII Kombi,CIVIC VI Fastback MA, MB,CIVIC VI Aerodeck MB, MC,STREAM RN,HR-V GH,ACCORD VI Hatchback CH,CIVIC VIII Stufenheck FD, FA,JAZZ Stufenheck,INSIGHT ZE_,S2000 AP,CR-Z ZF1,CIVIC VI Coupe EJ, EM1,SHUTTLE RA,CIVIC VII Stufenheck ES,ACCORD IV CB,CIVIC V Stufenheck EG, EH,CIVIC IX Stufenheck FB, FG,CONCERTO HW,LEGEND IV KB_,CIVIC IV Stufenheck ED,ACCORD III Aerodeck CA,ACCORD VII CM,INTEGRA DC5,CIVIC IX Tourer FK,CIVIC II Shuttle EE,ODYSSEY RA_,CITY Stufenheck GM,CITY Stufenheck GD8\/GD9,PILOT YF3 YF4,HR-V RU,INTEGRA DA,CIVIC X Schr\u00e4gheck FC_, FK,ACTY TN,JAZZ IV GK,CIVIC X Stufenheck FC_,ACCORD IX Stufenheck,CITY Stufenheck GM6,CROSSTOUR; VOLVO: V40 Kombi VW; VFF77EX, X119, X146, X156, X577, X88, 1109AE, 1109CG, 1535505, 1699522, 3396825, 3803268, 9S516731AA, AS516731AA, KL0714302B, 04154PR3E00, 15200PH1004, 15220PH1014, 15400611003, 15400679003, 15400679004, 15400679013, 15400679023, 15400MJ0003, 15400PC6003, 15400PC6004, 15400PH1003, 15400PH1004, 15400PH1014, 15400PH1F01, 15400PH1F02, 15400PH1F03, 15400PH9004, 15400PK1003, 15400PLC004, 15400PLMA01, 15400PLMA02, 15400PMET01, 15400PR3003, 15400PR3004, 15400RAFT01, 15400RBAF01, 15400RBDE01, 15400RTA003, 15400RTA004, 2630002750, 2630002751, OJE1514302, S2630002500, S2630002501, S2630002502, S2630002503, 8943687270, 8944128150, 0JE1514302, OJE1514302, G6Y014302A, JE1514302, JEY014302, JEY0143029A, JEY014302A, JEYO14302, RFY0143029A, 0001802810, 1802810, A0001802810, 1230A105, 1230A182, 30A4000100, 30A4000103, MD05281090, MD135737, MD320276, MD321589, MD325714, MD352627, MD360935, MR984204, MZ690070, MZ690072, MZ690115, MZ690116, 0649013, 5650301, 649007, 649012, 649013, 649014, 649020, 65013&#8230;<\/p>\n","protected":false},"excerpt":{"rendered":"<p>MAGNETI MARELLI \u00d6ljynsuodatin 152071758747  OPEL,FIAT,PEUGEOT,CORSA B 73_, 78_, 79_,VECTRA B 36_,ASTRA F CC 53_, 54_, 58_, 59_,VECTRA B Caravan 31_<\/p>\n","protected":false},"featured_media":0,"template":"","meta":{"site-sidebar-layout":"default","site-content-layout":"default","ast-global-header-display":"","ast-main-header-display":"","ast-hfb-above-header-display":"","ast-hfb-below-header-display":"","ast-hfb-mobile-header-display":"","site-post-title":"","ast-breadcrumbs-content":"","ast-featured-img":"","footer-sml-layout":"","theme-transparent-header-meta":"","adv-header-id-meta":"","stick-header-meta":"","header-above-stick-meta":"","header-main-stick-meta":"","header-below-stick-meta":""},"pwb-brand":[34],"product_cat":[30],"product_tag":[],"class_list":{"0":"post-85208","1":"product","2":"type-product","3":"status-publish","5":"pwb-brand-magneti-marelli","6":"product_cat-oljynsuodatin","7":"desktop-align-left","8":"tablet-align-left","9":"mobile-align-left","11":"first","12":"instock","13":"product-type-external"},"brands":[{"id":34,"name":"MAGNETI MARELLI","slug":"magneti-marelli"}],"_links":{"self":[{"href":"https:\/\/www.autonvaraosahaku.fi\/index.php?rest_route=\/wp\/v2\/product\/85208","targetHints":{"allow":["GET"]}}],"collection":[{"href":"https:\/\/www.autonvaraosahaku.fi\/index.php?rest_route=\/wp\/v2\/product"}],"about":[{"href":"https:\/\/www.autonvaraosahaku.fi\/index.php?rest_route=\/wp\/v2\/types\/product"}],"wp:attachment":[{"href":"https:\/\/www.autonvaraosahaku.fi\/index.php?rest_route=%2Fwp%2Fv2%2Fmedia&parent=85208"}],"wp:term":[{"taxonomy":"pwb-brand","embeddable":true,"href":"https:\/\/www.autonvaraosahaku.fi\/index.php?rest_route=%2Fwp%2Fv2%2Fpwb-brand&post=85208"},{"taxonomy":"product_cat","embeddable":true,"href":"https:\/\/www.autonvaraosahaku.fi\/index.php?rest_route=%2Fwp%2Fv2%2Fproduct_cat&post=85208"},{"taxonomy":"product_tag","embeddable":true,"href":"https:\/\/www.autonvaraosahaku.fi\/index.php?rest_route=%2Fwp%2Fv2%2Fproduct_tag&post=85208"}],"curies":[{"name":"wp","href":"https:\/\/api.w.org\/{rel}","templated":true}]}}